{"id":45,"date":"2020-06-10T15:41:56","date_gmt":"2020-06-10T18:41:56","guid":{"rendered":"https:\/\/wp.ufpel.edu.br\/lacico\/?page_id=45"},"modified":"2023-08-12T11:51:17","modified_gmt":"2023-08-12T14:51:17","slug":"filogenia-e-comportamento","status":"publish","type":"page","link":"https:\/\/wp.ufpel.edu.br\/lacico\/linhas-de-estudo\/filogenia-e-comportamento\/","title":{"rendered":"Filogenia e Comportamento"},"content":{"rendered":"<p>Essa linha de estudo do grupo visa realizar estudos focados na avalia\u00e7\u00e3o-interven\u00e7\u00e3o do comportamento humano e n\u00e3o humano, relacionados aos aspectos da filogenia, por meio de m\u00e9todos neurocient\u00edficos psicof\u00edsicos e neuropsicol\u00f3gicos com o intuito de investigar o funcionamento dos organismos.<\/p>\n","protected":false},"excerpt":{"rendered":"<p>Essa linha de estudo do grupo visa realizar estudos focados na avalia\u00e7\u00e3o-interven\u00e7\u00e3o do comportamento humano e n\u00e3o humano, relacionados aos aspectos da filogenia, por meio de m\u00e9todos neurocient\u00edficos psicof\u00edsicos e neuropsicol\u00f3gicos com o intuito de investigar o funcionamento dos organismos.<\/p>\n","protected":false},"author":1017,"featured_media":0,"parent":26,"menu_order":4,"comment_status":"closed","ping_status":"closed","template":"","meta":{"footnotes":""},"class_list":["post-45","page","type-page","status-publish","hentry"],"_links":{"self":[{"href":"https:\/\/wp.ufpel.edu.br\/lacico\/wp-json\/wp\/v2\/pages\/45","targetHints":{"allow":["GET"]}}],"collection":[{"href":"https:\/\/wp.ufpel.edu.br\/lacico\/wp-json\/wp\/v2\/pages"}],"about":[{"href":"https:\/\/wp.ufpel.edu.br\/lacico\/wp-json\/wp\/v2\/types\/page"}],"author":[{"embeddable":true,"href":"https:\/\/wp.ufpel.edu.br\/lacico\/wp-json\/wp\/v2\/users\/1017"}],"replies":[{"embeddable":true,"href":"https:\/\/wp.ufpel.edu.br\/lacico\/wp-json\/wp\/v2\/comments?post=45"}],"version-history":[{"count":4,"href":"https:\/\/wp.ufpel.edu.br\/lacico\/wp-json\/wp\/v2\/pages\/45\/revisions"}],"predecessor-version":[{"id":391,"href":"https:\/\/wp.ufpel.edu.br\/lacico\/wp-json\/wp\/v2\/pages\/45\/revisions\/391"}],"up":[{"embeddable":true,"href":"https:\/\/wp.ufpel.edu.br\/lacico\/wp-json\/wp\/v2\/pages\/26"}],"wp:attachment":[{"href":"https:\/\/wp.ufpel.edu.br\/lacico\/wp-json\/wp\/v2\/media?parent=45"}],"curies":[{"name":"wp","href":"https:\/\/api.w.org\/{rel}","templated":true}]}}