{"id":32,"date":"2020-06-10T15:33:02","date_gmt":"2020-06-10T18:33:02","guid":{"rendered":"https:\/\/wp.ufpel.edu.br\/lacico\/?page_id=32"},"modified":"2020-06-11T15:23:20","modified_gmt":"2020-06-11T18:23:20","slug":"atividades-desenvolvidas","status":"publish","type":"page","link":"https:\/\/wp.ufpel.edu.br\/lacico\/atividades-desenvolvidas\/","title":{"rendered":"Atividades Desenvolvidas"},"content":{"rendered":"<p style=\"text-align: justify\"><img class=\"wp-image-221 alignleft\" src=\"https:\/\/wp.ufpel.edu.br\/lacico\/files\/2020\/06\/Atividades-desenvolvidas-400x250.png\" alt=\"\" width=\"189\" height=\"118\" srcset=\"https:\/\/wp.ufpel.edu.br\/lacico\/files\/2020\/06\/Atividades-desenvolvidas-400x250.png 400w, https:\/\/wp.ufpel.edu.br\/lacico\/files\/2020\/06\/Atividades-desenvolvidas-768x480.png 768w, https:\/\/wp.ufpel.edu.br\/lacico\/files\/2020\/06\/Atividades-desenvolvidas.png 800w\" sizes=\"(max-width: 189px) 100vw, 189px\" \/><\/p>\n<p style=\"text-align: justify\">O grupo oferece atividades complementares de <a href=\"https:\/\/wp.ufpel.edu.br\/lacico\/atividades-desenvolvidas\/ensino\/\">ensino<\/a>, <a href=\"https:\/\/wp.ufpel.edu.br\/lacico\/atividades-desenvolvidas\/pesquisa\/\">pesquisa<\/a> e <a href=\"https:\/\/wp.ufpel.edu.br\/lacico\/atividades-desenvolvidas\/extensao\/\">extens\u00e3o<\/a>, que est\u00e3o relacionadas direta ou indiretamente \u00e0s atividades curriculares obrigat\u00f3rias e optativas do curso de Psicologia que se referem a An\u00e1lise do Comportamento. Al\u00e9m do desenvolvimento dos projetos de atividades complementares, os alunos podem realizar suas pesquisas para elabora\u00e7\u00e3o de Trabalhos de Conclus\u00e3o de Curso em alguma das <a href=\"https:\/\/wp.ufpel.edu.br\/lacico\/linhas-de-estudo\/\">linhas de estudo do grupo<\/a> ou realizar suas pr\u00e1ticas de <a href=\"https:\/\/wp.ufpel.edu.br\/lacico\/atividades-desenvolvidas\/estagios\/\">est\u00e1gio<\/a> em Psicologia Cl\u00ednica Anal\u00edtico-Comportamental.<\/p>\n","protected":false},"excerpt":{"rendered":"<p>O grupo oferece atividades complementares de ensino, pesquisa e extens\u00e3o, que est\u00e3o relacionadas direta ou indiretamente \u00e0s atividades curriculares obrigat\u00f3rias e optativas do curso de Psicologia que se referem a An\u00e1lise do Comportamento. Al\u00e9m do desenvolvimento dos projetos de atividades complementares, os alunos podem realizar suas pesquisas para elabora\u00e7\u00e3o de Trabalhos de Conclus\u00e3o de Curso [&hellip;]<\/p>\n","protected":false},"author":1017,"featured_media":0,"parent":0,"menu_order":7,"comment_status":"closed","ping_status":"closed","template":"","meta":{"footnotes":""},"class_list":["post-32","page","type-page","status-publish","hentry"],"_links":{"self":[{"href":"https:\/\/wp.ufpel.edu.br\/lacico\/wp-json\/wp\/v2\/pages\/32","targetHints":{"allow":["GET"]}}],"collection":[{"href":"https:\/\/wp.ufpel.edu.br\/lacico\/wp-json\/wp\/v2\/pages"}],"about":[{"href":"https:\/\/wp.ufpel.edu.br\/lacico\/wp-json\/wp\/v2\/types\/page"}],"author":[{"embeddable":true,"href":"https:\/\/wp.ufpel.edu.br\/lacico\/wp-json\/wp\/v2\/users\/1017"}],"replies":[{"embeddable":true,"href":"https:\/\/wp.ufpel.edu.br\/lacico\/wp-json\/wp\/v2\/comments?post=32"}],"version-history":[{"count":6,"href":"https:\/\/wp.ufpel.edu.br\/lacico\/wp-json\/wp\/v2\/pages\/32\/revisions"}],"predecessor-version":[{"id":226,"href":"https:\/\/wp.ufpel.edu.br\/lacico\/wp-json\/wp\/v2\/pages\/32\/revisions\/226"}],"wp:attachment":[{"href":"https:\/\/wp.ufpel.edu.br\/lacico\/wp-json\/wp\/v2\/media?parent=32"}],"curies":[{"name":"wp","href":"https:\/\/api.w.org\/{rel}","templated":true}]}}