{"id":26,"date":"2020-06-10T15:27:54","date_gmt":"2020-06-10T18:27:54","guid":{"rendered":"https:\/\/wp.ufpel.edu.br\/lacico\/?page_id=26"},"modified":"2020-06-11T15:04:01","modified_gmt":"2020-06-11T18:04:01","slug":"linhas-de-estudo","status":"publish","type":"page","link":"https:\/\/wp.ufpel.edu.br\/lacico\/linhas-de-estudo\/","title":{"rendered":"Linhas de Estudo"},"content":{"rendered":"<p><img class=\"size-full wp-image-177 alignleft\" src=\"https:\/\/wp.ufpel.edu.br\/lacico\/files\/2020\/06\/20110727014324_farias_analise_comportamental_clinica.gif\" alt=\"\" width=\"300\" height=\"205\" \/><\/p>\n<p>&nbsp;<\/p>\n<p>Os estudos do grupo se subdividem em tr\u00eas linhas principais, correspondentes aos tr\u00eas n\u00edveis de sele\u00e7\u00e3o dos comportamentos dos organismos, segundo o Behaviorismo Radical:<\/p>\n<ul>\n<li><a href=\"https:\/\/wp.ufpel.edu.br\/lacico\/linhas-de-estudo\/filogenia-e-comportamento\/\">Filogenia e Comportamento<\/a><\/li>\n<li><a href=\"https:\/\/wp.ufpel.edu.br\/lacico\/linhas-de-estudo\/ontogenia-e-comportamento\/\">Ontogenia e Comportamento<\/a><\/li>\n<li><a href=\"https:\/\/wp.ufpel.edu.br\/lacico\/linhas-de-estudo\/cultura-e-comportamento\/\">Cultura e Comportamento<\/a><\/li>\n<\/ul>\n","protected":false},"excerpt":{"rendered":"<p>&nbsp; Os estudos do grupo se subdividem em tr\u00eas linhas principais, correspondentes aos tr\u00eas n\u00edveis de sele\u00e7\u00e3o dos comportamentos dos organismos, segundo o Behaviorismo Radical: Filogenia e Comportamento Ontogenia e Comportamento Cultura e Comportamento<\/p>\n","protected":false},"author":1017,"featured_media":0,"parent":0,"menu_order":3,"comment_status":"closed","ping_status":"closed","template":"","meta":{"footnotes":""},"class_list":["post-26","page","type-page","status-publish","hentry"],"_links":{"self":[{"href":"https:\/\/wp.ufpel.edu.br\/lacico\/wp-json\/wp\/v2\/pages\/26","targetHints":{"allow":["GET"]}}],"collection":[{"href":"https:\/\/wp.ufpel.edu.br\/lacico\/wp-json\/wp\/v2\/pages"}],"about":[{"href":"https:\/\/wp.ufpel.edu.br\/lacico\/wp-json\/wp\/v2\/types\/page"}],"author":[{"embeddable":true,"href":"https:\/\/wp.ufpel.edu.br\/lacico\/wp-json\/wp\/v2\/users\/1017"}],"replies":[{"embeddable":true,"href":"https:\/\/wp.ufpel.edu.br\/lacico\/wp-json\/wp\/v2\/comments?post=26"}],"version-history":[{"count":11,"href":"https:\/\/wp.ufpel.edu.br\/lacico\/wp-json\/wp\/v2\/pages\/26\/revisions"}],"predecessor-version":[{"id":219,"href":"https:\/\/wp.ufpel.edu.br\/lacico\/wp-json\/wp\/v2\/pages\/26\/revisions\/219"}],"wp:attachment":[{"href":"https:\/\/wp.ufpel.edu.br\/lacico\/wp-json\/wp\/v2\/media?parent=26"}],"curies":[{"name":"wp","href":"https:\/\/api.w.org\/{rel}","templated":true}]}}