{"id":135,"date":"2020-06-11T09:57:47","date_gmt":"2020-06-11T12:57:47","guid":{"rendered":"https:\/\/wp.ufpel.edu.br\/lacico\/?page_id=135"},"modified":"2023-12-01T16:49:43","modified_gmt":"2023-12-01T19:49:43","slug":"eventos","status":"publish","type":"page","link":"https:\/\/wp.ufpel.edu.br\/lacico\/eventos\/","title":{"rendered":"Eventos"},"content":{"rendered":"<p>&nbsp;<\/p>\n<table style=\"border-collapse: collapse; width: 100%; height: 1651px;\" border=\"1\">\n<tbody>\n<tr style=\"height: 417px;\">\n<td style=\"width: 31.7362%; height: 10px;\"><img class=\"wp-image-242 aligncenter\" src=\"https:\/\/wp.ufpel.edu.br\/lacico\/files\/2020\/06\/IMG_4820-400x303.jpg\" alt=\"Primeira Reuni\u00e3o do Grupo de Estudos InterA\u00e7\u00e3o na UFPel - 2017\" width=\"235\" height=\"178\" srcset=\"https:\/\/wp.ufpel.edu.br\/lacico\/files\/2020\/06\/IMG_4820-400x303.jpg 400w, https:\/\/wp.ufpel.edu.br\/lacico\/files\/2020\/06\/IMG_4820-1024x775.jpg 1024w, https:\/\/wp.ufpel.edu.br\/lacico\/files\/2020\/06\/IMG_4820-768x581.jpg 768w, https:\/\/wp.ufpel.edu.br\/lacico\/files\/2020\/06\/IMG_4820.jpg 1321w\" sizes=\"(max-width: 235px) 100vw, 235px\" \/><\/p>\n<p style=\"text-align: center;\"><span style=\"font-size: 8pt;\"><em style=\"color: #008000; text-align: justify; font-family: inherit;\"><strong>Primeira Reuni\u00e3o do Grupo de Estudos InterA\u00e7\u00e3o na UFPel &#8211; 2017<\/strong><\/em><\/span><\/p>\n<\/td>\n<td style=\"width: 32.713%; height: 10px;\">\n<p style=\"text-align: center;\"><img class=\"wp-image-244 aligncenter\" src=\"https:\/\/wp.ufpel.edu.br\/lacico\/files\/2020\/06\/IMG_4821-400x225.jpg\" alt=\"Primeiro Grupo de Estagi\u00e1rios do SEP em Terapias Cognitivas e Comportamentais - 2017\" width=\"340\" height=\"191\" srcset=\"https:\/\/wp.ufpel.edu.br\/lacico\/files\/2020\/06\/IMG_4821-400x225.jpg 400w, https:\/\/wp.ufpel.edu.br\/lacico\/files\/2020\/06\/IMG_4821-1024x576.jpg 1024w, https:\/\/wp.ufpel.edu.br\/lacico\/files\/2020\/06\/IMG_4821-768x432.jpg 768w, https:\/\/wp.ufpel.edu.br\/lacico\/files\/2020\/06\/IMG_4821.jpg 1080w\" sizes=\"(max-width: 340px) 100vw, 340px\" \/><span style=\"color: #008000; font-size: 8pt;\"><strong><em>Primeiro Grupo de Estagi\u00e1rios do SEP em Terapias Cognitivas e Comportamentais &#8211; 2017<\/em><\/strong><\/span><\/p>\n<\/td>\n<td style=\"width: 35.5507%; height: 10px;\">\n<p><div id=\"attachment_245\" style=\"width: 238px\" class=\"wp-caption aligncenter\"><img aria-describedby=\"caption-attachment-245\" class=\" wp-image-245\" src=\"https:\/\/wp.ufpel.edu.br\/lacico\/files\/2020\/06\/IMG_E4832-400x318.jpg\" alt=\"Segundo Grupo de Estagi\u00e1rios do SEP em Terapias Cognitivas e Comportamentais - 2018\" width=\"228\" height=\"182\" srcset=\"https:\/\/wp.ufpel.edu.br\/lacico\/files\/2020\/06\/IMG_E4832-400x318.jpg 400w, https:\/\/wp.ufpel.edu.br\/lacico\/files\/2020\/06\/IMG_E4832-1024x814.jpg 1024w, https:\/\/wp.ufpel.edu.br\/lacico\/files\/2020\/06\/IMG_E4832-768x611.jpg 768w, https:\/\/wp.ufpel.edu.br\/lacico\/files\/2020\/06\/IMG_E4832.jpg 1080w\" sizes=\"(max-width: 228px) 100vw, 228px\" \/><p id=\"caption-attachment-245\" class=\"wp-caption-text\"><span style=\"color: #008000; font-size: 8pt;\"><em><strong>Segundo Grupo de Estagi\u00e1rios do SEP em Terapias Cognitivas e Comportamentais &#8211; 2018<\/strong><\/em><\/span><\/p><\/div><\/td>\n<\/tr>\n<tr style=\"height: 411px;\">\n<td style=\"width: 31.7362%; height: 133px;\">\n<p><div id=\"attachment_246\" style=\"width: 243px\" class=\"wp-caption aligncenter\"><img aria-describedby=\"caption-attachment-246\" class=\" wp-image-246\" src=\"https:\/\/wp.ufpel.edu.br\/lacico\/files\/2020\/06\/IMG_E4812-400x339.jpg\" alt=\"Primeiro Grupo de Estagi\u00e1rias do SEP em Terapias Comportamentais - 2019\" width=\"233\" height=\"198\" srcset=\"https:\/\/wp.ufpel.edu.br\/lacico\/files\/2020\/06\/IMG_E4812-400x339.jpg 400w, https:\/\/wp.ufpel.edu.br\/lacico\/files\/2020\/06\/IMG_E4812.jpg 720w\" sizes=\"(max-width: 233px) 100vw, 233px\" \/><p id=\"caption-attachment-246\" class=\"wp-caption-text\"><span style=\"color: #008000; font-size: 8pt;\"><em><strong>Primeiro Grupo de Estagi\u00e1rias do SEP em Terapias Comportamentais &#8211; 2019<\/strong><\/em><\/span><\/p><\/div><\/td>\n<td style=\"width: 32.713%; height: 133px;\">\n<p><div id=\"attachment_247\" style=\"width: 264px\" class=\"wp-caption aligncenter\"><img aria-describedby=\"caption-attachment-247\" class=\" wp-image-247\" src=\"https:\/\/wp.ufpel.edu.br\/lacico\/files\/2020\/06\/IMG_4816-400x267.jpg\" alt=\"Confraterniza\u00e7\u00e3o de fim de semestre do LACICO - 2018\" width=\"254\" height=\"169\" srcset=\"https:\/\/wp.ufpel.edu.br\/lacico\/files\/2020\/06\/IMG_4816-400x267.jpg 400w, https:\/\/wp.ufpel.edu.br\/lacico\/files\/2020\/06\/IMG_4816-1024x682.jpg 1024w, https:\/\/wp.ufpel.edu.br\/lacico\/files\/2020\/06\/IMG_4816-768x512.jpg 768w, https:\/\/wp.ufpel.edu.br\/lacico\/files\/2020\/06\/IMG_4816.jpg 1040w\" sizes=\"(max-width: 254px) 100vw, 254px\" \/><p id=\"caption-attachment-247\" class=\"wp-caption-text\"><span style=\"color: #008000;\"><em><strong><span style=\"font-size: 8pt;\">Confraterniza\u00e7\u00e3o de fim de semestre do LACICO &#8211; 2018<\/span><\/strong><\/em><\/span><\/p><\/div><\/td>\n<td style=\"width: 35.5507%; height: 133px;\">\n<p><div id=\"attachment_249\" style=\"width: 269px\" class=\"wp-caption aligncenter\"><img aria-describedby=\"caption-attachment-249\" class=\" wp-image-249\" src=\"https:\/\/wp.ufpel.edu.br\/lacico\/files\/2020\/06\/IMG_4810-400x300.jpg\" alt=\"III Jornada de An\u00e1lise do Comportamento do Rio Grande do Sul, Rio Grande-RS, 2019\" width=\"259\" height=\"194\" srcset=\"https:\/\/wp.ufpel.edu.br\/lacico\/files\/2020\/06\/IMG_4810-400x300.jpg 400w, https:\/\/wp.ufpel.edu.br\/lacico\/files\/2020\/06\/IMG_4810-1024x768.jpg 1024w, https:\/\/wp.ufpel.edu.br\/lacico\/files\/2020\/06\/IMG_4810-768x576.jpg 768w, https:\/\/wp.ufpel.edu.br\/lacico\/files\/2020\/06\/IMG_4810.jpg 1080w\" sizes=\"(max-width: 259px) 100vw, 259px\" \/><p id=\"caption-attachment-249\" class=\"wp-caption-text\"><span style=\"color: #008000; font-size: 8pt;\"><em><strong>LACICO na III JAC\/RS: Prof. Jandilson com estudantes do Curso de Psicologia UFPel &#8211; 2019<\/strong><\/em><\/span><\/p><\/div><\/td>\n<\/tr>\n<tr style=\"height: 373px;\">\n<td style=\"width: 31.7362%; height: 332px; text-align: center;\"><img class=\"wp-image-261 aligncenter\" style=\"text-align: justify;\" src=\"https:\/\/wp.ufpel.edu.br\/lacico\/files\/2020\/06\/IMG_E4826-400x309.jpg\" alt=\"Prof. Jandilson Silva em Mesa redonda sobre Comportamento e Cultura na III Jornada de An\u00e1lise do Comportamento do RS em Rio Grande\/RS com Gibson Weydmann (UFRGS), Jo\u00e3o Mar\u00e7al (IBAC), Jonatas Passos (UFRGS) e Paulo Gomes (FURG) - 2019\" width=\"247\" height=\"191\" srcset=\"https:\/\/wp.ufpel.edu.br\/lacico\/files\/2020\/06\/IMG_E4826-400x309.jpg 400w, https:\/\/wp.ufpel.edu.br\/lacico\/files\/2020\/06\/IMG_E4826-768x593.jpg 768w, https:\/\/wp.ufpel.edu.br\/lacico\/files\/2020\/06\/IMG_E4826.jpg 791w\" sizes=\"(max-width: 247px) 100vw, 247px\" \/><span style=\"font-size: 8pt;\"><em style=\"color: #008000; text-align: justify;\"><strong>Prof. Jandilson Silva em Mesa redonda sobre Comportamento e Cultura na III Jornada de An\u00e1lise do Comportamento do RS em Rio Grande\/RS com Gibson Weydmann (UFRGS), Jo\u00e3o Mar\u00e7al (IBAC), Jonatas Passos (UFRGS) e Paulo Gomes (FURG) &#8211; 2019<\/strong><\/em><\/span><\/td>\n<td style=\"width: 32.713%; height: 332px;\">\n<p><div id=\"attachment_260\" style=\"width: 278px\" class=\"wp-caption aligncenter\"><img aria-describedby=\"caption-attachment-260\" class=\" wp-image-260\" src=\"https:\/\/wp.ufpel.edu.br\/lacico\/files\/2020\/06\/IMG_4817-400x308.jpg\" alt=\"Prof. Jandilson Silva em Mesa redonda sobre o Ensino de An\u00e1lise do Comportamento no RS na II Jornada de An\u00e1lise do Comportamento do RS em Porto Alegre\/RS, com Vinicius Ferreira, Igor Londeiro, Jana\u00edna Pacheco, Jonatas Passos, Paulo Gomes, Cl\u00f3vis Amorin e Marcela Ortolan - 2018\" width=\"268\" height=\"206\" srcset=\"https:\/\/wp.ufpel.edu.br\/lacico\/files\/2020\/06\/IMG_4817-400x308.jpg 400w, https:\/\/wp.ufpel.edu.br\/lacico\/files\/2020\/06\/IMG_4817-768x591.jpg 768w, https:\/\/wp.ufpel.edu.br\/lacico\/files\/2020\/06\/IMG_4817.jpg 800w\" sizes=\"(max-width: 268px) 100vw, 268px\" \/><p id=\"caption-attachment-260\" class=\"wp-caption-text\"><span style=\"color: #008000; font-size: 8pt;\"><em><strong>Prof. Jandilson Silva em Mesa redonda sobre o Ensino de An\u00e1lise do Comportamento no RS na II Jornada de An\u00e1lise do Comportamento do RS em Porto Alegre\/RS, com Vinicius Ferreira, Igor Londeiro, Jana\u00edna Pacheco, Jonatas Passos, Paulo Gomes, Cl\u00f3vis Amorin e Marcela Ortolan &#8211; 2018<\/strong><\/em><\/span><\/p><\/div><\/td>\n<td style=\"width: 35.5507%; height: 332px;\">\n<p style=\"text-align: center;\"><img class=\"wp-image-262 aligncenter\" src=\"https:\/\/wp.ufpel.edu.br\/lacico\/files\/2020\/06\/IMG_E4787-400x336.jpg\" alt=\"Prof. Jandilson Silva em Mesa redonda da V Reuni\u00e3o Anual do Instituto Brasileiro de Neuropsicologia e Comportamento (IBNeC) com as Professoras Nilse Chiapetti (UFPR) e Marta H\u00fcbner (USP) - 2014\" width=\"261\" height=\"219\" srcset=\"https:\/\/wp.ufpel.edu.br\/lacico\/files\/2020\/06\/IMG_E4787-400x336.jpg 400w, https:\/\/wp.ufpel.edu.br\/lacico\/files\/2020\/06\/IMG_E4787-1024x859.jpg 1024w, https:\/\/wp.ufpel.edu.br\/lacico\/files\/2020\/06\/IMG_E4787-768x645.jpg 768w, https:\/\/wp.ufpel.edu.br\/lacico\/files\/2020\/06\/IMG_E4787.jpg 1195w\" sizes=\"(max-width: 261px) 100vw, 261px\" \/><span style=\"font-size: 8pt;\"><em><strong><span style=\"color: #008000;\">Prof. Jandilson Silva em Mesa redonda da V Reuni\u00e3o Anual do Instituto Brasileiro de Neuropsicologia e Comportamento (IBNeC) com as Professoras Nilse Chiapetti (UFPR) e Marta H\u00fcbner (USP) &#8211; 2014<\/span><\/strong><\/em><\/span><\/p>\n<\/td>\n<\/tr>\n<tr style=\"height: 401px;\">\n<td style=\"width: 31.7362%; height: 325px;\">\n<p><div id=\"attachment_264\" style=\"width: 259px\" class=\"wp-caption aligncenter\"><img aria-describedby=\"caption-attachment-264\" class=\" wp-image-264\" src=\"https:\/\/wp.ufpel.edu.br\/lacico\/files\/2020\/06\/IMG_E4823-400x256.jpg\" alt=\"Primeira defesa de Trabalho de Conclus\u00e3o de Curso do LACICO: Aluna Franciele Ely das Neves; Avalia\u00e7\u00e3o do Prof. Tiago Neuenfeld Munhoz - 2017\" width=\"249\" height=\"159\" srcset=\"https:\/\/wp.ufpel.edu.br\/lacico\/files\/2020\/06\/IMG_E4823-400x256.jpg 400w, https:\/\/wp.ufpel.edu.br\/lacico\/files\/2020\/06\/IMG_E4823-768x492.jpg 768w, https:\/\/wp.ufpel.edu.br\/lacico\/files\/2020\/06\/IMG_E4823.jpg 911w\" sizes=\"(max-width: 249px) 100vw, 249px\" \/><p id=\"caption-attachment-264\" class=\"wp-caption-text\"><span style=\"color: #008000; font-size: 8pt;\"><em><strong>Primeira defesa de Trabalho de Conclus\u00e3o de Curso do LACICO: Aluna Franciele Ely das Neves; Avalia\u00e7\u00e3o do Prof. Tiago Neuenfeld Munhoz &#8211; 2017<\/strong><\/em><\/span><\/p><\/div><\/td>\n<td style=\"width: 32.713%; height: 325px;\">\n<div class=\"mceTemp\" style=\"text-align: justify;\"><\/div>\n<p style=\"text-align: center;\"><img class=\"size-medium wp-image-265 aligncenter\" src=\"https:\/\/wp.ufpel.edu.br\/lacico\/files\/2020\/06\/IMG_4818-400x232.jpg\" alt=\"Prof. Jandilson Silva realizando palestra no evento da Psicon (Empresa Junior de Psicologia): &quot;O que fazer na cl\u00ednica? - Orienta\u00e7\u00f5es para a linha\/abordagem terap\u00eautica&quot; sobre Terapia Anal\u00edtico Funcional\/FAP - 2017\" width=\"400\" height=\"232\" srcset=\"https:\/\/wp.ufpel.edu.br\/lacico\/files\/2020\/06\/IMG_4818-400x232.jpg 400w, https:\/\/wp.ufpel.edu.br\/lacico\/files\/2020\/06\/IMG_4818-1024x594.jpg 1024w, https:\/\/wp.ufpel.edu.br\/lacico\/files\/2020\/06\/IMG_4818-768x445.jpg 768w, https:\/\/wp.ufpel.edu.br\/lacico\/files\/2020\/06\/IMG_4818-1536x891.jpg 1536w, https:\/\/wp.ufpel.edu.br\/lacico\/files\/2020\/06\/IMG_4818.jpg 1893w\" sizes=\"(max-width: 400px) 100vw, 400px\" \/><span style=\"color: #008000; font-size: 8pt;\"><em><strong>Prof. Jandilson Silva realizando palestra no evento da Psicon (Empresa Junior de Psicologia): &#8220;O que fazer na cl\u00ednica? &#8211; Orienta\u00e7\u00f5es para a linha\/abordagem terap\u00eautica&#8221; sobre Terapia Anal\u00edtico Funcional\/FAP &#8211; 2017<\/strong><\/em><\/span><\/p>\n<\/td>\n<td style=\"width: 35.5507%; height: 325px;\">\n<p style=\"text-align: center;\"><img class=\"wp-image-266 aligncenter\" src=\"https:\/\/wp.ufpel.edu.br\/lacico\/files\/2020\/06\/IMG_E4829-379x400.jpg\" alt=\"Prof. Jandilson Silva realizando palestra no IV Congresso sobre Sa\u00fade Mental e Depend\u00eancia Qu\u00edmica da UFPB (O treino em habilidades sociais como preventor em sa\u00fade mental) - 2017\" width=\"206\" height=\"218\" srcset=\"https:\/\/wp.ufpel.edu.br\/lacico\/files\/2020\/06\/IMG_E4829-379x400.jpg 379w, https:\/\/wp.ufpel.edu.br\/lacico\/files\/2020\/06\/IMG_E4829-768x811.jpg 768w, https:\/\/wp.ufpel.edu.br\/lacico\/files\/2020\/06\/IMG_E4829.jpg 900w\" sizes=\"(max-width: 206px) 100vw, 206px\" \/><span style=\"color: #008000; font-size: 8pt;\"><strong><em>Prof. Jandilson Silva realizando palestra no IV Congresso sobre Sa\u00fade Mental e Depend\u00eancia Qu\u00edmica da UFPB (O treino em habilidades sociais como preventor em sa\u00fade mental) &#8211; 2017<\/em><\/strong><\/span><\/p>\n<\/td>\n<\/tr>\n<\/tbody>\n<\/table>\n<p><\/p>\n","protected":false},"excerpt":{"rendered":"<p>&nbsp; Primeira Reuni\u00e3o do Grupo de Estudos InterA\u00e7\u00e3o na UFPel &#8211; 2017 Primeiro Grupo de Estagi\u00e1rios do SEP em Terapias Cognitivas e Comportamentais &#8211; 2017 Prof. Jandilson Silva em Mesa redonda sobre Comportamento e Cultura na III Jornada de An\u00e1lise do Comportamento do RS em Rio Grande\/RS com Gibson Weydmann (UFRGS), Jo\u00e3o Mar\u00e7al (IBAC), Jonatas [&hellip;]<\/p>\n","protected":false},"author":1017,"featured_media":0,"parent":0,"menu_order":16,"comment_status":"closed","ping_status":"closed","template":"","meta":{"footnotes":""},"class_list":["post-135","page","type-page","status-publish","hentry"],"_links":{"self":[{"href":"https:\/\/wp.ufpel.edu.br\/lacico\/wp-json\/wp\/v2\/pages\/135","targetHints":{"allow":["GET"]}}],"collection":[{"href":"https:\/\/wp.ufpel.edu.br\/lacico\/wp-json\/wp\/v2\/pages"}],"about":[{"href":"https:\/\/wp.ufpel.edu.br\/lacico\/wp-json\/wp\/v2\/types\/page"}],"author":[{"embeddable":true,"href":"https:\/\/wp.ufpel.edu.br\/lacico\/wp-json\/wp\/v2\/users\/1017"}],"replies":[{"embeddable":true,"href":"https:\/\/wp.ufpel.edu.br\/lacico\/wp-json\/wp\/v2\/comments?post=135"}],"version-history":[{"count":11,"href":"https:\/\/wp.ufpel.edu.br\/lacico\/wp-json\/wp\/v2\/pages\/135\/revisions"}],"predecessor-version":[{"id":383,"href":"https:\/\/wp.ufpel.edu.br\/lacico\/wp-json\/wp\/v2\/pages\/135\/revisions\/383"}],"wp:attachment":[{"href":"https:\/\/wp.ufpel.edu.br\/lacico\/wp-json\/wp\/v2\/media?parent=135"}],"curies":[{"name":"wp","href":"https:\/\/api.w.org\/{rel}","templated":true}]}}