{"id":11,"date":"2020-06-10T15:32:00","date_gmt":"2020-06-10T18:32:00","guid":{"rendered":"https:\/\/wp.ufpel.edu.br\/lacico\/?page_id=11"},"modified":"2023-08-12T11:36:52","modified_gmt":"2023-08-12T14:36:52","slug":"apresentacao","status":"publish","type":"page","link":"https:\/\/wp.ufpel.edu.br\/lacico\/apresentacao\/","title":{"rendered":"Apresenta\u00e7\u00e3o"},"content":{"rendered":"<p style=\"text-align: justify;\"><img class=\"wp-image-107 alignleft\" src=\"https:\/\/wp.ufpel.edu.br\/lacico\/files\/2020\/06\/Logo-2-400x400.jpg\" alt=\"\" width=\"191\" height=\"191\" srcset=\"https:\/\/wp.ufpel.edu.br\/lacico\/files\/2020\/06\/Logo-2-400x400.jpg 400w, https:\/\/wp.ufpel.edu.br\/lacico\/files\/2020\/06\/Logo-2-200x200.jpg 200w, https:\/\/wp.ufpel.edu.br\/lacico\/files\/2020\/06\/Logo-2-768x771.jpg 768w, https:\/\/wp.ufpel.edu.br\/lacico\/files\/2020\/06\/Logo-2.jpg 851w\" sizes=\"(max-width: 191px) 100vw, 191px\" \/>O <strong>Laborat\u00f3rio de Ci\u00eancias do Comportamento (LACICO\/UFPel)<\/strong> trata-se de um grupo de estudos, pesquisas e interven\u00e7\u00f5es, inaugurado em 2017 pelo Professor Jandilson Silva, docente da Gradua\u00e7\u00e3o em Psicologia da Universidade Federal de Pelotas, ap\u00f3s sua entrada na institui\u00e7\u00e3o. O objetivo principal do grupo \u00e9 promover discuss\u00f5es sobre as rela\u00e7\u00f5es entre Neuroci\u00eancias, Psicologia Cl\u00ednica e Psicologia Social, tomando como base de compreens\u00e3o desses t\u00f3picos a An\u00e1lise do Comportamento, fundamentada pela filosofia Behaviorista Radical, de Skinner. Os estudos do grupo pretendem integrar propostas de ensino, pesquisa e extens\u00e3o universit\u00e1ria de modo entrela\u00e7ado (por meio de projetos espec\u00edficos) na elabora\u00e7\u00e3o de produ\u00e7\u00f5es cient\u00edficas que contribuam com o desenvolvimento social regional e nacional, sob a perspectiva da interseccionalidade, oferecendo aos estudantes orienta\u00e7\u00f5es para Trabalhos de Conclus\u00e3o de Curso e de Est\u00e1gios em Psicologia Cl\u00ednica numa vertente ampliada.<\/p>\n","protected":false},"excerpt":{"rendered":"<p>O Laborat\u00f3rio de Ci\u00eancias do Comportamento (LACICO\/UFPel) trata-se de um grupo de estudos, pesquisas e interven\u00e7\u00f5es, inaugurado em 2017 pelo Professor Jandilson Silva, docente da Gradua\u00e7\u00e3o em Psicologia da Universidade Federal de Pelotas, ap\u00f3s sua entrada na institui\u00e7\u00e3o. O objetivo principal do grupo \u00e9 promover discuss\u00f5es sobre as rela\u00e7\u00f5es entre Neuroci\u00eancias, Psicologia Cl\u00ednica e Psicologia [&hellip;]<\/p>\n","protected":false},"author":1017,"featured_media":0,"parent":0,"menu_order":1,"comment_status":"closed","ping_status":"closed","template":"","meta":{"footnotes":""},"class_list":["post-11","page","type-page","status-publish","hentry"],"_links":{"self":[{"href":"https:\/\/wp.ufpel.edu.br\/lacico\/wp-json\/wp\/v2\/pages\/11","targetHints":{"allow":["GET"]}}],"collection":[{"href":"https:\/\/wp.ufpel.edu.br\/lacico\/wp-json\/wp\/v2\/pages"}],"about":[{"href":"https:\/\/wp.ufpel.edu.br\/lacico\/wp-json\/wp\/v2\/types\/page"}],"author":[{"embeddable":true,"href":"https:\/\/wp.ufpel.edu.br\/lacico\/wp-json\/wp\/v2\/users\/1017"}],"replies":[{"embeddable":true,"href":"https:\/\/wp.ufpel.edu.br\/lacico\/wp-json\/wp\/v2\/comments?post=11"}],"version-history":[{"count":15,"href":"https:\/\/wp.ufpel.edu.br\/lacico\/wp-json\/wp\/v2\/pages\/11\/revisions"}],"predecessor-version":[{"id":388,"href":"https:\/\/wp.ufpel.edu.br\/lacico\/wp-json\/wp\/v2\/pages\/11\/revisions\/388"}],"wp:attachment":[{"href":"https:\/\/wp.ufpel.edu.br\/lacico\/wp-json\/wp\/v2\/media?parent=11"}],"curies":[{"name":"wp","href":"https:\/\/api.w.org\/{rel}","templated":true}]}}