{"id":109,"date":"2019-02-05T13:32:48","date_gmt":"2019-02-05T15:32:48","guid":{"rendered":"https:\/\/wp.ufpel.edu.br\/lacev\/?page_id=109"},"modified":"2019-02-05T13:33:28","modified_gmt":"2019-02-05T15:33:28","slug":"projetos","status":"publish","type":"page","link":"https:\/\/wp.ufpel.edu.br\/lacev\/projetos\/","title":{"rendered":"Projetos"},"content":{"rendered":"<div class=\"layout-cell layout-cell-3 text-align-right\">\n<p class=\"layout-cell-pad-5 text-align-right\"><b>2015 &#8211; Atual<\/b><\/p>\n<\/div>\n<p class=\"layout-cell-pad-5\"><strong>Busca por padr\u00f5es em s\u00e9ries temporais de sinais bioel\u00e9tricos de plantas em resposta a est\u00edmulos ambientais<\/strong>.<\/p>\n<div class=\"layout-cell-pad-5 text-align-right\" style=\"text-align: justify\">Descri\u00e7\u00e3o: As plantas s\u00e3o organismos complexos e din\u00e2micos, exibindo propriedades cognitivas. A capacidade de percep\u00e7\u00e3o dos sinais ambientais \u00e9 imprescind\u00edvel para as plantas pois, sendo um organismos s\u00e9ssil e modular, a tornam aptas a sobreviver e competir por recursos em seu ambiente natural. Estudos recentes t\u00eam demonstrado e caracterizado fun\u00e7\u00f5es da sinaliza\u00e7\u00e3o el\u00e9trica em plantas associadas a diferentes estados fisiol\u00f3gicos em resposta a est\u00edmulos ambientais. Apesar de haver um conhecimento j\u00e1 bem estabelecido sobre os tipos de sinais el\u00e9tricos (PA ou VP) em plantas e suas rela\u00e7\u00f5es na sinaliza\u00e7\u00e3o de curta e longa dist\u00e2ncia de algumas respostas fisiol\u00f3gicas, nada ainda foi estudado sobre a din\u00e2mica temporal (complexidade) dos sinais el\u00e9tricos e poss\u00edveis rela\u00e7\u00f5es com o estado fisiol\u00f3gico das plantas. Os estudos atuais est\u00e3o restritos \u00e0s an\u00e1lises da amplitude e velocidade das respostas el\u00e9tricas, sem considerar a complexidade da din\u00e2mica temporal do sinal em si durante eventos de sinaliza\u00e7\u00e3o p\u00f3s-estimula\u00e7\u00e3o, como tem sido desenvolvido em estudos de fisiologia humana, os quais v\u00eam mostrando fortes correla\u00e7\u00f5es entre a din\u00e2mica temporal dos sinais el\u00e9tricos e o estado de sa\u00fade de indiv\u00edduos. O objetivo principal desse projeto \u00e9 caracterizar e encontrar poss\u00edveis padr\u00f5es na din\u00e2mica temporal da sinaliza\u00e7\u00e3o el\u00e9trica em plantas de soja, em resposta a est\u00edmulos ambientais espec\u00edficos, utilizando-se para isto um sistema de capta\u00e7\u00e3o de sinais el\u00e9tricos (tipo EEG\/ECG) com eletrodos de agulha. As plantas ser\u00e3o submetidas a diferentes est\u00edmulos ambientais (varia\u00e7\u00e3o de temperatura, luz e disponibilidade h\u00eddrica), e os sinais el\u00e9tricos captados ser\u00e3o analisados para a busca de eventuais padr\u00f5es de est\u00edmulo-resposta espec\u00edficos.<\/div>\n<div class=\"layout-cell layout-cell-9\">\n<p class=\"layout-cell-pad-5\">Situa\u00e7\u00e3o: Em andamento; Natureza: Pesquisa.\u00a0<br class=\"clear\" \/>Alunos envolvidos: Gradua\u00e7\u00e3o: (1) \/ Doutorado: (3) .\u00a0<br class=\"clear\" \/><br class=\"clear\" \/>Integrantes: Gustavo Maia Souza &#8211; Coordenador \/ Gabriel Ricardo Aguilera de Toledo, Adrya Vanessa Lira Costa, Francine Zaiosc Simmi &#8211; Integrantes.<\/p>\n<p>&nbsp;<\/p>\n<div class=\"layout-cell layout-cell-3 text-align-right\">\n<div class=\"layout-cell-pad-5 text-align-right\"><b>2011 &#8211; Atual<\/b><\/div>\n<\/div>\n<div class=\"layout-cell layout-cell-9\">\n<p class=\"layout-cell-pad-5\"><strong>Sistemica, Auto organiza\u00e7\u00e3o e Informa\u00e7\u00e3o<\/strong><\/p>\n<\/div>\n<div class=\"layout-cell layout-cell-9\">\n<div class=\"layout-cell-pad-5\" style=\"text-align: justify\">Descri\u00e7\u00e3o: O problema central a ser investigado neste Projeto Tem\u00e1tico diz respeito ao estatuto epistemol\u00f3gico dos processos de auto-organiza\u00e7\u00e3o no dom\u00ednio dos sistemas complexos, e ser\u00e1 metodologicamente subdividido nos seguintes subproblemas: Qual o estatuto epistemol\u00f3gico dos processos auto-organizados supostamente presentes em certas classes de sistemas complexos, em especial nos sistemas informacionais e cognitivos? Qual o papel dos processos auto-organizados na din\u00e2mica constitutiva dos h\u00e1bitos presentes na a\u00e7\u00e3o cotidiana e no conhecimento comum? Quais as dificuldades para a modelagem de processos auto-organizados, face \u00e0 incompletude dos formalismos empregados para descrever a espontaneidade observada na din\u00e2mica de certas classes de sistemas complexos? Hip\u00f3tese: uma defini\u00e7\u00e3o geral do conceito de auto-organiza\u00e7\u00e3o e o esbo\u00e7o de uma teoria da auto-organiza\u00e7\u00e3o podem contribuir para a an\u00e1lise epistemol\u00f3gica da din\u00e2mica de certas classes de sistemas complexos, fundamentada na teoria de sistemas e teoria da informa\u00e7\u00e3o. Sub-Projeto 1 ? Auto-Organiza\u00e7\u00e3o, Ci\u00eancia dos Sistemas e Processos Criativos O objetivo central deste Sub-Projeto consiste em propor uma defini\u00e7\u00e3o geral do conceito de auto-organiza\u00e7\u00e3o e contribuir para o desenvolvimento de uma teoria da auto-organiza\u00e7\u00e3o, usando recursos da teoria dos sistemas e da teoria da informa\u00e7\u00e3o, mais especificamente buscando a identifica\u00e7\u00e3o de caracter\u00edsticas comuns dos processos de auto-organiza\u00e7\u00e3o, em particular dos processos criativos. Sub-Projeto 2 &#8211; Auto-Organiza\u00e7\u00e3o, Informa\u00e7\u00e3o e Processos Cognitivos Este Sub-Projeto visa aprofundar o exame dos conceitos de conhecimento comum, informa\u00e7\u00e3o, h\u00e1bito e cren\u00e7a na filosofia da mente e da teoria da informa\u00e7\u00e3o, ambas englobadas pela perspectiva da teoria dos sistemas. A pesquisa, de car\u00e1ter epistemol\u00f3gico, interdisciplinar, se prop\u00f5e a investigar o papel da informa\u00e7\u00e3o e dos processos auto-organizados na emerg\u00eancia do conhecimento comum. Sub-Projeto 3 ? Conceitos Fundamentais para a Modelagem de Processos de Auto-Organiza\u00e7\u00e3o O objetivo central deste Sub-Projeto consiste em investigar os subs\u00eddios te\u00f3ricos para a elabora\u00e7\u00e3o de modelos (modelagem descritiva, gr\u00e1fica e matem\u00e1tica) para processos com auto-organiza\u00e7\u00e3o, que possam ilustrar a aplica\u00e7\u00e3o dos conceitos e da teoria da auto-organiza\u00e7\u00e3o para certos tipos de sistemas din\u00e2micos e sistemas complexos.<br class=\"clear\" \/>Situa\u00e7\u00e3o: Em andamento; Natureza: Pesquisa.\u00a0<br class=\"clear\" \/><br class=\"clear\" \/>Integrantes: Gustavo Maia Souza &#8211; Coordenador.<br class=\"clear\" \/>Financiador(es): Funda\u00e7\u00e3o de Amparo \u00e0 Pesquisa do Estado de S\u00e3o Paulo &#8211; Aux\u00edlio financeiro.<\/div>\n<\/div>\n<\/div>\n","protected":false},"excerpt":{"rendered":"<p>2015 &#8211; Atual Busca por padr\u00f5es em s\u00e9ries temporais de sinais bioel\u00e9tricos de plantas em resposta a est\u00edmulos ambientais. Descri\u00e7\u00e3o: As plantas s\u00e3o organismos complexos e din\u00e2micos, exibindo propriedades cognitivas. A capacidade de percep\u00e7\u00e3o dos sinais ambientais \u00e9 imprescind\u00edvel para as plantas pois, sendo um organismos s\u00e9ssil e modular, a tornam aptas a sobreviver e&#8230; <\/p>\n<div class=\"link-more\"><a href=\"https:\/\/wp.ufpel.edu.br\/lacev\/projetos\/\">Leia mais<\/a><\/div>\n","protected":false},"author":889,"featured_media":0,"parent":0,"menu_order":0,"comment_status":"closed","ping_status":"closed","template":"","meta":{"footnotes":""},"class_list":["post-109","page","type-page","status-publish","hentry"],"jetpack_sharing_enabled":true,"_links":{"self":[{"href":"https:\/\/wp.ufpel.edu.br\/lacev\/wp-json\/wp\/v2\/pages\/109","targetHints":{"allow":["GET"]}}],"collection":[{"href":"https:\/\/wp.ufpel.edu.br\/lacev\/wp-json\/wp\/v2\/pages"}],"about":[{"href":"https:\/\/wp.ufpel.edu.br\/lacev\/wp-json\/wp\/v2\/types\/page"}],"author":[{"embeddable":true,"href":"https:\/\/wp.ufpel.edu.br\/lacev\/wp-json\/wp\/v2\/users\/889"}],"replies":[{"embeddable":true,"href":"https:\/\/wp.ufpel.edu.br\/lacev\/wp-json\/wp\/v2\/comments?post=109"}],"version-history":[{"count":3,"href":"https:\/\/wp.ufpel.edu.br\/lacev\/wp-json\/wp\/v2\/pages\/109\/revisions"}],"predecessor-version":[{"id":153,"href":"https:\/\/wp.ufpel.edu.br\/lacev\/wp-json\/wp\/v2\/pages\/109\/revisions\/153"}],"wp:attachment":[{"href":"https:\/\/wp.ufpel.edu.br\/lacev\/wp-json\/wp\/v2\/media?parent=109"}],"curies":[{"name":"wp","href":"https:\/\/api.w.org\/{rel}","templated":true}]}}