{"id":8,"date":"2024-06-08T14:22:50","date_gmt":"2024-06-08T17:22:50","guid":{"rendered":"https:\/\/wp.ufpel.edu.br\/labxd\/?page_id=8"},"modified":"2025-06-11T14:43:31","modified_gmt":"2025-06-11T17:43:31","slug":"acoes","status":"publish","type":"page","link":"https:\/\/wp.ufpel.edu.br\/labxd\/acoes\/","title":{"rendered":"A\u00e7\u00f5es"},"content":{"rendered":"\n<section class=\"wp-block-group alignfull section has-background\" style=\"background-color:#f3f3f3\"><div class=\"wp-block-group__inner-container is-layout-constrained wp-block-group-is-layout-constrained\">\n<div class=\"wp-block-group section\"><div class=\"wp-block-group__inner-container is-layout-constrained wp-block-group-is-layout-constrained\">\n<div class=\"wp-block-group is-vertical is-layout-flex wp-container-core-group-is-layout-8cf370e7 wp-block-group-is-layout-flex\">\n<p style=\"font-size:1em\"><a href=\"https:\/\/wp.ufpel.edu.br\/labxd\/\" data-type=\"page\" data-id=\"5\">\u2190 Home <\/a><\/p>\n\n\n\n<h2 class=\"wp-block-heading\" style=\"font-size:3em\"><strong>A\u00e7\u00f5es do LABxD<\/strong><\/h2>\n<\/div>\n\n\n\n<div class=\"wp-block-columns is-layout-flex wp-container-core-columns-is-layout-9d6595d7 wp-block-columns-is-layout-flex\">\n<div class=\"wp-block-column is-layout-flow wp-block-column-is-layout-flow\" style=\"flex-basis:60%\">\n<figure class=\"wp-block-image size-full\"><img loading=\"lazy\" decoding=\"async\" width=\"940\" height=\"942\" src=\"https:\/\/wp.ufpel.edu.br\/labxd\/files\/2024\/06\/workshop-serigrafia-03.png\" alt=\"Alunos no workshop de serigrafia\" class=\"wp-image-47\" style=\"aspect-ratio:4\/3;object-fit:cover\" srcset=\"https:\/\/wp.ufpel.edu.br\/labxd\/files\/2024\/06\/workshop-serigrafia-03.png 940w, https:\/\/wp.ufpel.edu.br\/labxd\/files\/2024\/06\/workshop-serigrafia-03-400x400.png 400w, https:\/\/wp.ufpel.edu.br\/labxd\/files\/2024\/06\/workshop-serigrafia-03-200x200.png 200w, https:\/\/wp.ufpel.edu.br\/labxd\/files\/2024\/06\/workshop-serigrafia-03-768x770.png 768w\" sizes=\"auto, (max-width: 940px) 100vw, 940px\" \/><\/figure>\n<\/div>\n\n\n\n<div class=\"wp-block-column is-layout-flow wp-block-column-is-layout-flow\" style=\"flex-basis:40%\">\n<p style=\"font-size:1em\">O Laborat\u00f3rio de Design de Intera\u00e7\u00e3o &#8211; LABxD constitui-se em um projeto que sistematiza diversas a\u00e7\u00f5es no \u00e2mbito de ensino, pesquisa e extens\u00e3o relacionados aos cursos de Design Digital e Design Gr\u00e1fico, com \u00eanfase no design de intera\u00e7\u00e3o, projeto de interfaces e usabilidade de sistemas interativos al\u00e9m de fomentar a inova\u00e7\u00e3o de produtos e artefatos interativos.<\/p>\n<\/div>\n<\/div>\n\n\n\n<div style=\"height:34px\" aria-hidden=\"true\" class=\"wp-block-spacer\"><\/div>\n<\/div><\/div>\n<\/div><\/section>\n\n\n\n<section class=\"wp-block-group section is-vertical is-layout-flex wp-container-core-group-is-layout-8cf370e7 wp-block-group-is-layout-flex\">\n<p style=\"font-size:2em\">As a\u00e7\u00f5es promovidas pelo LABxD s\u00e3o de diversas <strong>categorias<\/strong> e <strong>tipos<\/strong>, de trabalhos acad\u00eamicos a cursos e workshops para a comunidade.<\/p>\n\n\n\n<div class=\"wp-block-columns is-layout-flex wp-container-core-columns-is-layout-9d6595d7 wp-block-columns-is-layout-flex\">\n<div class=\"wp-block-column categoria is-layout-flow wp-block-column-is-layout-flow\" style=\"flex-basis:70%\">\n<p style=\"font-size:1em\"><strong>Categorias<\/strong><\/p>\n\n\n\n<p style=\"font-size:1em\"><strong><a href=\"https:\/\/wp.ufpel.edu.br\/labxd\/category\/ensino\/\" data-type=\"category\" data-id=\"4\">Ensino<\/a><\/strong>: s\u00e3o atividades de ensino-aprendizagem destinadas prioritariamente \u00e0 comunidade interna, sem car\u00e1ter compuls\u00f3rio. Os projetos de ensino devem diferenciar-se das atividades curriculares pertencentes \u00e0 dimens\u00e3o da forma\u00e7\u00e3o espec\u00edfica previstas nos cursos envolvidos (<a href=\"https:\/\/wikicobalto.ufpel.edu.br\/suporte:proj_unif:cad:projetos\">Wiki Cobalto, 2017<\/a>).<\/p>\n\n\n\n<ul style=\"font-size:1em\" class=\"wp-block-list\">\n<li>Alguns exemplos de <strong>projetos de ensino<\/strong> desenvolvidos no LABxD s\u00e3o: Campanha Servidor(a) de cara nova, Design da Plataforma COBALTO, Redesign do Portal UFPel.<\/li>\n<\/ul>\n\n\n\n<p style=\"font-size:1em\"><strong><a href=\"https:\/\/wp.ufpel.edu.br\/labxd\/category\/pesquisa\/\" data-type=\"category\" data-id=\"2\">Pesquisa<\/a><\/strong>: s\u00e3o atividades de investiga\u00e7\u00e3o cient\u00edfica e\/ou tecnol\u00f3gica realizadas por um Grupo de Pesquisa cadastrado e certificado na UFPel. Os projetos de pesquisa visam promover a forma\u00e7\u00e3o acad\u00eamica e a produ\u00e7\u00e3o t\u00e9cnico-cient\u00edfica, art\u00edstica e\/ou cultural, com foco na gera\u00e7\u00e3o de conhecimento e inova\u00e7\u00e3o (<a href=\"https:\/\/wikicobalto.ufpel.edu.br\/suporte:proj_unif:cad:projetos\">Wiki Cobalto, 2017<\/a>).<\/p>\n\n\n\n<ul style=\"font-size:1em\" class=\"wp-block-list\">\n<li>Alguns exemplos de <strong>projetos de pesquisa<\/strong> desenvolvidos no LABxD s\u00e3o: Caracteriza\u00e7\u00e3o de diretrizes para o desenvolvimento de design system sob a perspectiva do campo do design.<\/li>\n<\/ul>\n\n\n\n<p style=\"font-size:1em\"><strong><a href=\"https:\/\/wp.ufpel.edu.br\/labxd\/category\/extensao\/\" data-type=\"category\" data-id=\"5\">Extens\u00e3o<\/a><\/strong>: s\u00e3o atividades de intera\u00e7\u00e3o entre a Universidade e outros setores da sociedade, com foco na forma\u00e7\u00e3o rec\u00edproca e na transforma\u00e7\u00e3o social (<a href=\"https:\/\/wikicobalto.ufpel.edu.br\/suporte:proj_unif:cad:projetos\">Wiki Cobalto, 2017<\/a>).<\/p>\n\n\n\n<ul style=\"font-size:1em\" class=\"wp-block-list\">\n<li>Alguns exemplos de <strong>projetos de extens\u00e3o<\/strong> desenvolvidos no LABxD s\u00e3o: Curso de Webflow, Workshop de Serigrafia G\u00eanesis, Curso de Design e Acessibilidade para web, Design Ufpel na plataforma Medium, Curso Design Systems utilizando o Figma.<\/li>\n<\/ul>\n<\/div>\n\n\n\n<div class=\"wp-block-column tipo is-layout-flow wp-block-column-is-layout-flow\">\n<p style=\"font-size:1em\"><strong>Tipos<\/strong><\/p>\n\n\n\n<p class=\"tipo-p\" style=\"font-size:2rem;font-style:normal;font-weight:500\"><a href=\"https:\/\/wp.ufpel.edu.br\/labxd\/category\/ensino\/projetos\/\" data-type=\"category\" data-id=\"7\">Projetos<\/a><\/p>\n\n\n\n<p class=\"tipo-p\" style=\"font-size:2rem\"><a href=\"https:\/\/wp.ufpel.edu.br\/labxd\/category\/pesquisa\/publicacoes\/\" data-type=\"category\" data-id=\"3\">Publica\u00e7\u00f5es<\/a><\/p>\n\n\n\n<p class=\"tipo-p\" style=\"font-size:2rem\"><a href=\"https:\/\/wp.ufpel.edu.br\/labxd\/category\/ensino\/eventos\/\" data-type=\"category\" data-id=\"6\">Eventos<\/a><\/p>\n\n\n\n<p class=\"tipo-p\" style=\"font-size:2rem\"><a href=\"https:\/\/wp.ufpel.edu.br\/labxd\/category\/extensao\/cursos\/\" data-type=\"category\" data-id=\"8\">Cursos<\/a><\/p>\n\n\n\n<p class=\"tipo-p\" style=\"font-size:2rem\"><a href=\"https:\/\/wp.ufpel.edu.br\/labxd\/category\/extensao\/workshops\/\" data-type=\"category\" data-id=\"9\">Workshops<\/a><\/p>\n<\/div>\n<\/div>\n\n\n\n<div style=\"height:0px\" aria-hidden=\"true\" class=\"wp-block-spacer wp-container-content-6c24486e\"><\/div>\n<\/section>\n\n\n\n<section class=\"wp-block-group alignfull section has-background\" style=\"background-color:#f3f3f3\"><div class=\"wp-block-group__inner-container is-layout-constrained wp-block-group-is-layout-constrained\">\n<div class=\"wp-block-group section is-vertical is-layout-flex wp-container-core-group-is-layout-8cf370e7 wp-block-group-is-layout-flex\">\n<h2 class=\"wp-block-heading\" style=\"font-size:3em\"><strong><strong><strong>\u00daltimas a\u00e7\u00f5es do LABxD<\/strong><\/strong><\/strong><\/h2>\n\n\n\n<div class=\"wp-block-query is-layout-flow wp-block-query-is-layout-flow\"><ul class=\"columns-4 wp-block-post-template is-layout-grid wp-container-core-post-template-is-layout-b954fd2f wp-block-post-template-is-layout-grid\"><li class=\"wp-block-post post-1190 post type-post status-publish format-standard has-post-thumbnail hentry category-bolsas tag-bolsa tag-ensino tag-resultado tag-selecao post-with-thumbnail post-with-thumbnail-icon\">\n<figure style=\"aspect-ratio:1;\" class=\"wp-block-post-featured-image\"><a href=\"https:\/\/wp.ufpel.edu.br\/labxd\/2026\/04\/01\/resultados-selecao-de-bolsista-edital-01-2026\/\" target=\"_self\"  ><img loading=\"lazy\" decoding=\"async\" width=\"400\" height=\"217\" src=\"https:\/\/wp.ufpel.edu.br\/labxd\/files\/2026\/03\/banner-bolsas-400x217.png\" class=\"attachment-medium size-medium wp-post-image\" alt=\"Resultados &#8211; Sele\u00e7\u00e3o de bolsista (Edital 01\/2026)\" style=\"width:100%;height:100%;object-fit:cover;\" srcset=\"https:\/\/wp.ufpel.edu.br\/labxd\/files\/2026\/03\/banner-bolsas-400x217.png 400w, https:\/\/wp.ufpel.edu.br\/labxd\/files\/2026\/03\/banner-bolsas-1024x556.png 1024w, https:\/\/wp.ufpel.edu.br\/labxd\/files\/2026\/03\/banner-bolsas-768x417.png 768w, https:\/\/wp.ufpel.edu.br\/labxd\/files\/2026\/03\/banner-bolsas-1536x834.png 1536w, https:\/\/wp.ufpel.edu.br\/labxd\/files\/2026\/03\/banner-bolsas.png 2048w\" sizes=\"auto, (max-width: 400px) 100vw, 400px\" \/><\/a><\/figure>\n\n<h2 style=\"font-size:1em;\" class=\"has-text-align-left wp-block-post-title\"><a href=\"https:\/\/wp.ufpel.edu.br\/labxd\/2026\/04\/01\/resultados-selecao-de-bolsista-edital-01-2026\/\" target=\"_self\" >Resultados &#8211; Sele\u00e7\u00e3o de bolsista (Edital 01\/2026)<\/a><\/h2>\n\n<div style=\"font-size:0.75em\" class=\"taxonomy-category has-text-align-left wp-block-post-terms\"><span class=\"wp-block-post-terms__prefix\">em <\/span><a href=\"https:\/\/wp.ufpel.edu.br\/labxd\/category\/bolsas\/\" rel=\"tag\">Bolsas<\/a><\/div>\n\n<div style=\"font-size:0.75em;\" class=\"has-text-align-left wp-block-post-excerpt\"><p class=\"wp-block-post-excerpt__excerpt\">Candidata aprovada: Sara dos Reis Mendes Suplentes: 1\u00ba Amanda Schiller 2\u00ba Raissa Vasconcelos Galli 3\u00ba&hellip;<\/p><p class=\"wp-block-post-excerpt__more-text\"><a class=\"wp-block-post-excerpt__more-link\" href=\"https:\/\/wp.ufpel.edu.br\/labxd\/2026\/04\/01\/resultados-selecao-de-bolsista-edital-01-2026\/\">Leia mais<\/a><\/p><\/div>\n<\/li><li class=\"wp-block-post post-1171 post type-post status-publish format-standard has-post-thumbnail hentry category-bolsas post-with-thumbnail post-with-thumbnail-icon\">\n<figure style=\"aspect-ratio:1;\" class=\"wp-block-post-featured-image\"><a href=\"https:\/\/wp.ufpel.edu.br\/labxd\/2026\/03\/26\/edital-01-2026-selecao-de-bolsista\/\" target=\"_self\"  ><img loading=\"lazy\" decoding=\"async\" width=\"400\" height=\"217\" src=\"https:\/\/wp.ufpel.edu.br\/labxd\/files\/2026\/03\/banner-bolsas-400x217.png\" class=\"attachment-medium size-medium wp-post-image\" alt=\"Edital 01\/2026 &#8211; Sele\u00e7\u00e3o de bolsista\" style=\"width:100%;height:100%;object-fit:cover;\" srcset=\"https:\/\/wp.ufpel.edu.br\/labxd\/files\/2026\/03\/banner-bolsas-400x217.png 400w, https:\/\/wp.ufpel.edu.br\/labxd\/files\/2026\/03\/banner-bolsas-1024x556.png 1024w, https:\/\/wp.ufpel.edu.br\/labxd\/files\/2026\/03\/banner-bolsas-768x417.png 768w, https:\/\/wp.ufpel.edu.br\/labxd\/files\/2026\/03\/banner-bolsas-1536x834.png 1536w, https:\/\/wp.ufpel.edu.br\/labxd\/files\/2026\/03\/banner-bolsas.png 2048w\" sizes=\"auto, (max-width: 400px) 100vw, 400px\" \/><\/a><\/figure>\n\n<h2 style=\"font-size:1em;\" class=\"has-text-align-left wp-block-post-title\"><a href=\"https:\/\/wp.ufpel.edu.br\/labxd\/2026\/03\/26\/edital-01-2026-selecao-de-bolsista\/\" target=\"_self\" >Edital 01\/2026 &#8211; Sele\u00e7\u00e3o de bolsista<\/a><\/h2>\n\n<div style=\"font-size:0.75em\" class=\"taxonomy-category has-text-align-left wp-block-post-terms\"><span class=\"wp-block-post-terms__prefix\">em <\/span><a href=\"https:\/\/wp.ufpel.edu.br\/labxd\/category\/bolsas\/\" rel=\"tag\">Bolsas<\/a><\/div>\n\n<div style=\"font-size:0.75em;\" class=\"has-text-align-left wp-block-post-excerpt\"><p class=\"wp-block-post-excerpt__excerpt\">O LABxD seleciona estudante para bolsa remunerada. 1. Bolsa 1.1. Atribui\u00e7\u00f5es A atua\u00e7\u00e3o do bolsista&hellip;<\/p><p class=\"wp-block-post-excerpt__more-text\"><a class=\"wp-block-post-excerpt__more-link\" href=\"https:\/\/wp.ufpel.edu.br\/labxd\/2026\/03\/26\/edital-01-2026-selecao-de-bolsista\/\">Leia mais<\/a><\/p><\/div>\n<\/li><li class=\"wp-block-post post-1138 post type-post status-publish format-standard has-post-thumbnail hentry category-artigos tag-cinco-planos tag-design-centrado-no-usuario tag-experiencia-do-usuario tag-garrett tag-metodologia-de-projeto post-with-thumbnail post-with-thumbnail-icon\">\n<figure style=\"aspect-ratio:1;\" class=\"wp-block-post-featured-image\"><a href=\"https:\/\/wp.ufpel.edu.br\/labxd\/2026\/01\/29\/metodologia-de-projeto-proposta-por-garrett-2011\/\" target=\"_self\"  ><img loading=\"lazy\" decoding=\"async\" width=\"400\" height=\"400\" src=\"https:\/\/wp.ufpel.edu.br\/labxd\/files\/2026\/01\/planos-garrett-400x400.png\" class=\"attachment-medium size-medium wp-post-image\" alt=\"Metodologia de projeto proposta por Garrett (2011)\" style=\"width:100%;height:100%;object-fit:cover;\" srcset=\"https:\/\/wp.ufpel.edu.br\/labxd\/files\/2026\/01\/planos-garrett-400x400.png 400w, https:\/\/wp.ufpel.edu.br\/labxd\/files\/2026\/01\/planos-garrett-200x200.png 200w, https:\/\/wp.ufpel.edu.br\/labxd\/files\/2026\/01\/planos-garrett.png 502w\" sizes=\"auto, (max-width: 400px) 100vw, 400px\" \/><\/a><\/figure>\n\n<h2 style=\"font-size:1em;\" class=\"has-text-align-left wp-block-post-title\"><a href=\"https:\/\/wp.ufpel.edu.br\/labxd\/2026\/01\/29\/metodologia-de-projeto-proposta-por-garrett-2011\/\" target=\"_self\" >Metodologia de projeto proposta por Garrett (2011)<\/a><\/h2>\n\n<div style=\"font-size:0.75em\" class=\"taxonomy-category has-text-align-left wp-block-post-terms\"><span class=\"wp-block-post-terms__prefix\">em <\/span><a href=\"https:\/\/wp.ufpel.edu.br\/labxd\/category\/artigos\/\" rel=\"tag\">Artigos<\/a><\/div>\n\n<div style=\"font-size:0.75em;\" class=\"has-text-align-left wp-block-post-excerpt\"><p class=\"wp-block-post-excerpt__excerpt\">Garrett (2011) prop\u00f4s um framework conceitual composto por cinco planos: superf\u00edcie, esqueleto, estrutura, escopo e&hellip;<\/p><p class=\"wp-block-post-excerpt__more-text\"><a class=\"wp-block-post-excerpt__more-link\" href=\"https:\/\/wp.ufpel.edu.br\/labxd\/2026\/01\/29\/metodologia-de-projeto-proposta-por-garrett-2011\/\">Leia mais<\/a><\/p><\/div>\n<\/li><li class=\"wp-block-post post-1111 post type-post status-publish format-standard has-post-thumbnail hentry category-extensao category-labxd-talk tag-codigohumano tag-criatividadehumana tag-design tag-ia tag-inteligenciaartificial tag-labxd-talk tag-labxdtalks tag-processocriativo tag-ufpel post-with-thumbnail post-with-thumbnail-icon\">\n<figure style=\"aspect-ratio:1;\" class=\"wp-block-post-featured-image\"><a href=\"https:\/\/wp.ufpel.edu.br\/labxd\/2025\/11\/13\/labtalk-codigo-humano\/\" target=\"_self\"  ><img loading=\"lazy\" decoding=\"async\" width=\"400\" height=\"400\" src=\"https:\/\/wp.ufpel.edu.br\/labxd\/files\/2025\/11\/01-400x400.jpg\" class=\"attachment-medium size-medium wp-post-image\" alt=\"LabXD Talks: C\u00f3digo Humano\" style=\"width:100%;height:100%;object-fit:cover;\" srcset=\"https:\/\/wp.ufpel.edu.br\/labxd\/files\/2025\/11\/01-400x400.jpg 400w, https:\/\/wp.ufpel.edu.br\/labxd\/files\/2025\/11\/01-1024x1024.jpg 1024w, https:\/\/wp.ufpel.edu.br\/labxd\/files\/2025\/11\/01-200x200.jpg 200w, https:\/\/wp.ufpel.edu.br\/labxd\/files\/2025\/11\/01-768x768.jpg 768w, https:\/\/wp.ufpel.edu.br\/labxd\/files\/2025\/11\/01.jpg 1080w\" sizes=\"auto, (max-width: 400px) 100vw, 400px\" \/><\/a><\/figure>\n\n<h2 style=\"font-size:1em;\" class=\"has-text-align-left wp-block-post-title\"><a href=\"https:\/\/wp.ufpel.edu.br\/labxd\/2025\/11\/13\/labtalk-codigo-humano\/\" target=\"_self\" >LabXD Talks: C\u00f3digo Humano<\/a><\/h2>\n\n<div style=\"font-size:0.75em\" class=\"taxonomy-category has-text-align-left wp-block-post-terms\"><span class=\"wp-block-post-terms__prefix\">em <\/span><a href=\"https:\/\/wp.ufpel.edu.br\/labxd\/category\/extensao\/\" rel=\"tag\">Extens\u00e3o<\/a><span class=\"wp-block-post-terms__separator\">, <\/span><a href=\"https:\/\/wp.ufpel.edu.br\/labxd\/category\/extensao\/labxd-talk\/\" rel=\"tag\">LabXD Talk<\/a><\/div>\n\n<div style=\"font-size:0.75em;\" class=\"has-text-align-left wp-block-post-excerpt\"><p class=\"wp-block-post-excerpt__excerpt\">Em tempos de hiperprodutividade tecnol\u00f3gica, C\u00f3digo Humano traz um di\u00e1logo essencial com profissionais, educadores e&hellip;<\/p><p class=\"wp-block-post-excerpt__more-text\"><a class=\"wp-block-post-excerpt__more-link\" href=\"https:\/\/wp.ufpel.edu.br\/labxd\/2025\/11\/13\/labtalk-codigo-humano\/\">Leia mais<\/a><\/p><\/div>\n<\/li><\/ul>\n\n\n<p><a href=\"https:\/\/wp.ufpel.edu.br\/labxd\/blog\/\" data-type=\"page\" data-id=\"11\">Veja mais a\u00e7\u00f5es do LABxD \u2192<\/a><\/p>\n<\/div>\n\n\n\n<div style=\"height:0px\" aria-hidden=\"true\" class=\"wp-block-spacer wp-container-content-6c24486e\"><\/div>\n<\/div>\n<\/div><\/section>\n","protected":false},"excerpt":{"rendered":"<p>\u2190 Home A\u00e7\u00f5es do LABxD O Laborat\u00f3rio de Design de Intera\u00e7\u00e3o &#8211; LABxD constitui-se em um projeto que sistematiza diversas a\u00e7\u00f5es no \u00e2mbito de ensino, pesquisa e extens\u00e3o relacionados aos cursos de Design Digital e Design Gr\u00e1fico, com \u00eanfase no design de intera\u00e7\u00e3o, projeto de interfaces e usabilidade de sistemas interativos al\u00e9m de fomentar a [&hellip;]<\/p>\n","protected":false},"author":1373,"featured_media":0,"parent":0,"menu_order":0,"comment_status":"closed","ping_status":"closed","template":"templates\/template-full-notitle.php","meta":{"footnotes":""},"class_list":["post-8","page","type-page","status-publish","hentry","post"],"_links":{"self":[{"href":"https:\/\/wp.ufpel.edu.br\/labxd\/wp-json\/wp\/v2\/pages\/8","targetHints":{"allow":["GET"]}}],"collection":[{"href":"https:\/\/wp.ufpel.edu.br\/labxd\/wp-json\/wp\/v2\/pages"}],"about":[{"href":"https:\/\/wp.ufpel.edu.br\/labxd\/wp-json\/wp\/v2\/types\/page"}],"author":[{"embeddable":true,"href":"https:\/\/wp.ufpel.edu.br\/labxd\/wp-json\/wp\/v2\/users\/1373"}],"replies":[{"embeddable":true,"href":"https:\/\/wp.ufpel.edu.br\/labxd\/wp-json\/wp\/v2\/comments?post=8"}],"version-history":[{"count":38,"href":"https:\/\/wp.ufpel.edu.br\/labxd\/wp-json\/wp\/v2\/pages\/8\/revisions"}],"predecessor-version":[{"id":900,"href":"https:\/\/wp.ufpel.edu.br\/labxd\/wp-json\/wp\/v2\/pages\/8\/revisions\/900"}],"wp:attachment":[{"href":"https:\/\/wp.ufpel.edu.br\/labxd\/wp-json\/wp\/v2\/media?parent=8"}],"curies":[{"name":"wp","href":"https:\/\/api.w.org\/{rel}","templated":true}]}}