{"id":906,"date":"2019-11-19T12:28:17","date_gmt":"2019-11-19T15:28:17","guid":{"rendered":"https:\/\/wp.ufpel.edu.br\/labvir\/?page_id=906"},"modified":"2019-11-22T10:14:24","modified_gmt":"2019-11-22T13:14:24","slug":"aulas","status":"publish","type":"page","link":"https:\/\/wp.ufpel.edu.br\/labvir\/disciplinas\/graduacao\/vacinologia\/aulas\/","title":{"rendered":"Aulas"},"content":{"rendered":"<p><a href=\"https:\/\/wp.ufpel.edu.br\/labvir\/files\/2019\/11\/Vacinas-com-tecnologia-molecular.pdf\">Vacinas com tecnologia molecular<\/a><\/p>\n<p><a href=\"https:\/\/wp.ufpel.edu.br\/labvir\/files\/2019\/11\/VACINAS-EM-EQUINOS.pdf\">Vacinas em equinos<\/a><\/p>\n<p><a href=\"https:\/\/wp.ufpel.edu.br\/labvir\/files\/2019\/11\/Resposta-a-vacina-v-prova.pdf\">Resposta a vacina<\/a><\/p>\n<p><a href=\"https:\/\/wp.ufpel.edu.br\/labvir\/files\/2019\/11\/Hist\u00f3ria-da-Vacina\u00e7\u00e3o.pdf\">Hist\u00f3ria da Vacina\u00e7\u00e3o<\/a><\/p>\n<p><a href=\"https:\/\/wp.ufpel.edu.br\/labvir\/files\/2019\/11\/efeitos-adversos-v-prova.pdf\">Efeitos adversos<\/a><\/p>\n<p><a href=\"https:\/\/wp.ufpel.edu.br\/labvir\/files\/2019\/11\/Adjuvantes-e-Imunomoduladores.pdf\">Adjuvantes e Imunomoduladores<\/a><\/p>\n<p><a href=\"https:\/\/wp.ufpel.edu.br\/labvir\/files\/2019\/11\/4-Tipos-de-vacinas.pdf\">Tipos de vacinas<\/a><\/p>\n<p><a href=\"https:\/\/wp.ufpel.edu.br\/labvir\/files\/2019\/11\/Vacinas_Bovinos_2111.pdf\">Vacinas em Bovinos<\/a><\/p>\n<p><a href=\"https:\/\/wp.ufpel.edu.br\/labvir\/files\/2019\/11\/Vacina\u00e7\u00e3o-em-pequenos-animais.pdf\">Vacina\u00e7\u00e3o em pequenos animais<\/a><\/p>\n","protected":false},"excerpt":{"rendered":"<p>Vacinas com tecnologia molecular Vacinas em equinos Resposta a vacina Hist\u00f3ria da Vacina\u00e7\u00e3o Efeitos adversos Adjuvantes e Imunomoduladores Tipos de vacinas Vacinas em Bovinos Vacina\u00e7\u00e3o em pequenos animais<\/p>\n","protected":false},"author":522,"featured_media":0,"parent":164,"menu_order":1,"comment_status":"closed","ping_status":"closed","template":"","meta":{"footnotes":""},"class_list":["post-906","page","type-page","status-publish","hentry"],"_links":{"self":[{"href":"https:\/\/wp.ufpel.edu.br\/labvir\/wp-json\/wp\/v2\/pages\/906","targetHints":{"allow":["GET"]}}],"collection":[{"href":"https:\/\/wp.ufpel.edu.br\/labvir\/wp-json\/wp\/v2\/pages"}],"about":[{"href":"https:\/\/wp.ufpel.edu.br\/labvir\/wp-json\/wp\/v2\/types\/page"}],"author":[{"embeddable":true,"href":"https:\/\/wp.ufpel.edu.br\/labvir\/wp-json\/wp\/v2\/users\/522"}],"replies":[{"embeddable":true,"href":"https:\/\/wp.ufpel.edu.br\/labvir\/wp-json\/wp\/v2\/comments?post=906"}],"version-history":[{"count":4,"href":"https:\/\/wp.ufpel.edu.br\/labvir\/wp-json\/wp\/v2\/pages\/906\/revisions"}],"predecessor-version":[{"id":912,"href":"https:\/\/wp.ufpel.edu.br\/labvir\/wp-json\/wp\/v2\/pages\/906\/revisions\/912"}],"up":[{"embeddable":true,"href":"https:\/\/wp.ufpel.edu.br\/labvir\/wp-json\/wp\/v2\/pages\/164"}],"wp:attachment":[{"href":"https:\/\/wp.ufpel.edu.br\/labvir\/wp-json\/wp\/v2\/media?parent=906"}],"curies":[{"name":"wp","href":"https:\/\/api.w.org\/{rel}","templated":true}]}}