{"id":894,"date":"2019-11-07T12:52:38","date_gmt":"2019-11-07T15:52:38","guid":{"rendered":"https:\/\/wp.ufpel.edu.br\/labvir\/?page_id=894"},"modified":"2024-01-31T14:36:01","modified_gmt":"2024-01-31T17:36:01","slug":"caninos","status":"publish","type":"page","link":"https:\/\/wp.ufpel.edu.br\/labvir\/servicos\/diagnosticos\/caninos\/","title":{"rendered":"Caninos"},"content":{"rendered":"<table style=\"height: 137px;\" width=\"720\">\n<tbody>\n<tr>\n<td style=\"width: 281px; text-align: center;\"><strong>TESTE<\/strong><\/td>\n<td style=\"width: 250px; text-align: center;\"><strong>DIAGN\u00d3STICO<\/strong><\/td>\n<td style=\"width: 89px; text-align: center;\"><strong>VALOR<\/strong><\/td>\n<td style=\"width: 70px; text-align: center;\"><strong>PRAZO<\/strong><\/td>\n<\/tr>\n<tr>\n<td style=\"width: 281px;\">Rea\u00e7\u00e3o em Cadeia da Polimerase (PCR)<\/td>\n<td style=\"width: 250px; text-align: center;\">V\u00edrus da Cinomose Canina (CDV)<\/td>\n<td style=\"width: 89px; text-align: center;\">R$150,00<\/td>\n<td style=\"width: 70px; text-align: center;\">7 dias<\/td>\n<\/tr>\n<\/tbody>\n<\/table>\n<p>&nbsp;<\/p>\n","protected":false},"excerpt":{"rendered":"<p>TESTE DIAGN\u00d3STICO VALOR PRAZO Rea\u00e7\u00e3o em Cadeia da Polimerase (PCR) V\u00edrus da Cinomose Canina (CDV) R$150,00 7 dias &nbsp;<\/p>\n","protected":false},"author":522,"featured_media":0,"parent":140,"menu_order":6,"comment_status":"closed","ping_status":"closed","template":"","meta":{"footnotes":""},"class_list":["post-894","page","type-page","status-publish","hentry"],"_links":{"self":[{"href":"https:\/\/wp.ufpel.edu.br\/labvir\/wp-json\/wp\/v2\/pages\/894","targetHints":{"allow":["GET"]}}],"collection":[{"href":"https:\/\/wp.ufpel.edu.br\/labvir\/wp-json\/wp\/v2\/pages"}],"about":[{"href":"https:\/\/wp.ufpel.edu.br\/labvir\/wp-json\/wp\/v2\/types\/page"}],"author":[{"embeddable":true,"href":"https:\/\/wp.ufpel.edu.br\/labvir\/wp-json\/wp\/v2\/users\/522"}],"replies":[{"embeddable":true,"href":"https:\/\/wp.ufpel.edu.br\/labvir\/wp-json\/wp\/v2\/comments?post=894"}],"version-history":[{"count":5,"href":"https:\/\/wp.ufpel.edu.br\/labvir\/wp-json\/wp\/v2\/pages\/894\/revisions"}],"predecessor-version":[{"id":1165,"href":"https:\/\/wp.ufpel.edu.br\/labvir\/wp-json\/wp\/v2\/pages\/894\/revisions\/1165"}],"up":[{"embeddable":true,"href":"https:\/\/wp.ufpel.edu.br\/labvir\/wp-json\/wp\/v2\/pages\/140"}],"wp:attachment":[{"href":"https:\/\/wp.ufpel.edu.br\/labvir\/wp-json\/wp\/v2\/media?parent=894"}],"curies":[{"name":"wp","href":"https:\/\/api.w.org\/{rel}","templated":true}]}}