{"id":757,"date":"2019-06-03T16:08:34","date_gmt":"2019-06-03T19:08:34","guid":{"rendered":"https:\/\/wp.ufpel.edu.br\/labvir\/?page_id=757"},"modified":"2024-01-31T14:46:35","modified_gmt":"2024-01-31T17:46:35","slug":"equinos","status":"publish","type":"page","link":"https:\/\/wp.ufpel.edu.br\/labvir\/servicos\/diagnosticos\/equinos\/","title":{"rendered":"Equinos"},"content":{"rendered":"<table style=\"width: 587px; height: 151px;\">\n<tbody>\n<tr>\n<td style=\"width: 200.469px; text-align: justify;\"><strong>TESTE<\/strong><\/td>\n<td style=\"width: 181.766px; text-align: center;\"><strong>DIAGN\u00d3STICO<\/strong><\/td>\n<td style=\"width: 82.5625px; text-align: center;\"><strong>VALOR<\/strong><\/td>\n<td style=\"width: 94.2031px; text-align: center;\"><strong>PRAZO<\/strong><\/td>\n<\/tr>\n<tr>\n<td style=\"width: 200.469px; text-align: justify;\">Rea\u00e7\u00e3o em Cadeia da Polimerase (PCR)<\/td>\n<td style=\"width: 181.766px; text-align: center;\">Herpesv\u00edrus Equino (EHV)<\/td>\n<td style=\"width: 82.5625px; text-align: center;\">R$150,00<\/td>\n<td style=\"width: 94.2031px; text-align: center;\">7 dias<\/td>\n<\/tr>\n<\/tbody>\n<\/table>\n<p>&nbsp;<\/p>\n","protected":false},"excerpt":{"rendered":"<p>TESTE DIAGN\u00d3STICO VALOR PRAZO Rea\u00e7\u00e3o em Cadeia da Polimerase (PCR) Herpesv\u00edrus Equino (EHV) R$150,00 7 dias &nbsp;<\/p>\n","protected":false},"author":522,"featured_media":0,"parent":140,"menu_order":0,"comment_status":"closed","ping_status":"closed","template":"","meta":{"footnotes":""},"class_list":["post-757","page","type-page","status-publish","hentry"],"_links":{"self":[{"href":"https:\/\/wp.ufpel.edu.br\/labvir\/wp-json\/wp\/v2\/pages\/757","targetHints":{"allow":["GET"]}}],"collection":[{"href":"https:\/\/wp.ufpel.edu.br\/labvir\/wp-json\/wp\/v2\/pages"}],"about":[{"href":"https:\/\/wp.ufpel.edu.br\/labvir\/wp-json\/wp\/v2\/types\/page"}],"author":[{"embeddable":true,"href":"https:\/\/wp.ufpel.edu.br\/labvir\/wp-json\/wp\/v2\/users\/522"}],"replies":[{"embeddable":true,"href":"https:\/\/wp.ufpel.edu.br\/labvir\/wp-json\/wp\/v2\/comments?post=757"}],"version-history":[{"count":8,"href":"https:\/\/wp.ufpel.edu.br\/labvir\/wp-json\/wp\/v2\/pages\/757\/revisions"}],"predecessor-version":[{"id":1168,"href":"https:\/\/wp.ufpel.edu.br\/labvir\/wp-json\/wp\/v2\/pages\/757\/revisions\/1168"}],"up":[{"embeddable":true,"href":"https:\/\/wp.ufpel.edu.br\/labvir\/wp-json\/wp\/v2\/pages\/140"}],"wp:attachment":[{"href":"https:\/\/wp.ufpel.edu.br\/labvir\/wp-json\/wp\/v2\/media?parent=757"}],"curies":[{"name":"wp","href":"https:\/\/api.w.org\/{rel}","templated":true}]}}