{"id":705,"date":"2019-05-27T16:45:35","date_gmt":"2019-05-27T19:45:35","guid":{"rendered":"https:\/\/wp.ufpel.edu.br\/labvir\/?page_id=705"},"modified":"2019-05-27T18:05:56","modified_gmt":"2019-05-27T21:05:56","slug":"sanidade-de-aves","status":"publish","type":"page","link":"https:\/\/wp.ufpel.edu.br\/labvir\/disciplinas\/pos-graduacao\/sanidade-de-aves\/","title":{"rendered":"Sanidade de Aves"},"content":{"rendered":"<p style=\"text-align: justify\"><strong>Unidade:<\/strong>\u00a0<a href=\"https:\/\/wp.ufpel.edu.br\/veterinaria\/\">Faculdade de Veterin\u00e1ria &#8211; UFPel<\/a><\/p>\n<p style=\"text-align: justify\"><strong>Departamento:<\/strong> Veterin\u00e1ria Preventiva<\/p>\n<p style=\"text-align: justify\"><strong>Disciplina:<\/strong> 528059 &#8211; Sanidade de Aves<\/p>\n<p style=\"text-align: justify\"><strong>Cr\u00e9ditos:<\/strong> 03<\/p>\n<p style=\"text-align: justify\"><strong>Carga hor\u00e1ria:<\/strong> 51 horas<\/p>\n","protected":false},"excerpt":{"rendered":"<p>Unidade:\u00a0Faculdade de Veterin\u00e1ria &#8211; UFPel Departamento: Veterin\u00e1ria Preventiva Disciplina: 528059 &#8211; Sanidade de Aves Cr\u00e9ditos: 03 Carga hor\u00e1ria: 51 horas<\/p>\n","protected":false},"author":522,"featured_media":0,"parent":159,"menu_order":0,"comment_status":"closed","ping_status":"closed","template":"","meta":{"footnotes":""},"class_list":["post-705","page","type-page","status-publish","hentry"],"_links":{"self":[{"href":"https:\/\/wp.ufpel.edu.br\/labvir\/wp-json\/wp\/v2\/pages\/705","targetHints":{"allow":["GET"]}}],"collection":[{"href":"https:\/\/wp.ufpel.edu.br\/labvir\/wp-json\/wp\/v2\/pages"}],"about":[{"href":"https:\/\/wp.ufpel.edu.br\/labvir\/wp-json\/wp\/v2\/types\/page"}],"author":[{"embeddable":true,"href":"https:\/\/wp.ufpel.edu.br\/labvir\/wp-json\/wp\/v2\/users\/522"}],"replies":[{"embeddable":true,"href":"https:\/\/wp.ufpel.edu.br\/labvir\/wp-json\/wp\/v2\/comments?post=705"}],"version-history":[{"count":2,"href":"https:\/\/wp.ufpel.edu.br\/labvir\/wp-json\/wp\/v2\/pages\/705\/revisions"}],"predecessor-version":[{"id":715,"href":"https:\/\/wp.ufpel.edu.br\/labvir\/wp-json\/wp\/v2\/pages\/705\/revisions\/715"}],"up":[{"embeddable":true,"href":"https:\/\/wp.ufpel.edu.br\/labvir\/wp-json\/wp\/v2\/pages\/159"}],"wp:attachment":[{"href":"https:\/\/wp.ufpel.edu.br\/labvir\/wp-json\/wp\/v2\/media?parent=705"}],"curies":[{"name":"wp","href":"https:\/\/api.w.org\/{rel}","templated":true}]}}