{"id":701,"date":"2019-05-27T16:44:03","date_gmt":"2019-05-27T19:44:03","guid":{"rendered":"https:\/\/wp.ufpel.edu.br\/labvir\/?page_id=701"},"modified":"2019-05-27T17:09:28","modified_gmt":"2019-05-27T20:09:28","slug":"imunodiagnostico","status":"publish","type":"page","link":"https:\/\/wp.ufpel.edu.br\/labvir\/disciplinas\/pos-graduacao\/imunodiagnostico\/","title":{"rendered":"Imunodiagn\u00f3stico"},"content":{"rendered":"<p style=\"text-align: justify\"><strong>Unidade:<\/strong>\u00a0<a href=\"https:\/\/wp.ufpel.edu.br\/veterinaria\/\">Faculdade de Veterin\u00e1ria &#8211; UFPel<\/a><\/p>\n<p style=\"text-align: justify\"><strong>Departamento:<\/strong> Veterin\u00e1ria Preventiva<\/p>\n<p style=\"text-align: justify\"><strong>Disciplina:<\/strong> 528056 &#8211; Imunodiagn\u00f3stico<\/p>\n<p style=\"text-align: justify\"><strong>Cr\u00e9ditos:<\/strong> 03<\/p>\n<p style=\"text-align: justify\"><strong>Carga hor\u00e1ria:<\/strong> 51 horas<\/p>\n","protected":false},"excerpt":{"rendered":"<p>Unidade:\u00a0Faculdade de Veterin\u00e1ria &#8211; UFPel Departamento: Veterin\u00e1ria Preventiva Disciplina: 528056 &#8211; Imunodiagn\u00f3stico Cr\u00e9ditos: 03 Carga hor\u00e1ria: 51 horas<\/p>\n","protected":false},"author":522,"featured_media":0,"parent":159,"menu_order":0,"comment_status":"closed","ping_status":"closed","template":"","meta":{"footnotes":""},"class_list":["post-701","page","type-page","status-publish","hentry"],"_links":{"self":[{"href":"https:\/\/wp.ufpel.edu.br\/labvir\/wp-json\/wp\/v2\/pages\/701","targetHints":{"allow":["GET"]}}],"collection":[{"href":"https:\/\/wp.ufpel.edu.br\/labvir\/wp-json\/wp\/v2\/pages"}],"about":[{"href":"https:\/\/wp.ufpel.edu.br\/labvir\/wp-json\/wp\/v2\/types\/page"}],"author":[{"embeddable":true,"href":"https:\/\/wp.ufpel.edu.br\/labvir\/wp-json\/wp\/v2\/users\/522"}],"replies":[{"embeddable":true,"href":"https:\/\/wp.ufpel.edu.br\/labvir\/wp-json\/wp\/v2\/comments?post=701"}],"version-history":[{"count":2,"href":"https:\/\/wp.ufpel.edu.br\/labvir\/wp-json\/wp\/v2\/pages\/701\/revisions"}],"predecessor-version":[{"id":713,"href":"https:\/\/wp.ufpel.edu.br\/labvir\/wp-json\/wp\/v2\/pages\/701\/revisions\/713"}],"up":[{"embeddable":true,"href":"https:\/\/wp.ufpel.edu.br\/labvir\/wp-json\/wp\/v2\/pages\/159"}],"wp:attachment":[{"href":"https:\/\/wp.ufpel.edu.br\/labvir\/wp-json\/wp\/v2\/media?parent=701"}],"curies":[{"name":"wp","href":"https:\/\/api.w.org\/{rel}","templated":true}]}}