{"id":699,"date":"2019-05-27T16:43:34","date_gmt":"2019-05-27T19:43:34","guid":{"rendered":"https:\/\/wp.ufpel.edu.br\/labvir\/?page_id=699"},"modified":"2019-05-27T17:08:21","modified_gmt":"2019-05-27T20:08:21","slug":"cultivo-celular","status":"publish","type":"page","link":"https:\/\/wp.ufpel.edu.br\/labvir\/disciplinas\/pos-graduacao\/cultivo-celular\/","title":{"rendered":"Cultivo Celular"},"content":{"rendered":"<p style=\"text-align: justify\"><strong>Unidade:<\/strong>\u00a0<a href=\"https:\/\/wp.ufpel.edu.br\/veterinaria\/\">Faculdade de Veterin\u00e1ria &#8211; UFPel<\/a><\/p>\n<p style=\"text-align: justify\"><strong>Departamento:<\/strong> Veterin\u00e1ria Preventiva<\/p>\n<p style=\"text-align: justify\"><strong>Disciplina:<\/strong> 528042 &#8211; Cultivo Celular<\/p>\n<p style=\"text-align: justify\"><strong>Cr\u00e9ditos:<\/strong> 04<\/p>\n<p style=\"text-align: justify\"><strong>Carga hor\u00e1ria:<\/strong> 68 horas<\/p>\n","protected":false},"excerpt":{"rendered":"<p>Unidade:\u00a0Faculdade de Veterin\u00e1ria &#8211; UFPel Departamento: Veterin\u00e1ria Preventiva Disciplina: 528042 &#8211; Cultivo Celular Cr\u00e9ditos: 04 Carga hor\u00e1ria: 68 horas<\/p>\n","protected":false},"author":522,"featured_media":0,"parent":159,"menu_order":0,"comment_status":"closed","ping_status":"closed","template":"","meta":{"footnotes":""},"class_list":["post-699","page","type-page","status-publish","hentry"],"_links":{"self":[{"href":"https:\/\/wp.ufpel.edu.br\/labvir\/wp-json\/wp\/v2\/pages\/699","targetHints":{"allow":["GET"]}}],"collection":[{"href":"https:\/\/wp.ufpel.edu.br\/labvir\/wp-json\/wp\/v2\/pages"}],"about":[{"href":"https:\/\/wp.ufpel.edu.br\/labvir\/wp-json\/wp\/v2\/types\/page"}],"author":[{"embeddable":true,"href":"https:\/\/wp.ufpel.edu.br\/labvir\/wp-json\/wp\/v2\/users\/522"}],"replies":[{"embeddable":true,"href":"https:\/\/wp.ufpel.edu.br\/labvir\/wp-json\/wp\/v2\/comments?post=699"}],"version-history":[{"count":3,"href":"https:\/\/wp.ufpel.edu.br\/labvir\/wp-json\/wp\/v2\/pages\/699\/revisions"}],"predecessor-version":[{"id":712,"href":"https:\/\/wp.ufpel.edu.br\/labvir\/wp-json\/wp\/v2\/pages\/699\/revisions\/712"}],"up":[{"embeddable":true,"href":"https:\/\/wp.ufpel.edu.br\/labvir\/wp-json\/wp\/v2\/pages\/159"}],"wp:attachment":[{"href":"https:\/\/wp.ufpel.edu.br\/labvir\/wp-json\/wp\/v2\/media?parent=699"}],"curies":[{"name":"wp","href":"https:\/\/api.w.org\/{rel}","templated":true}]}}