{"id":677,"date":"2019-05-27T12:33:31","date_gmt":"2019-05-27T15:33:31","guid":{"rendered":"https:\/\/wp.ufpel.edu.br\/labvir\/?page_id=677"},"modified":"2024-01-31T14:57:13","modified_gmt":"2024-01-31T17:57:13","slug":"felinos","status":"publish","type":"page","link":"https:\/\/wp.ufpel.edu.br\/labvir\/servicos\/diagnosticos\/felinos\/","title":{"rendered":"Felinos"},"content":{"rendered":"<p style=\"text-align: justify;\">Para a detec\u00e7\u00e3o direta do <em>alphaherpesv\u00edrus felino 1<\/em> e <em>caliciv\u00edrus felino<\/em> por PCR podem ser enviadas amostras de suabe nasal, ocular ou oral\/orofaringe (dependendo o sinal cl\u00ednico apresentado), armazenados em solu\u00e7\u00e3o de MEM (meio essencial m\u00ednimo) contendo antibi\u00f3ticos ou RNAlater (ambos disponibilizados pelo Laborat\u00f3rio) e mantidos sob refrigera\u00e7\u00e3o.<\/p>\n<table style=\"height: 178px; width: 601px;\" width=\"705\">\n<tbody>\n<tr>\n<td style=\"width: 204px; text-align: center;\"><strong>TESTE<\/strong><\/td>\n<td style=\"width: 198px; text-align: center;\"><strong>DIAGN\u00d3STICO<\/strong><\/td>\n<td style=\"width: 113px; text-align: center;\"><strong>VALOR<\/strong><\/td>\n<td style=\"width: 56px; text-align: center;\"><strong>PRAZO<\/strong><\/td>\n<\/tr>\n<tr>\n<td style=\"width: 204px;\">Rea\u00e7\u00e3o em Cadeia da Polimerase (PCR)<\/td>\n<td style=\"width: 198px;\">\n<p>Alphaherpesv\u00edrus Felino 1 (FHV-1)<\/p>\n<p>Caliciv\u00edrus Felino (FCV)<\/td>\n<td style=\"width: 113px; text-align: center;\">R$150,00 cada<\/td>\n<td style=\"width: 56px; text-align: center;\">7 dias<\/td>\n<\/tr>\n<\/tbody>\n<\/table>\n<p>&nbsp;<\/p>\n","protected":false},"excerpt":{"rendered":"<p>Para a detec\u00e7\u00e3o direta do alphaherpesv\u00edrus felino 1 e caliciv\u00edrus felino por PCR podem ser enviadas amostras de suabe nasal, ocular ou oral\/orofaringe (dependendo o sinal cl\u00ednico apresentado), armazenados em solu\u00e7\u00e3o de MEM (meio essencial m\u00ednimo) contendo antibi\u00f3ticos ou RNAlater (ambos disponibilizados pelo Laborat\u00f3rio) e mantidos sob refrigera\u00e7\u00e3o. TESTE DIAGN\u00d3STICO VALOR PRAZO Rea\u00e7\u00e3o em Cadeia [&hellip;]<\/p>\n","protected":false},"author":522,"featured_media":0,"parent":140,"menu_order":4,"comment_status":"closed","ping_status":"closed","template":"","meta":{"footnotes":""},"class_list":["post-677","page","type-page","status-publish","hentry"],"_links":{"self":[{"href":"https:\/\/wp.ufpel.edu.br\/labvir\/wp-json\/wp\/v2\/pages\/677","targetHints":{"allow":["GET"]}}],"collection":[{"href":"https:\/\/wp.ufpel.edu.br\/labvir\/wp-json\/wp\/v2\/pages"}],"about":[{"href":"https:\/\/wp.ufpel.edu.br\/labvir\/wp-json\/wp\/v2\/types\/page"}],"author":[{"embeddable":true,"href":"https:\/\/wp.ufpel.edu.br\/labvir\/wp-json\/wp\/v2\/users\/522"}],"replies":[{"embeddable":true,"href":"https:\/\/wp.ufpel.edu.br\/labvir\/wp-json\/wp\/v2\/comments?post=677"}],"version-history":[{"count":7,"href":"https:\/\/wp.ufpel.edu.br\/labvir\/wp-json\/wp\/v2\/pages\/677\/revisions"}],"predecessor-version":[{"id":1171,"href":"https:\/\/wp.ufpel.edu.br\/labvir\/wp-json\/wp\/v2\/pages\/677\/revisions\/1171"}],"up":[{"embeddable":true,"href":"https:\/\/wp.ufpel.edu.br\/labvir\/wp-json\/wp\/v2\/pages\/140"}],"wp:attachment":[{"href":"https:\/\/wp.ufpel.edu.br\/labvir\/wp-json\/wp\/v2\/media?parent=677"}],"curies":[{"name":"wp","href":"https:\/\/api.w.org\/{rel}","templated":true}]}}