{"id":671,"date":"2019-05-27T12:29:33","date_gmt":"2019-05-27T15:29:33","guid":{"rendered":"https:\/\/wp.ufpel.edu.br\/labvir\/?page_id=671"},"modified":"2024-01-31T14:56:35","modified_gmt":"2024-01-31T17:56:35","slug":"bovinos","status":"publish","type":"page","link":"https:\/\/wp.ufpel.edu.br\/labvir\/servicos\/diagnosticos\/bovinos\/","title":{"rendered":"Bovinos"},"content":{"rendered":"<p style=\"text-align: justify;\">Em caso de suspeita de BVD\/IBR\/LBV, deve-se realizar coleta de sangue dos animais em quest\u00e3o (de 5-8 ml) em tubos de coleta sem anticoagulante, identificados de acordo com o n\u00famero\/nome do animal, e encaminhar ao laborat\u00f3rio em caixa t\u00e9rmica, com gelo recicl\u00e1vel, para conserva\u00e7\u00e3o do material. O diagn\u00f3stico sorol\u00f3gico de BVD e IBR \u00e9 realizado atrav\u00e9s da t\u00e9cnica de soroneutraliza\u00e7\u00e3o (SN) que detecta o t\u00edtulo de anticorpos contra o agente em quest\u00e3o, no soro do animal; e por ELISA para o v\u00edrus da leucose.<\/p>\n<p style=\"text-align: justify;\">A detec\u00e7\u00e3o direta do agente por isolamento em cultivo celular (BVD\/IBR) pode ser realizada a partir de sangue (coletado em tubo com anticoagulante EDTA) ou tecidos. Ainda, para a pesquisa de RNA do BVDV pode ser enviado soro, sangue ou tecidos, para a realiza\u00e7\u00e3o da rea\u00e7\u00e3o em cadeia da polimerase (PCR).<\/p>\n<p style=\"text-align: justify;\">Para a vacina experimental aut\u00f3gena nos casos de papilomatose, deve ser enviado 10g da &#8220;verruga&#8221; para cada vacina a ser produzida.<\/p>\n<table style=\"width: 620px; height: 923px;\">\n<tbody>\n<tr style=\"height: 24px;\">\n<td style=\"width: 191px; height: 24px; text-align: center;\"><strong>TESTE<\/strong><\/td>\n<td style=\"width: 241px; height: 24px; text-align: center;\"><strong>DIAGN\u00d3STICO<\/strong><\/td>\n<td style=\"width: 117px; height: 24px; text-align: center;\"><strong>VALOR<\/strong><\/td>\n<td style=\"width: 47px; height: 24px; text-align: center;\"><strong>PRAZO<\/strong><\/td>\n<\/tr>\n<tr style=\"height: 168px;\">\n<td style=\"width: 191px; height: 168px;\">Rea\u00e7\u00e3o em Cadeia da Polimerase (PCR)<\/td>\n<td style=\"width: 241px; height: 168px;\">\n<p>\u00a0V\u00edrus da Diarreia Viral Bovina (1, 2 e HoB-like)<\/p>\n<p>Herpesv\u00edrus Bovino (BoHV)<\/td>\n<td style=\"width: 117px; height: 168px; text-align: center;\">R$150,00 cada<\/td>\n<td style=\"width: 47px; height: 168px; text-align: center;\">7 dias<\/td>\n<\/tr>\n<tr style=\"height: 168px;\">\n<td style=\"width: 191px; height: 168px;\">Soroneutraliza\u00e7\u00e3o<\/td>\n<td style=\"width: 241px; height: 168px;\">\n<p>Rinotraque\u00edte Infecciosa Bovina (IBR)<\/p>\n<p>Diarreia Viral Bovina (BVD)<\/td>\n<td style=\"width: 117px; height: 168px; text-align: center;\">R$30,00 cada<\/td>\n<td style=\"width: 47px; height: 168px; text-align: center;\">15 dias<\/td>\n<\/tr>\n<tr style=\"height: 168px;\">\n<td style=\"width: 191px; height: 168px;\">Isolamento em Cultivo Celular (ICC)<\/td>\n<td style=\"width: 241px; height: 168px;\">\n<p>Rinotraque\u00edte Infecciosa Bovina (IBR)<\/p>\n<p>Diarreia Viral Bovina (BVD)<\/td>\n<td style=\"width: 117px; height: 168px; text-align: center;\">R$80,00 cada<\/td>\n<td style=\"width: 47px; height: 168px; text-align: center;\">20 dias<\/td>\n<\/tr>\n<tr style=\"height: 72px;\">\n<td style=\"width: 191px; height: 72px;\">Ensaio Imunoenzim\u00e1tico (ELISA)<\/td>\n<td style=\"width: 241px; height: 72px;\">Leucose Enzo\u00f3tica Bovina (LEB)<\/td>\n<td style=\"width: 117px; height: 72px; text-align: center;\">R$50,00<\/td>\n<td style=\"width: 47px; height: 72px; text-align: center;\">7 dias<\/td>\n<\/tr>\n<tr style=\"height: 232px;\">\n<td style=\"width: 191px; height: 232px;\">Vacina Experimental<\/td>\n<td style=\"width: 241px; height: 232px;\">\n<p>Papilomatose (1 vacina = 2 doses)<\/p>\n<p>Rinotraque\u00edte Infecciosa Bovina (IBR\/IPV)<\/p>\n<p>Diarreia Viral Bovina (BVD)<\/td>\n<td style=\"width: 117px; height: 232px; text-align: center;\">\n<p>R$30,00<\/p>\n<p>&nbsp;<\/p>\n<p>R$10,00<\/p>\n<p>&nbsp;<\/p>\n<p>R$10,00<\/td>\n<td style=\"width: 47px; height: 232px; text-align: center;\">\n<p>&nbsp;<\/p>\n<p>&nbsp;<\/p>\n<p>15 dias<\/p>\n<p>&nbsp;<\/p>\n<p>&nbsp;<\/td>\n<\/tr>\n<\/tbody>\n<\/table>\n<p>&nbsp;<\/p>\n","protected":false},"excerpt":{"rendered":"<p>Em caso de suspeita de BVD\/IBR\/LBV, deve-se realizar coleta de sangue dos animais em quest\u00e3o (de 5-8 ml) em tubos de coleta sem anticoagulante, identificados de acordo com o n\u00famero\/nome do animal, e encaminhar ao laborat\u00f3rio em caixa t\u00e9rmica, com gelo recicl\u00e1vel, para conserva\u00e7\u00e3o do material. O diagn\u00f3stico sorol\u00f3gico de BVD e IBR \u00e9 realizado [&hellip;]<\/p>\n","protected":false},"author":522,"featured_media":0,"parent":140,"menu_order":3,"comment_status":"closed","ping_status":"closed","template":"","meta":{"footnotes":""},"class_list":["post-671","page","type-page","status-publish","hentry"],"_links":{"self":[{"href":"https:\/\/wp.ufpel.edu.br\/labvir\/wp-json\/wp\/v2\/pages\/671","targetHints":{"allow":["GET"]}}],"collection":[{"href":"https:\/\/wp.ufpel.edu.br\/labvir\/wp-json\/wp\/v2\/pages"}],"about":[{"href":"https:\/\/wp.ufpel.edu.br\/labvir\/wp-json\/wp\/v2\/types\/page"}],"author":[{"embeddable":true,"href":"https:\/\/wp.ufpel.edu.br\/labvir\/wp-json\/wp\/v2\/users\/522"}],"replies":[{"embeddable":true,"href":"https:\/\/wp.ufpel.edu.br\/labvir\/wp-json\/wp\/v2\/comments?post=671"}],"version-history":[{"count":15,"href":"https:\/\/wp.ufpel.edu.br\/labvir\/wp-json\/wp\/v2\/pages\/671\/revisions"}],"predecessor-version":[{"id":1170,"href":"https:\/\/wp.ufpel.edu.br\/labvir\/wp-json\/wp\/v2\/pages\/671\/revisions\/1170"}],"up":[{"embeddable":true,"href":"https:\/\/wp.ufpel.edu.br\/labvir\/wp-json\/wp\/v2\/pages\/140"}],"wp:attachment":[{"href":"https:\/\/wp.ufpel.edu.br\/labvir\/wp-json\/wp\/v2\/media?parent=671"}],"curies":[{"name":"wp","href":"https:\/\/api.w.org\/{rel}","templated":true}]}}