{"id":666,"date":"2019-05-27T12:19:51","date_gmt":"2019-05-27T15:19:51","guid":{"rendered":"https:\/\/wp.ufpel.edu.br\/labvir\/?page_id=666"},"modified":"2024-01-31T14:12:24","modified_gmt":"2024-01-31T17:12:24","slug":"aves","status":"publish","type":"page","link":"https:\/\/wp.ufpel.edu.br\/labvir\/servicos\/diagnosticos\/aves\/","title":{"rendered":"Aves"},"content":{"rendered":"<p style=\"text-align: justify;\">Em caso de suspeita de bouba avi\u00e1ria, devem ser enviadas ao laborat\u00f3rio amostras de tecido das les\u00f5es, coletadas atrav\u00e9s de biopsia ou necropsia, em caixas t\u00e9rmicas com gelo, refrigeradas ou congeladas, na quantidade m\u00ednima de 1g de tecido.<\/p>\n<table style=\"height: 114px;\" width=\"770\">\n<tbody>\n<tr>\n<td style=\"width: 299px; text-align: center;\"><strong>TESTE<\/strong><\/td>\n<td style=\"width: 143px; text-align: center;\"><strong>DIAGN\u00d3STICO<\/strong><\/td>\n<td style=\"width: 121px; text-align: center;\"><strong>VALOR<\/strong><\/td>\n<td style=\"width: 143px; text-align: center;\"><strong>PRAZO<\/strong><\/td>\n<\/tr>\n<tr>\n<td style=\"width: 299px;\">Rea\u00e7\u00e3o em Cadeia da Polimerase (PCR)<\/td>\n<td style=\"width: 143px; text-align: center;\">Poxv\u00edrus Avi\u00e1rio<\/td>\n<td style=\"width: 121px; text-align: center;\">R$150,00<\/td>\n<td style=\"width: 143px; text-align: center;\">7 dias<\/td>\n<\/tr>\n<\/tbody>\n<\/table>\n<p>&nbsp;<\/p>\n","protected":false},"excerpt":{"rendered":"<p>Em caso de suspeita de bouba avi\u00e1ria, devem ser enviadas ao laborat\u00f3rio amostras de tecido das les\u00f5es, coletadas atrav\u00e9s de biopsia ou necropsia, em caixas t\u00e9rmicas com gelo, refrigeradas ou congeladas, na quantidade m\u00ednima de 1g de tecido. TESTE DIAGN\u00d3STICO VALOR PRAZO Rea\u00e7\u00e3o em Cadeia da Polimerase (PCR) Poxv\u00edrus Avi\u00e1rio R$150,00 7 dias &nbsp;<\/p>\n","protected":false},"author":522,"featured_media":0,"parent":140,"menu_order":2,"comment_status":"closed","ping_status":"closed","template":"","meta":{"footnotes":""},"class_list":["post-666","page","type-page","status-publish","hentry"],"_links":{"self":[{"href":"https:\/\/wp.ufpel.edu.br\/labvir\/wp-json\/wp\/v2\/pages\/666","targetHints":{"allow":["GET"]}}],"collection":[{"href":"https:\/\/wp.ufpel.edu.br\/labvir\/wp-json\/wp\/v2\/pages"}],"about":[{"href":"https:\/\/wp.ufpel.edu.br\/labvir\/wp-json\/wp\/v2\/types\/page"}],"author":[{"embeddable":true,"href":"https:\/\/wp.ufpel.edu.br\/labvir\/wp-json\/wp\/v2\/users\/522"}],"replies":[{"embeddable":true,"href":"https:\/\/wp.ufpel.edu.br\/labvir\/wp-json\/wp\/v2\/comments?post=666"}],"version-history":[{"count":5,"href":"https:\/\/wp.ufpel.edu.br\/labvir\/wp-json\/wp\/v2\/pages\/666\/revisions"}],"predecessor-version":[{"id":1160,"href":"https:\/\/wp.ufpel.edu.br\/labvir\/wp-json\/wp\/v2\/pages\/666\/revisions\/1160"}],"up":[{"embeddable":true,"href":"https:\/\/wp.ufpel.edu.br\/labvir\/wp-json\/wp\/v2\/pages\/140"}],"wp:attachment":[{"href":"https:\/\/wp.ufpel.edu.br\/labvir\/wp-json\/wp\/v2\/media?parent=666"}],"curies":[{"name":"wp","href":"https:\/\/api.w.org\/{rel}","templated":true}]}}