{"id":660,"date":"2019-05-27T12:16:22","date_gmt":"2019-05-27T15:16:22","guid":{"rendered":"https:\/\/wp.ufpel.edu.br\/labvir\/?page_id=660"},"modified":"2022-07-23T13:04:05","modified_gmt":"2022-07-23T16:04:05","slug":"abelhas","status":"publish","type":"page","link":"https:\/\/wp.ufpel.edu.br\/labvir\/servicos\/diagnosticos\/abelhas\/","title":{"rendered":"Abelhas"},"content":{"rendered":"<p style=\"text-align: justify;\"><strong><u>COLETA E ENVIO DE ABELHAS<\/u><\/strong><\/p>\n<p style=\"text-align: justify;\"><strong>Abelhas Congeladas<\/strong><\/p>\n<ul>\n<li style=\"text-align: justify;\">Coletar em torno de <strong>20 abelhas <\/strong>de cada colmeia. Devem ser enviadas, <strong>no<\/strong> <strong>m\u00ednimo, 5 amostras (colmeias) <\/strong>por api\u00e1rio. As amostras devem ser armazenadas em potes fechados com furos suficientes para ventila\u00e7\u00e3o (fazer com prego aquecido, por exemplo);<\/li>\n<li style=\"text-align: justify;\">Identificar as amostras com n\u00famero referente a colmeia e iniciais do produtor. Por exemplo. Colmeia 1 do produtor Jo\u00e3o da Silva (1 \u2013 JS);<\/li>\n<li style=\"text-align: justify;\"><strong>Congelar<\/strong> os potes imediatamente ap\u00f3s a coleta. As abelhas devem ser congeladas ainda vivas e as amostras devem permanecer no congelador por um per\u00edodo m\u00ednimo de <strong>8 horas;<\/strong><\/li>\n<li style=\"text-align: justify;\">Acondicionar as amostras em caixa de isopor, junto a <strong>embalagens de gelo<\/strong> descart\u00e1vel, parra encaminhamento a transportadora ou t\u00e9cnico respons\u00e1vel pelo envio.<\/li>\n<\/ul>\n<p>&nbsp;<\/p>\n<p style=\"text-align: justify;\"><strong>Abelhas vivas<\/strong><\/p>\n<ul>\n<li style=\"text-align: justify;\">Coletar em torno de <strong>20 abelhas <\/strong>de cada colmeia. Devem ser enviadas, <strong>no<\/strong> <strong>m\u00ednimo, 5 amostras (colmeias) <\/strong>por api\u00e1rio. Armazenar cada amostra em gaiolas individuais, apropriadas para envio de rainhas e\/ou abelhas adultas;<\/li>\n<li style=\"text-align: justify;\">Junto \u00e0 gaiola deve ser adicionado <strong>p\u00e3o de mel<\/strong> ou algum substrato que sirva de alimento para as abelhas, possibilitando o transporte das abelhas vivas.<\/li>\n<li style=\"text-align: justify;\"><strong>Identificar as amostras<\/strong> com n\u00famero referente a colmeia e iniciais do produtor. Por exemplo. Colmeia 1 do produtor Jo\u00e3o da Silva (1 \u2013 JS);<\/li>\n<li style=\"text-align: justify;\">Encaminhar as amostras \u00e0 transportadora ou t\u00e9cnico respons\u00e1vel pelo transporte.<\/li>\n<\/ul>\n<p>&nbsp;<\/p>\n<p style=\"text-align: justify;\"><strong>Observa\u00e7\u00f5es Importantes<\/strong><\/p>\n<ul>\n<li style=\"text-align: justify;\">O material deve chegar no LabVir Assim, recomenda-se que o per\u00edido de transporte n\u00e3o exceda <strong>48 horas<\/strong>;<\/li>\n<li style=\"text-align: justify;\">Em caso de <strong>transporte em gaiolas<\/strong>, as abelhas devem chegar at\u00e9 o laborat\u00f3rio <strong>vivas<\/strong>;<\/li>\n<li style=\"text-align: justify;\">Preencher o question\u00e1rio e enviar juntamente com as amostras. O laudo ser\u00e1 encaminhado para o e-mail informado no question\u00e1rio no prazo de 15 dias \u00fateis (<a href=\"https:\/\/wp.ufpel.edu.br\/labvir\/files\/2019\/08\/Question\u00e1rio_SanidadeAp\u00edcola-1.pdf\">CLIQUE AQUI PARA BAIXAR O QUESTION\u00c1RIO)<\/a>;<\/li>\n<li style=\"text-align: justify;\">Recomenda-se coletar as amostras pela manh\u00e3 e encaminhar \u00e0 transportadora na tarde do <strong>mesmo dia<\/strong>. Caso n\u00e3o seja poss\u00edvel, deve-se coletar \u00e0 tarde, acondicionar as amostras no congelador durante toda noite, e encaminhar ao transporte pela manh\u00e3;<\/li>\n<li style=\"text-align: justify;\">O recebimento de <strong>amostras invi\u00e1veis<\/strong>, n\u00e3o refrigeradas ou mortas quando em gaiolas, acarretar\u00e1 a <strong>impossibilidade de processamento<\/strong> de amostras;<\/li>\n<li style=\"text-align: justify;\">O <strong>envio<\/strong> das amostras deve ser <strong>notificado por e-mail<\/strong>, para agilizar o processo de coleta na distribuidora.<\/li>\n<\/ul>\n<p>&nbsp;<\/p>\n<p style=\"text-align: justify;\"><strong>Endere\u00e7o de envio<\/strong><\/p>\n<ul>\n<li style=\"text-align: justify;\">Laborat\u00f3rio de Virologia e Imunologia, Faculdade de Veterin\u00e1ria, Campus Universit\u00e1rio Cap\u00e3o do Le\u00e3o\/UFPel, Pr\u00e9dio 1, Cap\u00e3o do Le\u00e3o (RS), CEP 96010-900. (53) 32757412 \u2013 (53) 99913.4421 ufpel@gmail.com<\/li>\n<\/ul>\n<p>&nbsp;<\/p>\n<table>\n<tbody>\n<tr>\n<td style=\"width: 150px;\" width=\"142\">TESTE<\/td>\n<td style=\"width: 187px;\" width=\"142\">DIAGN\u00d3STICO<\/td>\n<td style=\"width: 128px;\" width=\"142\">VALOR<\/td>\n<td style=\"width: 119px;\" width=\"142\">PRAZO<\/td>\n<\/tr>\n<tr>\n<td style=\"width: 150px;\" width=\"142\">Rea\u00e7\u00e3o em Cadeia da Polimerase (PCR)<\/td>\n<td style=\"width: 187px;\" width=\"142\">\n<p>V\u00edrus da asa deformada (DWV)<\/p>\n<p>V\u00edrus da realeira negra (BQCV)<\/p>\n<p>V\u00edrus da paralisia aguda (ABPV)<\/p>\n<p>V\u00edrus da paralisia aguda israelense (IAPV)<\/p>\n<p>V\u00edrus da paralisia cr\u00f4nica (CBPV)<\/p>\n<p>V\u00edrus da cria ensacada (SBV)<\/p>\n<p>V\u00edrus Kashmira (KBV)<\/p>\n<p>Nosema apis<\/p>\n<p>Nosema ceranae<\/td>\n<td style=\"width: 128px;\" width=\"142\">\n<p>Sem custo<\/p>\n<p>* Projeto de pesquisa em andamento<\/td>\n<td style=\"width: 119px;\" width=\"142\">\n<p>15 &#8211; 30 dias<\/p>\n<p>* Dependendo da necessidade de testes adicionais<\/td>\n<\/tr>\n<\/tbody>\n<\/table>\n<p>&nbsp;<\/p>\n","protected":false},"excerpt":{"rendered":"<p>COLETA E ENVIO DE ABELHAS Abelhas Congeladas Coletar em torno de 20 abelhas de cada colmeia. Devem ser enviadas, no m\u00ednimo, 5 amostras (colmeias) por api\u00e1rio. As amostras devem ser armazenadas em potes fechados com furos suficientes para ventila\u00e7\u00e3o (fazer com prego aquecido, por exemplo); Identificar as amostras com n\u00famero referente a colmeia e iniciais [&hellip;]<\/p>\n","protected":false},"author":522,"featured_media":0,"parent":140,"menu_order":1,"comment_status":"closed","ping_status":"closed","template":"","meta":{"footnotes":""},"class_list":["post-660","page","type-page","status-publish","hentry"],"_links":{"self":[{"href":"https:\/\/wp.ufpel.edu.br\/labvir\/wp-json\/wp\/v2\/pages\/660","targetHints":{"allow":["GET"]}}],"collection":[{"href":"https:\/\/wp.ufpel.edu.br\/labvir\/wp-json\/wp\/v2\/pages"}],"about":[{"href":"https:\/\/wp.ufpel.edu.br\/labvir\/wp-json\/wp\/v2\/types\/page"}],"author":[{"embeddable":true,"href":"https:\/\/wp.ufpel.edu.br\/labvir\/wp-json\/wp\/v2\/users\/522"}],"replies":[{"embeddable":true,"href":"https:\/\/wp.ufpel.edu.br\/labvir\/wp-json\/wp\/v2\/comments?post=660"}],"version-history":[{"count":10,"href":"https:\/\/wp.ufpel.edu.br\/labvir\/wp-json\/wp\/v2\/pages\/660\/revisions"}],"predecessor-version":[{"id":1142,"href":"https:\/\/wp.ufpel.edu.br\/labvir\/wp-json\/wp\/v2\/pages\/660\/revisions\/1142"}],"up":[{"embeddable":true,"href":"https:\/\/wp.ufpel.edu.br\/labvir\/wp-json\/wp\/v2\/pages\/140"}],"wp:attachment":[{"href":"https:\/\/wp.ufpel.edu.br\/labvir\/wp-json\/wp\/v2\/media?parent=660"}],"curies":[{"name":"wp","href":"https:\/\/api.w.org\/{rel}","templated":true}]}}