{"id":555,"date":"2019-04-24T09:29:41","date_gmt":"2019-04-24T12:29:41","guid":{"rendered":"https:\/\/wp.ufpel.edu.br\/labvir\/?page_id=555"},"modified":"2019-04-24T09:29:41","modified_gmt":"2019-04-24T12:29:41","slug":"2015-2","status":"publish","type":"page","link":"https:\/\/wp.ufpel.edu.br\/labvir\/publicacoes\/2015-2\/","title":{"rendered":"2015"},"content":{"rendered":"<p style=\"text-align: justify\">FERNANDES, M.; FERREIRA, L.; VARGAS, G. D&#8217;A.; FISCHER, G. H\u00dcBNER, S. de O. Efeito do extrato aquoso de pr\u00f3polis marrom sobre a produ\u00e7\u00e3o de IFN-\u03b3 ap\u00f3s imuniza\u00e7\u00e3o contra parvov\u00edrus canino (CPV) e coronav\u00edrus canino (CCoV). <strong>Ci\u00eancia Animal Brasileira,<\/strong> v. 16, p. 235-242.<\/p>\n<p style=\"text-align: justify\">PICOLI, T.; ZANI, J. L.; PETER, C. M.; ROLL, V. F. B.; RIBEIRO, M. E. R.; VARGAS, G. D&#8217;A.; H\u00dcBNER, S. de O.; LIMA, M. FISCHER, G.\u00a0Milk production characteristics in Southern Brazil. Semina. <strong>Ci\u00eancias Agr\u00e1rias,<\/strong> v. 36, p. 1991-1998, 2015.<\/p>\n<p style=\"text-align: justify\">DIAZ, K. A. F.; H\u00dcBNER, S. de O.; VARGAS, G. D&#8217;A.; FISCHER, G. LILENBAUM, W.; LIMA, M. Ocorr\u00eancia de anticorpos contra o herpesv\u00edrus equino e v\u00edrus da arterite viral equina em rebanhos equinos do estado do Rio de Janeiro.<strong> Ci\u00eancia Animal Brasileira,<\/strong> v. 16, p. 410-418.<\/p>\n<p style=\"text-align: justify\">PICOLI, T.; BARBOSA, J. S.; VARGAS, G. D&#8217;.A.; H\u00dcBNER, S. de O.; FISCHER, G.\u00a0Toxicidade e efici\u00eancia do dimetilsulf\u00f3xido (DMSO) no congelamento de c\u00e9lulas Madin-Darby Bovine Kidney (MDBK). <strong>Science and Animal Health<\/strong>, v. 3, p. 159-168.<\/p>\n<p style=\"text-align: justify\">FERNANDES, M. H. V.; CARGNELUTTI, J. F.; MASUDA, E. K.; H\u00dcBNER, S. O. Peritonite Infecciosa Felina &#8211; relato de caso.\u00a0<strong>Science and Animal Health,<\/strong> v. 3, p. 181-191.<\/p>\n","protected":false},"excerpt":{"rendered":"<p>FERNANDES, M.; FERREIRA, L.; VARGAS, G. D&#8217;A.; FISCHER, G. H\u00dcBNER, S. de O. Efeito do extrato aquoso de pr\u00f3polis marrom sobre a produ\u00e7\u00e3o de IFN-\u03b3 ap\u00f3s imuniza\u00e7\u00e3o contra parvov\u00edrus canino (CPV) e coronav\u00edrus canino (CCoV). Ci\u00eancia Animal Brasileira, v. 16, p. 235-242. PICOLI, T.; ZANI, J. L.; PETER, C. M.; ROLL, V. F. B.; RIBEIRO, [&hellip;]<\/p>\n","protected":false},"author":522,"featured_media":0,"parent":51,"menu_order":5,"comment_status":"closed","ping_status":"closed","template":"","meta":{"footnotes":""},"class_list":["post-555","page","type-page","status-publish","hentry"],"_links":{"self":[{"href":"https:\/\/wp.ufpel.edu.br\/labvir\/wp-json\/wp\/v2\/pages\/555","targetHints":{"allow":["GET"]}}],"collection":[{"href":"https:\/\/wp.ufpel.edu.br\/labvir\/wp-json\/wp\/v2\/pages"}],"about":[{"href":"https:\/\/wp.ufpel.edu.br\/labvir\/wp-json\/wp\/v2\/types\/page"}],"author":[{"embeddable":true,"href":"https:\/\/wp.ufpel.edu.br\/labvir\/wp-json\/wp\/v2\/users\/522"}],"replies":[{"embeddable":true,"href":"https:\/\/wp.ufpel.edu.br\/labvir\/wp-json\/wp\/v2\/comments?post=555"}],"version-history":[{"count":1,"href":"https:\/\/wp.ufpel.edu.br\/labvir\/wp-json\/wp\/v2\/pages\/555\/revisions"}],"predecessor-version":[{"id":556,"href":"https:\/\/wp.ufpel.edu.br\/labvir\/wp-json\/wp\/v2\/pages\/555\/revisions\/556"}],"up":[{"embeddable":true,"href":"https:\/\/wp.ufpel.edu.br\/labvir\/wp-json\/wp\/v2\/pages\/51"}],"wp:attachment":[{"href":"https:\/\/wp.ufpel.edu.br\/labvir\/wp-json\/wp\/v2\/media?parent=555"}],"curies":[{"name":"wp","href":"https:\/\/api.w.org\/{rel}","templated":true}]}}