{"id":553,"date":"2019-04-24T09:22:42","date_gmt":"2019-04-24T12:22:42","guid":{"rendered":"https:\/\/wp.ufpel.edu.br\/labvir\/?page_id=553"},"modified":"2019-04-24T09:22:42","modified_gmt":"2019-04-24T12:22:42","slug":"2016-2","status":"publish","type":"page","link":"https:\/\/wp.ufpel.edu.br\/labvir\/publicacoes\/2016-2\/","title":{"rendered":"2016"},"content":{"rendered":"<p style=\"text-align: justify\">DUMMER, L. A; ARA\u00daJO, I. L.; CAMPOS, F. S.; DA ROSA, M. C.; FINGER, P. F.; DE OLIVEIRA, P. D.; CONCEI\u00c7\u00c3O, F. R. FISCHER, G.; ROEHE, P. M.; LEITE, F. P. L.\u00a0Development of an Indirect ELISA for Serological Diagnosis of Bovine herpesvirus 5. <strong>Plos One,<\/strong> v. 11, p. e0149134.<\/p>\n<p style=\"text-align: justify\">GOUVEA, D. P.; VASCONCELLOS, F. A.; BERWALDT, G. A.; SEIXAS NETO, A. C. P.; FISCHER, G.; SAKATA, R. P.; ALMEIDA, W. P.; CUNICO, W. 2-Aryl-3-(2-morpholinoethyl)thiazolidin-4-ones: Synthesis, antiinflammatory in vivo, cytotoxicity in vitro and molecular docking studies. <strong>European Journal of Medicinal Chemistry<\/strong>, v. 118.<\/p>\n<p style=\"text-align: justify\">PORTELLA, L. P.; CADORE, G. C.; LIMA, M.; SANGIONI, L. A.; FISCHER, G.; VOGEL, F. S. F.\u00a0Antibodies against <em>Neospora caninum , Sarcocystis<\/em> spp. and <em>Toxoplasma gondii<\/em> detected in buffaloes from Rio Grande do Sul, Brazil. <strong>Pesquisa Veterin\u00e1ria Brasileira,<\/strong> v. 36, p. 947-950.<\/p>\n<p style=\"text-align: justify\">PICOLI, T.; PICH, C. S.; LOPES, M. G.; TEIXEIRA, A. G.; FISCHER, G. Sensibilidade de linhagens celulares frente \u00e0 melitina isolada de veneno de abelha.\u00a0<strong>Science and Animal Health<\/strong>, v. 4, p. 101-116.<\/p>\n<p style=\"text-align: justify\">PICOLI, T.; PETER, C. M.; HOFFMAN, J. F.; LATOSINSKI, G.; ZANI, J. L.; VARGAS, G. D&#8217;A.; H\u00dcBNER, S. de O.; FISCHER, G.\u00a0Caracteriza\u00e7\u00e3o qu\u00edmica e a\u00e7\u00e3o antibacteriana de extrato de pr\u00f3polis marrom da regi\u00e3o sul do Brasil. <strong>Revista Brasileira de Medicina Veterin\u00e1ria,<\/strong> v. 38, p. 365-371, 2016.<\/p>\n<p style=\"text-align: justify\">SILVA, F. S.; SILVA, D. S.; VARGAS, G. D.; FISCHER, G.; DE LIMA, M.; H\u00dcBNER, S. O. Terapia antirretroviral no controle da infec\u00e7\u00e3o pelo v\u00edrus da imunodefici\u00eancia felina: revis\u00e3o e perspectivas.<strong> Science and Animal Health<\/strong>,\u00a0v. 4, p. 268-282, 2016.<\/p>\n<p style=\"text-align: justify\">CASTRO, C. C.; SILVA, D. S.; BARENO, V. D. O.; LIMA, M.; CUNICO, W.; H\u00dcBNER, S. de O.; Avalia\u00e7\u00e3o da atividade antiviral de compostos derivados da 2-picolilamina da classe da 4-tiazolidinona contra o v\u00edrus da diarreia viral bovina. <strong>Science and Animal Health,<\/strong> v. 4, p. 47-55.<\/p>\n<p style=\"text-align: justify\">FINGER, P. F.; DUMMER, L. A.; PEPE, M. S.; MAGALH\u00c3ES, C. G.; ESTEVES, P. A.; LEITE, F. P. L.; CONCEI\u00c7\u00c3O, F. R.; H\u00dcBNER, S. de O. Metodologia para express\u00e3o da glicoprote\u00edna S1 do v\u00edrus da bronquite infecciosa das galinhas em sistemas procarioto e eucarioto. <strong>Science and Animal Health<\/strong>, v. 4, p. 81-90.<\/p>\n<p style=\"text-align: justify\">BLANK, D. E.; ALVES, G. H.; FREITAG. R. A.; CORR\u00caA, R. A.; H\u00dcBNER, S. de O.; CLEFF, M. B. Composi\u00e7\u00e3o qu\u00edmica e citotoxicidade de <em>Origanum vulgare<\/em> L. e<em> Rosmarinus officinalis<\/em> L.\u00a0<strong>Science and Animal Health<\/strong>, v. 4, p. 117-130.<\/p>\n","protected":false},"excerpt":{"rendered":"<p>DUMMER, L. A; ARA\u00daJO, I. L.; CAMPOS, F. S.; DA ROSA, M. C.; FINGER, P. F.; DE OLIVEIRA, P. D.; CONCEI\u00c7\u00c3O, F. R. FISCHER, G.; ROEHE, P. M.; LEITE, F. P. L.\u00a0Development of an Indirect ELISA for Serological Diagnosis of Bovine herpesvirus 5. Plos One, v. 11, p. e0149134. GOUVEA, D. P.; VASCONCELLOS, F. A.; [&hellip;]<\/p>\n","protected":false},"author":522,"featured_media":0,"parent":51,"menu_order":4,"comment_status":"closed","ping_status":"closed","template":"","meta":{"footnotes":""},"class_list":["post-553","page","type-page","status-publish","hentry"],"_links":{"self":[{"href":"https:\/\/wp.ufpel.edu.br\/labvir\/wp-json\/wp\/v2\/pages\/553","targetHints":{"allow":["GET"]}}],"collection":[{"href":"https:\/\/wp.ufpel.edu.br\/labvir\/wp-json\/wp\/v2\/pages"}],"about":[{"href":"https:\/\/wp.ufpel.edu.br\/labvir\/wp-json\/wp\/v2\/types\/page"}],"author":[{"embeddable":true,"href":"https:\/\/wp.ufpel.edu.br\/labvir\/wp-json\/wp\/v2\/users\/522"}],"replies":[{"embeddable":true,"href":"https:\/\/wp.ufpel.edu.br\/labvir\/wp-json\/wp\/v2\/comments?post=553"}],"version-history":[{"count":1,"href":"https:\/\/wp.ufpel.edu.br\/labvir\/wp-json\/wp\/v2\/pages\/553\/revisions"}],"predecessor-version":[{"id":554,"href":"https:\/\/wp.ufpel.edu.br\/labvir\/wp-json\/wp\/v2\/pages\/553\/revisions\/554"}],"up":[{"embeddable":true,"href":"https:\/\/wp.ufpel.edu.br\/labvir\/wp-json\/wp\/v2\/pages\/51"}],"wp:attachment":[{"href":"https:\/\/wp.ufpel.edu.br\/labvir\/wp-json\/wp\/v2\/media?parent=553"}],"curies":[{"name":"wp","href":"https:\/\/api.w.org\/{rel}","templated":true}]}}