{"id":551,"date":"2019-04-24T09:11:18","date_gmt":"2019-04-24T12:11:18","guid":{"rendered":"https:\/\/wp.ufpel.edu.br\/labvir\/?page_id=551"},"modified":"2019-04-24T09:11:18","modified_gmt":"2019-04-24T12:11:18","slug":"2017-2","status":"publish","type":"page","link":"https:\/\/wp.ufpel.edu.br\/labvir\/publicacoes\/2017-2\/","title":{"rendered":"2017"},"content":{"rendered":"<p style=\"text-align: justify\">DE CASTRO, C. C.; SILVA, D. S.; VARGAS, G. D&#8217;A.; FISCHER, G.; LIMA, M.; H\u00dcBNER, S. de O. Activity of the antimicrobial peptide P34 against bovine alphaherpesvirus type 1. <strong>Ci\u00eancia Rural,<\/strong> v. 47.<\/p>\n<p style=\"text-align: justify\">PETER, C. M.; PICOLI, T.; ZANI, J. L.; LATOSINSKI, G.; LIMA, M.; VARGAS. G. D&#8217;A.; H\u00dcBNER, S de O. FISCHER, G. Atividade antiviral e virucida de extratos hidroalco\u00f3licos de pr\u00f3polis marrom, verde e de abelhas Jata\u00ed <em>(Tetragonisca angustula)<\/em> frente ao herpersv\u00edrus bovino tipo 1 (BoHV-1) e ao v\u00edrus da diarreia viral bovina (BVDV). <strong>Pesquisa Veterin\u00e1ria Brasileira,<\/strong> v. 37, p. 667-675.<\/p>\n<p style=\"text-align: justify\">SILVA, D. S.; CASTRO, C. C.; SILVA, F. S. E.; COSTA, G. A.; SOARES, M. P.; VARGAS, G. D&#8217;A. FISCHER, F.; LIMA, M.; BRANDELLI, A.; MOTTA, A.; H\u00dcBNER, S. de O.\u00a0Inhibition of equine arteritis virus by an antimicrobial peptide produced by Bacillus sp. P34. <strong>Arquivo Brasileiro de Medicina Veterin\u00e1ria e Zootecnia,<\/strong> v. 69, p. 535-542.<\/p>\n<p style=\"text-align: justify\">PICOLI, T.; PETER, C. M.; ZANI, J. L.; WALLER, S. B.; LOPES, M. G.; BOESCHE, K. N.; VARGAS, G. D&#8217;A.; H\u00dcBNER, S. de O.; FISCHER, G.\u00a0 Melittin and its potential in the destruction and inhibition of the biofilm formation by <em>Staphylococcus aureus<\/em> , <em>Escherichia coli<\/em> and <em>Pseudomonas aeruginosa<\/em> isolated from bovine milk. <strong>Microbial Pathogenesis<\/strong>, v. 111.<\/p>\n<p style=\"text-align: justify\">PICOLI, T.; PETER, C. M.; BOESCHE, K. N.; FONSECA, R. N.; LOPES, M. G.; TEIXEIRA, A. G.; ZANI, J.; FISCHER, G. Estudo comparativo da produ\u00e7\u00e3o leiteira em munic\u00edpios da regi\u00e3o Sul do Rio Grande do Sul. <strong>Science and Animal Health,<\/strong> v. 5, p. 112-124.<\/p>\n<p style=\"text-align: justify\">ROOS, T. B.; DE MORAES, C. M.; STURBELLE, R. T.; DUMMER, L. A.; FISCHER, G. LEITE, F. P. L.\u00a0Probiotics <em>Bacillus toyonensis<\/em> and <em>Saccharomyces boulardii<\/em> improve the vaccine immune response to Bovine herpesvirus type 5 in sheep.<strong> Research in Veterinary Science,<\/strong> v. 117, p. 260.<\/p>\n<p style=\"text-align: justify\">BLANK, D. E.; CORR\u00caA, R. A.; FREITAG, R. A.; CLEFF, M. B.; H\u00dcBNER, S. O.\u00a0Anti-equine arteritis virus activity of ethanolic extract and compounds from Origanum vulgare. <strong>Semina. Ci\u00eancias Agr\u00e1rias,<\/strong> v. 38, p. 759, 2017.<\/p>\n","protected":false},"excerpt":{"rendered":"<p>DE CASTRO, C. C.; SILVA, D. S.; VARGAS, G. D&#8217;A.; FISCHER, G.; LIMA, M.; H\u00dcBNER, S. de O. Activity of the antimicrobial peptide P34 against bovine alphaherpesvirus type 1. Ci\u00eancia Rural, v. 47. PETER, C. M.; PICOLI, T.; ZANI, J. L.; LATOSINSKI, G.; LIMA, M.; VARGAS. G. D&#8217;A.; H\u00dcBNER, S de O. FISCHER, G. Atividade [&hellip;]<\/p>\n","protected":false},"author":522,"featured_media":0,"parent":51,"menu_order":3,"comment_status":"closed","ping_status":"closed","template":"","meta":{"footnotes":""},"class_list":["post-551","page","type-page","status-publish","hentry"],"_links":{"self":[{"href":"https:\/\/wp.ufpel.edu.br\/labvir\/wp-json\/wp\/v2\/pages\/551","targetHints":{"allow":["GET"]}}],"collection":[{"href":"https:\/\/wp.ufpel.edu.br\/labvir\/wp-json\/wp\/v2\/pages"}],"about":[{"href":"https:\/\/wp.ufpel.edu.br\/labvir\/wp-json\/wp\/v2\/types\/page"}],"author":[{"embeddable":true,"href":"https:\/\/wp.ufpel.edu.br\/labvir\/wp-json\/wp\/v2\/users\/522"}],"replies":[{"embeddable":true,"href":"https:\/\/wp.ufpel.edu.br\/labvir\/wp-json\/wp\/v2\/comments?post=551"}],"version-history":[{"count":1,"href":"https:\/\/wp.ufpel.edu.br\/labvir\/wp-json\/wp\/v2\/pages\/551\/revisions"}],"predecessor-version":[{"id":552,"href":"https:\/\/wp.ufpel.edu.br\/labvir\/wp-json\/wp\/v2\/pages\/551\/revisions\/552"}],"up":[{"embeddable":true,"href":"https:\/\/wp.ufpel.edu.br\/labvir\/wp-json\/wp\/v2\/pages\/51"}],"wp:attachment":[{"href":"https:\/\/wp.ufpel.edu.br\/labvir\/wp-json\/wp\/v2\/media?parent=551"}],"curies":[{"name":"wp","href":"https:\/\/api.w.org\/{rel}","templated":true}]}}