{"id":546,"date":"2019-04-24T08:53:37","date_gmt":"2019-04-24T11:53:37","guid":{"rendered":"https:\/\/wp.ufpel.edu.br\/labvir\/?page_id=546"},"modified":"2019-09-16T12:58:54","modified_gmt":"2019-09-16T15:58:54","slug":"2019-2","status":"publish","type":"page","link":"https:\/\/wp.ufpel.edu.br\/labvir\/publicacoes\/2019-2\/","title":{"rendered":"2019"},"content":{"rendered":"<p>CHAGAS, D. B.; MONTEIRO, F. L. ; H\u00dcBNER, S. de O.; LIMA, M. ; FISCHER, G.\u00a0Viruses that affect Apis mellifera and their occurrence in Brazil. <strong>Ci\u00eancia Rural<\/strong>, v. 49, p. 1-8.<\/p>\n<p>MEDEIROS, D. M. ; CAMPOS, F. Z.; LIMA, M.; H\u00dcBNER, S. de O.; VARGAS, G. D&#8217;A.; <b>FISCHER, G.<\/b> Infec\u00e7\u00e3o latente pelo herpesvirus bovino tipo 1 em b\u00fafalos (Bubalus bubalis) no Rio Grande do Sul. <strong>Arquivo Brasileiro de Medicina Veterin\u00e1ria e Zootecnia<\/strong>, v. 71, p. 1236-1242.<\/p>\n<p>PETER, C. M.\u00a0; WALLER, S. B. ;\u00a0PICOLI, T.\u00a0; OSORIO, L. G. ;\u00a0ZANI, J. L.\u00a0; MEIRELES, M. C. ;\u00a0FARIA, R.O.\u00a0; MELLO, J. R. B. ;\u00a0H\u00dcBNER, Silvia de Oliveira\u00a0;\u00a0LIMA, M.\u00a0;\u00a0FISCHER, G. Chemical and cytotoxic analyses of three varieties of Brazilian propolis (green propolis, jata\u00ed propolis and brown propolis) and its anti-Sporothrix brasiliensis in vivo activity. <strong>Arquivo Brasileiro de Medicina Veterin\u00e1ria e Zootecnia<\/strong>, v. 71, p. 819-827.<\/p>\n<p style=\"text-align: justify\">LOPES, M. G.; ECHENIQUE, J. H.; PETER, C. M.; SANTOS, E.; RODRIGUES, P. A.; RODRIGUES, P. R. C.; CORREA, M. N.; SCHMITT, E. ; LIMA, M.;\u00a0FISCHER, G. Humoral immune response in beef heifers supplemented with mineral salt with or without the addition of rumen-protected methionine. Semina. <strong>Ci\u00eancias Agr\u00e1rias,<\/strong> v. 40.<\/p>\n<p style=\"text-align: justify\">HIRSCHMANN, L. C. ; FISCHER, G. ; H\u00dcBNER, S. de O.; LIMA, M. ; VARGAS, G. D&#8217;A. Fatores de risco associados com a presen\u00e7a de infec\u00e7\u00f5es virais em aves dom\u00e9sticas na Regi\u00e3o Sul do Rio Grande do Sul, Brasil. <strong>Acta Scientiae Veterinariae<\/strong>, v. 47, p. 1112.<\/p>\n","protected":false},"excerpt":{"rendered":"<p>CHAGAS, D. B.; MONTEIRO, F. L. ; H\u00dcBNER, S. de O.; LIMA, M. ; FISCHER, G.\u00a0Viruses that affect Apis mellifera and their occurrence in Brazil. Ci\u00eancia Rural, v. 49, p. 1-8. MEDEIROS, D. M. ; CAMPOS, F. Z.; LIMA, M.; H\u00dcBNER, S. de O.; VARGAS, G. D&#8217;A.; FISCHER, G. Infec\u00e7\u00e3o latente pelo herpesvirus bovino tipo [&hellip;]<\/p>\n","protected":false},"author":522,"featured_media":0,"parent":51,"menu_order":1,"comment_status":"closed","ping_status":"closed","template":"","meta":{"footnotes":""},"class_list":["post-546","page","type-page","status-publish","hentry"],"_links":{"self":[{"href":"https:\/\/wp.ufpel.edu.br\/labvir\/wp-json\/wp\/v2\/pages\/546","targetHints":{"allow":["GET"]}}],"collection":[{"href":"https:\/\/wp.ufpel.edu.br\/labvir\/wp-json\/wp\/v2\/pages"}],"about":[{"href":"https:\/\/wp.ufpel.edu.br\/labvir\/wp-json\/wp\/v2\/types\/page"}],"author":[{"embeddable":true,"href":"https:\/\/wp.ufpel.edu.br\/labvir\/wp-json\/wp\/v2\/users\/522"}],"replies":[{"embeddable":true,"href":"https:\/\/wp.ufpel.edu.br\/labvir\/wp-json\/wp\/v2\/comments?post=546"}],"version-history":[{"count":4,"href":"https:\/\/wp.ufpel.edu.br\/labvir\/wp-json\/wp\/v2\/pages\/546\/revisions"}],"predecessor-version":[{"id":819,"href":"https:\/\/wp.ufpel.edu.br\/labvir\/wp-json\/wp\/v2\/pages\/546\/revisions\/819"}],"up":[{"embeddable":true,"href":"https:\/\/wp.ufpel.edu.br\/labvir\/wp-json\/wp\/v2\/pages\/51"}],"wp:attachment":[{"href":"https:\/\/wp.ufpel.edu.br\/labvir\/wp-json\/wp\/v2\/media?parent=546"}],"curies":[{"name":"wp","href":"https:\/\/api.w.org\/{rel}","templated":true}]}}