{"id":535,"date":"2019-03-26T09:57:04","date_gmt":"2019-03-26T12:57:04","guid":{"rendered":"https:\/\/wp.ufpel.edu.br\/labvir\/?page_id=535"},"modified":"2019-05-28T11:27:00","modified_gmt":"2019-05-28T14:27:00","slug":"parvovirose","status":"publish","type":"page","link":"https:\/\/wp.ufpel.edu.br\/labvir\/informacoesuteis\/rinopneumonite-equina\/parvovirose\/","title":{"rendered":"Parvovirose"},"content":{"rendered":"<p style=\"text-align: justify\"><img loading=\"lazy\" decoding=\"async\" class=\"alignleft\" src=\"https:\/\/meusanimais.com.br\/wp-content\/uploads\/2017\/11\/coronavirus-em-caes.jpg\" width=\"181\" height=\"120\" \/>O coronav\u00edrus canino \u00a0(CCoV) \u00e9 um v\u00edrus RNA de fita simples, envelopado, pertencente ao g\u00eanero <em>Coronavirus<\/em>, fam\u00edlia <em>Coronaviridae<\/em>. A enfermidade cursa com gastroenterite, geralmente moderada e auto limitante, mas quando associada \u00e0 outros v\u00edrus, como o parvov\u00edrus, ou ainda a bact\u00e9rias, essa enfermidade pode ser grave e potencialmente fatal. A infec\u00e7\u00e3o por CCoV <strong>\u00e9 restrita ao trato intestinal, sua transmiss\u00e3o ocorre pela via fecal-oral<\/strong> e \u00e9 caracterizada pela elimina\u00e7\u00e3o de altos t\u00edtulos de v\u00edrus nas fezes dos c\u00e3es. No Brasil as pesquisas sobre o CCoV ainda s\u00e3o escassas, mas estudos relatam a presen\u00e7a do v\u00edrus aproximadamente 20% das amostras de fezes provenientes de c\u00e3es com e sem diarreia.\u00a0O diagn\u00f3stico definitivo dessa enfermidade \u00e9 realizado a partir da detec\u00e7\u00e3o do v\u00edrus nas fezes, atrav\u00e9s do isolamento viral ou rea\u00e7\u00e3o em cadeia de polimerase (PCR).<\/p>\n<p>Autoria: Ana Carolina Scariot<\/p>\n","protected":false},"excerpt":{"rendered":"<p>O coronav\u00edrus canino \u00a0(CCoV) \u00e9 um v\u00edrus RNA de fita simples, envelopado, pertencente ao g\u00eanero Coronavirus, fam\u00edlia Coronaviridae. A enfermidade cursa com gastroenterite, geralmente moderada e auto limitante, mas quando associada \u00e0 outros v\u00edrus, como o parvov\u00edrus, ou ainda a bact\u00e9rias, essa enfermidade pode ser grave e potencialmente fatal. A infec\u00e7\u00e3o por CCoV \u00e9 restrita [&hellip;]<\/p>\n","protected":false},"author":522,"featured_media":0,"parent":312,"menu_order":4,"comment_status":"closed","ping_status":"closed","template":"","meta":{"footnotes":""},"class_list":["post-535","page","type-page","status-publish","hentry"],"_links":{"self":[{"href":"https:\/\/wp.ufpel.edu.br\/labvir\/wp-json\/wp\/v2\/pages\/535","targetHints":{"allow":["GET"]}}],"collection":[{"href":"https:\/\/wp.ufpel.edu.br\/labvir\/wp-json\/wp\/v2\/pages"}],"about":[{"href":"https:\/\/wp.ufpel.edu.br\/labvir\/wp-json\/wp\/v2\/types\/page"}],"author":[{"embeddable":true,"href":"https:\/\/wp.ufpel.edu.br\/labvir\/wp-json\/wp\/v2\/users\/522"}],"replies":[{"embeddable":true,"href":"https:\/\/wp.ufpel.edu.br\/labvir\/wp-json\/wp\/v2\/comments?post=535"}],"version-history":[{"count":3,"href":"https:\/\/wp.ufpel.edu.br\/labvir\/wp-json\/wp\/v2\/pages\/535\/revisions"}],"predecessor-version":[{"id":725,"href":"https:\/\/wp.ufpel.edu.br\/labvir\/wp-json\/wp\/v2\/pages\/535\/revisions\/725"}],"up":[{"embeddable":true,"href":"https:\/\/wp.ufpel.edu.br\/labvir\/wp-json\/wp\/v2\/pages\/312"}],"wp:attachment":[{"href":"https:\/\/wp.ufpel.edu.br\/labvir\/wp-json\/wp\/v2\/media?parent=535"}],"curies":[{"name":"wp","href":"https:\/\/api.w.org\/{rel}","templated":true}]}}