{"id":533,"date":"2019-03-26T09:56:31","date_gmt":"2019-03-26T12:56:31","guid":{"rendered":"https:\/\/wp.ufpel.edu.br\/labvir\/?page_id=533"},"modified":"2019-05-27T11:26:54","modified_gmt":"2019-05-27T14:26:54","slug":"hepatite-infecciosa","status":"publish","type":"page","link":"https:\/\/wp.ufpel.edu.br\/labvir\/informacoesuteis\/rinopneumonite-equina\/hepatite-infecciosa\/","title":{"rendered":"Hepatite infecciosa"},"content":{"rendered":"<p style=\"text-align: justify\"><img loading=\"lazy\" decoding=\"async\" class=\"alignleft\" src=\"https:\/\/1.bp.blogspot.com\/-TzXh-vZXdBU\/WQt8yMfthSI\/AAAAAAAAACg\/geLLyiY78RYEay80qt6-4JRjgC2nZiRDwCLcB\/s1600\/boca%2Bcao.jpg\" alt=\"Imagem relacionada\" width=\"224\" height=\"168\" \/>Enfermidade que afeta os c\u00e3es, especialmente mais jovens e n\u00e3o imunizados, causada pelo adenovirus canino tipo 1 (CAdV-1), um v\u00edrus DNA n\u00e3o envelopado. Durante a fase aguda da infec\u00e7\u00e3o, o v\u00edrus pode ser encontrado em todas as secre\u00e7\u00f5es e tecidos do animal acometido. O CAdV-1 tem <strong>tropismo por c\u00e9lulas endoteliais e hepat\u00f3citos, podendo levar o animal ao \u00f3bito por hepatite (fulminante).<\/strong> Os sinais cl\u00ednicos podem incluir apatia, letargia, hipo ou anorexia, dor abdominal, diarreia e tamb\u00e9m sinais neurol\u00f3gicos como desorienta\u00e7\u00e3o e convuls\u00f5es, advindos geralmente de encefalopatia hep\u00e1tica. H\u00e1 vacina dispon\u00edvel contra esta enfermidade.<\/p>\n<p>Autoria: Lariane da Silva Barcelos<\/p>\n","protected":false},"excerpt":{"rendered":"<p>Enfermidade que afeta os c\u00e3es, especialmente mais jovens e n\u00e3o imunizados, causada pelo adenovirus canino tipo 1 (CAdV-1), um v\u00edrus DNA n\u00e3o envelopado. Durante a fase aguda da infec\u00e7\u00e3o, o v\u00edrus pode ser encontrado em todas as secre\u00e7\u00f5es e tecidos do animal acometido. O CAdV-1 tem tropismo por c\u00e9lulas endoteliais e hepat\u00f3citos, podendo levar o [&hellip;]<\/p>\n","protected":false},"author":522,"featured_media":0,"parent":312,"menu_order":3,"comment_status":"closed","ping_status":"closed","template":"","meta":{"footnotes":""},"class_list":["post-533","page","type-page","status-publish","hentry"],"_links":{"self":[{"href":"https:\/\/wp.ufpel.edu.br\/labvir\/wp-json\/wp\/v2\/pages\/533","targetHints":{"allow":["GET"]}}],"collection":[{"href":"https:\/\/wp.ufpel.edu.br\/labvir\/wp-json\/wp\/v2\/pages"}],"about":[{"href":"https:\/\/wp.ufpel.edu.br\/labvir\/wp-json\/wp\/v2\/types\/page"}],"author":[{"embeddable":true,"href":"https:\/\/wp.ufpel.edu.br\/labvir\/wp-json\/wp\/v2\/users\/522"}],"replies":[{"embeddable":true,"href":"https:\/\/wp.ufpel.edu.br\/labvir\/wp-json\/wp\/v2\/comments?post=533"}],"version-history":[{"count":3,"href":"https:\/\/wp.ufpel.edu.br\/labvir\/wp-json\/wp\/v2\/pages\/533\/revisions"}],"predecessor-version":[{"id":646,"href":"https:\/\/wp.ufpel.edu.br\/labvir\/wp-json\/wp\/v2\/pages\/533\/revisions\/646"}],"up":[{"embeddable":true,"href":"https:\/\/wp.ufpel.edu.br\/labvir\/wp-json\/wp\/v2\/pages\/312"}],"wp:attachment":[{"href":"https:\/\/wp.ufpel.edu.br\/labvir\/wp-json\/wp\/v2\/media?parent=533"}],"curies":[{"name":"wp","href":"https:\/\/api.w.org\/{rel}","templated":true}]}}