{"id":531,"date":"2019-03-26T09:55:52","date_gmt":"2019-03-26T12:55:52","guid":{"rendered":"https:\/\/wp.ufpel.edu.br\/labvir\/?page_id=531"},"modified":"2019-05-28T11:22:55","modified_gmt":"2019-05-28T14:22:55","slug":"coronavirose","status":"publish","type":"page","link":"https:\/\/wp.ufpel.edu.br\/labvir\/informacoesuteis\/rinopneumonite-equina\/coronavirose\/","title":{"rendered":"Coronavirose"},"content":{"rendered":"<p style=\"text-align: justify\"><img loading=\"lazy\" decoding=\"async\" class=\"alignright\" src=\"https:\/\/t2.ea.ltmcdn.com\/pt\/images\/7\/4\/9\/parvovirus_canino_o_que_e_e_quais_os_sintomas_22947_0_600.jpg\" alt=\"Resultado de imagem para parvovirus canino\" width=\"202\" height=\"152\" \/>O parvov\u00edrus (CPV-2) canino \u00e9 considerado como um dos principais agentes infecciosos de c\u00e3es, sendo altamente contagioso. \u00c9 um v\u00edrus que pertence ao g\u00eanero <em>Protoparvovirus<\/em>, fam\u00edlia <em>Parvoviridae;<\/em> n\u00e3o envelopado e muito resistente a fatores ambientais e subst\u00e2ncias qu\u00edmicas. A transmiss\u00e3o indireta desempenha importante forma de dissemina\u00e7\u00e3o dos v\u00edrus entre os animais. Possui tr\u00eas varia\u00e7\u00f5es antig\u00eanicas CPV-2-a, CPV-2b e CPV-2c. A parvovirose canina atinge principalmente c\u00e3es entre<strong> 6 semanas a 6 meses de idade.<\/strong> Os principais sinais cl\u00ednicos apresentados s\u00e3o: <strong>v\u00f4mito, diarreia intensa, apatia, anorexia, febre, miocardite e gastrenterite hemorr\u00e1gica que, muitas vezes, pode ser fatal.<\/strong>\u00a0O diagn\u00f3stico definitivo da enfermidade \u00e9 realizado atrav\u00e9s do isolamento viral, microscopia eletr\u00f4nica (ME) e rea\u00e7\u00e3o em cadeia de polimerase (PCR). Desde os primeiros relatos da ocorr\u00eancia da doen\u00e7a no Brasil, o CPV-2 vem se mantendo como uma doen\u00e7a end\u00eamica na popula\u00e7\u00e3o canina e e diversos estudos t\u00eam demonstrado a sua presen\u00e7a em v\u00e1rias regi\u00f5es do pa\u00eds. \u00c9 importante lembrar que a vacina\u00e7\u00e3o \u00e9 a principal forma de preven\u00e7\u00e3o do v\u00edrus.<\/p>\n<p>Autoria: Ana Carolina Scariot<\/p>\n","protected":false},"excerpt":{"rendered":"<p>O parvov\u00edrus (CPV-2) canino \u00e9 considerado como um dos principais agentes infecciosos de c\u00e3es, sendo altamente contagioso. \u00c9 um v\u00edrus que pertence ao g\u00eanero Protoparvovirus, fam\u00edlia Parvoviridae; n\u00e3o envelopado e muito resistente a fatores ambientais e subst\u00e2ncias qu\u00edmicas. A transmiss\u00e3o indireta desempenha importante forma de dissemina\u00e7\u00e3o dos v\u00edrus entre os animais. Possui tr\u00eas varia\u00e7\u00f5es antig\u00eanicas [&hellip;]<\/p>\n","protected":false},"author":522,"featured_media":0,"parent":312,"menu_order":2,"comment_status":"closed","ping_status":"closed","template":"","meta":{"footnotes":""},"class_list":["post-531","page","type-page","status-publish","hentry"],"_links":{"self":[{"href":"https:\/\/wp.ufpel.edu.br\/labvir\/wp-json\/wp\/v2\/pages\/531","targetHints":{"allow":["GET"]}}],"collection":[{"href":"https:\/\/wp.ufpel.edu.br\/labvir\/wp-json\/wp\/v2\/pages"}],"about":[{"href":"https:\/\/wp.ufpel.edu.br\/labvir\/wp-json\/wp\/v2\/types\/page"}],"author":[{"embeddable":true,"href":"https:\/\/wp.ufpel.edu.br\/labvir\/wp-json\/wp\/v2\/users\/522"}],"replies":[{"embeddable":true,"href":"https:\/\/wp.ufpel.edu.br\/labvir\/wp-json\/wp\/v2\/comments?post=531"}],"version-history":[{"count":3,"href":"https:\/\/wp.ufpel.edu.br\/labvir\/wp-json\/wp\/v2\/pages\/531\/revisions"}],"predecessor-version":[{"id":723,"href":"https:\/\/wp.ufpel.edu.br\/labvir\/wp-json\/wp\/v2\/pages\/531\/revisions\/723"}],"up":[{"embeddable":true,"href":"https:\/\/wp.ufpel.edu.br\/labvir\/wp-json\/wp\/v2\/pages\/312"}],"wp:attachment":[{"href":"https:\/\/wp.ufpel.edu.br\/labvir\/wp-json\/wp\/v2\/media?parent=531"}],"curies":[{"name":"wp","href":"https:\/\/api.w.org\/{rel}","templated":true}]}}