{"id":521,"date":"2019-03-26T09:45:59","date_gmt":"2019-03-26T12:45:59","guid":{"rendered":"https:\/\/wp.ufpel.edu.br\/labvir\/?page_id=521"},"modified":"2019-05-27T12:18:11","modified_gmt":"2019-05-27T15:18:11","slug":"bouba","status":"publish","type":"page","link":"https:\/\/wp.ufpel.edu.br\/labvir\/informacoesuteis\/aves\/bouba\/","title":{"rendered":"Bouba"},"content":{"rendered":"<p style=\"text-align: justify\"><a href=\"https:\/\/wp.ufpel.edu.br\/labvir\/files\/2019\/05\/Sem-t\u00edtulo.png\"><img loading=\"lazy\" decoding=\"async\" class=\"size-full wp-image-631 alignright\" src=\"https:\/\/wp.ufpel.edu.br\/labvir\/files\/2019\/05\/Sem-t\u00edtulo.png\" alt=\"\" width=\"183\" height=\"163\" \/><\/a>A bouba avi\u00e1ria \u00e9 uma doen\u00e7a viral causada pelo agente <em>Avipoxvirus<\/em>, sendo tamb\u00e9m conhecida popularmente como <strong>pipoca ou caro\u00e7o.<\/strong> \u00c9 uma doen\u00e7a de transmiss\u00e3o lenta entre as aves, acometendo principalmente animais jovens. Algumas esp\u00e9cies como galinhas, perus, pombos e can\u00e1rios tem maior ocorr\u00eancia, por\u00e9m pode ser encontrada em praticamente todas as esp\u00e9cies avi\u00e1rias. A sintomatologia cl\u00e1ssica da enfermidade s\u00e3o <strong>les\u00f5es nodulares inicialmente claras, tornando-se enegrecidas com o passar dos dias, em regi\u00f5es desprovidas de plumagem, como cabe\u00e7a e patas.<\/strong> Outros sinais cl\u00ednicos incluem <strong>febre, tristeza, penas arrepiadas e queda de postura.<\/strong> Uma segunda forma de sintomatologia pode ser encontrada, com les\u00f5es localizadas na boca, laringe e traqueia do animal, sendo esta uma forma mais rara. N\u00e3o existem tratamentos contra a bouba, sendo somente aconselhados os tratamentos de suporte. <strong>O controle da enfermidade se d\u00e1 atrav\u00e9s de vacina\u00e7\u00e3o das aves e controle dos mosquitos, que atuam como transmissores da doen\u00e7a.<\/strong><\/p>\n<p>Autoria: Leonardo Clasen Ribeiro<\/p>\n","protected":false},"excerpt":{"rendered":"<p>A bouba avi\u00e1ria \u00e9 uma doen\u00e7a viral causada pelo agente Avipoxvirus, sendo tamb\u00e9m conhecida popularmente como pipoca ou caro\u00e7o. \u00c9 uma doen\u00e7a de transmiss\u00e3o lenta entre as aves, acometendo principalmente animais jovens. Algumas esp\u00e9cies como galinhas, perus, pombos e can\u00e1rios tem maior ocorr\u00eancia, por\u00e9m pode ser encontrada em praticamente todas as esp\u00e9cies avi\u00e1rias. A sintomatologia [&hellip;]<\/p>\n","protected":false},"author":522,"featured_media":0,"parent":487,"menu_order":1,"comment_status":"closed","ping_status":"closed","template":"","meta":{"footnotes":""},"class_list":["post-521","page","type-page","status-publish","hentry"],"_links":{"self":[{"href":"https:\/\/wp.ufpel.edu.br\/labvir\/wp-json\/wp\/v2\/pages\/521","targetHints":{"allow":["GET"]}}],"collection":[{"href":"https:\/\/wp.ufpel.edu.br\/labvir\/wp-json\/wp\/v2\/pages"}],"about":[{"href":"https:\/\/wp.ufpel.edu.br\/labvir\/wp-json\/wp\/v2\/types\/page"}],"author":[{"embeddable":true,"href":"https:\/\/wp.ufpel.edu.br\/labvir\/wp-json\/wp\/v2\/users\/522"}],"replies":[{"embeddable":true,"href":"https:\/\/wp.ufpel.edu.br\/labvir\/wp-json\/wp\/v2\/comments?post=521"}],"version-history":[{"count":4,"href":"https:\/\/wp.ufpel.edu.br\/labvir\/wp-json\/wp\/v2\/pages\/521\/revisions"}],"predecessor-version":[{"id":668,"href":"https:\/\/wp.ufpel.edu.br\/labvir\/wp-json\/wp\/v2\/pages\/521\/revisions\/668"}],"up":[{"embeddable":true,"href":"https:\/\/wp.ufpel.edu.br\/labvir\/wp-json\/wp\/v2\/pages\/487"}],"wp:attachment":[{"href":"https:\/\/wp.ufpel.edu.br\/labvir\/wp-json\/wp\/v2\/media?parent=521"}],"curies":[{"name":"wp","href":"https:\/\/api.w.org\/{rel}","templated":true}]}}