{"id":519,"date":"2019-03-26T09:45:14","date_gmt":"2019-03-26T12:45:14","guid":{"rendered":"https:\/\/wp.ufpel.edu.br\/labvir\/?page_id=519"},"modified":"2019-05-27T10:26:23","modified_gmt":"2019-05-27T13:26:23","slug":"realeira-negra","status":"publish","type":"page","link":"https:\/\/wp.ufpel.edu.br\/labvir\/informacoesuteis\/leucose-enzootica-bovina-ebl\/realeira-negra\/","title":{"rendered":"Realeira negra"},"content":{"rendered":"<p style=\"text-align: justify\"><img loading=\"lazy\" decoding=\"async\" class=\"alignleft\" src=\"http:\/\/beeaware.org.au\/wp-content\/uploads\/2014\/01\/BQCV-4.jpg\" alt=\"Imagem relacionada\" width=\"201\" height=\"147\" \/>O v\u00edrus da realeira negra (BQCV) \u00e9 classificado no g\u00eanero <em>Cripavirus<\/em> e fam\u00edlia <em>Dicistroviridae.<\/em> Frequentemente \u00e9 associado com a presen\u00e7a do parasita <em>Nosema apis<\/em>. Este v\u00edrus <strong>interfere principalmente no desenvolvimento de rainhas<\/strong>, podendo levar a morte. O v\u00edrus pode infectar outras abelhas adultas, mas geralmente n\u00e3o apresentam sinais cl\u00ednicos. As pupas que s\u00e3o infectadas geralmente morrem e apresentam colora\u00e7\u00e3o mais escura. Ap\u00f3s a remo\u00e7\u00e3o das pupas infectadas, as paredes do alv\u00e9olo apresentam uma <strong>colora\u00e7\u00e3o enegrecida<\/strong>, caracter\u00edstico da doen\u00e7a.<\/p>\n<p>Autoria: Matheus Iuri Fr\u00fchauf<\/p>\n","protected":false},"excerpt":{"rendered":"<p>O v\u00edrus da realeira negra (BQCV) \u00e9 classificado no g\u00eanero Cripavirus e fam\u00edlia Dicistroviridae. Frequentemente \u00e9 associado com a presen\u00e7a do parasita Nosema apis. Este v\u00edrus interfere principalmente no desenvolvimento de rainhas, podendo levar a morte. O v\u00edrus pode infectar outras abelhas adultas, mas geralmente n\u00e3o apresentam sinais cl\u00ednicos. As pupas que s\u00e3o infectadas geralmente [&hellip;]<\/p>\n","protected":false},"author":522,"featured_media":0,"parent":180,"menu_order":6,"comment_status":"closed","ping_status":"closed","template":"","meta":{"footnotes":""},"class_list":["post-519","page","type-page","status-publish","hentry"],"_links":{"self":[{"href":"https:\/\/wp.ufpel.edu.br\/labvir\/wp-json\/wp\/v2\/pages\/519","targetHints":{"allow":["GET"]}}],"collection":[{"href":"https:\/\/wp.ufpel.edu.br\/labvir\/wp-json\/wp\/v2\/pages"}],"about":[{"href":"https:\/\/wp.ufpel.edu.br\/labvir\/wp-json\/wp\/v2\/types\/page"}],"author":[{"embeddable":true,"href":"https:\/\/wp.ufpel.edu.br\/labvir\/wp-json\/wp\/v2\/users\/522"}],"replies":[{"embeddable":true,"href":"https:\/\/wp.ufpel.edu.br\/labvir\/wp-json\/wp\/v2\/comments?post=519"}],"version-history":[{"count":3,"href":"https:\/\/wp.ufpel.edu.br\/labvir\/wp-json\/wp\/v2\/pages\/519\/revisions"}],"predecessor-version":[{"id":629,"href":"https:\/\/wp.ufpel.edu.br\/labvir\/wp-json\/wp\/v2\/pages\/519\/revisions\/629"}],"up":[{"embeddable":true,"href":"https:\/\/wp.ufpel.edu.br\/labvir\/wp-json\/wp\/v2\/pages\/180"}],"wp:attachment":[{"href":"https:\/\/wp.ufpel.edu.br\/labvir\/wp-json\/wp\/v2\/media?parent=519"}],"curies":[{"name":"wp","href":"https:\/\/api.w.org\/{rel}","templated":true}]}}