{"id":517,"date":"2019-03-26T09:44:39","date_gmt":"2019-03-26T12:44:39","guid":{"rendered":"https:\/\/wp.ufpel.edu.br\/labvir\/?page_id=517"},"modified":"2019-05-27T10:24:02","modified_gmt":"2019-05-27T13:24:02","slug":"paralisia-cronica","status":"publish","type":"page","link":"https:\/\/wp.ufpel.edu.br\/labvir\/informacoesuteis\/leucose-enzootica-bovina-ebl\/paralisia-cronica\/","title":{"rendered":"Paralisia cr\u00f4nica"},"content":{"rendered":"<p style=\"text-align: justify\"><img loading=\"lazy\" decoding=\"async\" class=\"alignright\" src=\"http:\/\/www.krishisewa.com\/images\/articles\/2014\/july\/dbee7.jpg\" alt=\"Imagem relacionada\" width=\"254\" height=\"162\" \/>O v\u00edrus da paralisia cr\u00f4nica (CBPV) pode afetar todos as fases de desenvolvimento das abelhas, por\u00e9m ocorre principalmente em abelhas adultas. \u00c9 uma doen\u00e7a contagiosa que pode se espalhar facilmente para outras abelhas da colmeia. Este v\u00edrus causa a paralisia de abelhas e manifesta-se com um conjunto de sinais cl\u00ednicos. Consistem em abelhas com <strong>tremores do corpo e asas e dificuldade em voar.<\/strong> Abelhas infectadas s\u00e3o rejeitadas por membros saud\u00e1veis, <strong>sendo comum se encontrar uma grande quantidade de abelhas rastejando em frente as colmeias<\/strong>. Pode ser encontrado ainda abelhas com colora\u00e7\u00e3o escura e sem a presen\u00e7a de pelos; abd\u00f4men inchado, o que desencadeia o in\u00edcio da chamada \u201cdisenteria\u201d.<\/p>\n<p>Autoria: Matheus Iuri Fr\u00fchauf<\/p>\n","protected":false},"excerpt":{"rendered":"<p>O v\u00edrus da paralisia cr\u00f4nica (CBPV) pode afetar todos as fases de desenvolvimento das abelhas, por\u00e9m ocorre principalmente em abelhas adultas. \u00c9 uma doen\u00e7a contagiosa que pode se espalhar facilmente para outras abelhas da colmeia. Este v\u00edrus causa a paralisia de abelhas e manifesta-se com um conjunto de sinais cl\u00ednicos. Consistem em abelhas com tremores [&hellip;]<\/p>\n","protected":false},"author":522,"featured_media":0,"parent":180,"menu_order":5,"comment_status":"closed","ping_status":"closed","template":"","meta":{"footnotes":""},"class_list":["post-517","page","type-page","status-publish","hentry"],"_links":{"self":[{"href":"https:\/\/wp.ufpel.edu.br\/labvir\/wp-json\/wp\/v2\/pages\/517","targetHints":{"allow":["GET"]}}],"collection":[{"href":"https:\/\/wp.ufpel.edu.br\/labvir\/wp-json\/wp\/v2\/pages"}],"about":[{"href":"https:\/\/wp.ufpel.edu.br\/labvir\/wp-json\/wp\/v2\/types\/page"}],"author":[{"embeddable":true,"href":"https:\/\/wp.ufpel.edu.br\/labvir\/wp-json\/wp\/v2\/users\/522"}],"replies":[{"embeddable":true,"href":"https:\/\/wp.ufpel.edu.br\/labvir\/wp-json\/wp\/v2\/comments?post=517"}],"version-history":[{"count":3,"href":"https:\/\/wp.ufpel.edu.br\/labvir\/wp-json\/wp\/v2\/pages\/517\/revisions"}],"predecessor-version":[{"id":627,"href":"https:\/\/wp.ufpel.edu.br\/labvir\/wp-json\/wp\/v2\/pages\/517\/revisions\/627"}],"up":[{"embeddable":true,"href":"https:\/\/wp.ufpel.edu.br\/labvir\/wp-json\/wp\/v2\/pages\/180"}],"wp:attachment":[{"href":"https:\/\/wp.ufpel.edu.br\/labvir\/wp-json\/wp\/v2\/media?parent=517"}],"curies":[{"name":"wp","href":"https:\/\/api.w.org\/{rel}","templated":true}]}}