{"id":515,"date":"2019-03-26T09:44:00","date_gmt":"2019-03-26T12:44:00","guid":{"rendered":"https:\/\/wp.ufpel.edu.br\/labvir\/?page_id=515"},"modified":"2019-05-27T10:11:21","modified_gmt":"2019-05-27T13:11:21","slug":"paralisia-aguda-israelense","status":"publish","type":"page","link":"https:\/\/wp.ufpel.edu.br\/labvir\/informacoesuteis\/leucose-enzootica-bovina-ebl\/paralisia-aguda-israelense\/","title":{"rendered":"Paralisia aguda israelense"},"content":{"rendered":"<p style=\"text-align: justify\"><img loading=\"lazy\" decoding=\"async\" class=\"alignleft\" src=\"https:\/\/upload.wikimedia.org\/wikipedia\/commons\/2\/2c\/Wasp_attack.jpg\" alt=\"Imagem relacionada\" width=\"267\" height=\"141\" \/>O v\u00edrus da paralisia aguda israelense (IAPV) pode causar uma infec\u00e7\u00e3o sist\u00eamica, resultando em mortalidade r\u00e1pida de abelhas e pupas infectadas, principalmente, quando associado ao ectoparasita <em>Varroa destructor<\/em>. O v\u00edrus \u00e9 classificado como RNA de cadeia positiva, dentro da ordem <em>Picornavirales<\/em> e fam\u00edlia <em>Dicistroviridae.<\/em> Possui sintomas muito parecidos com o V\u00edrus da paralisia aguda (ABPV), no qual consistem em <strong>tremores de asas e corpo, perda da capacidade de v\u00f4o e perda de pelos,<\/strong> por\u00e9m, pode permanecer assintom\u00e1tico na colmeia.<\/p>\n<p>Autoria: Domitila Brzoskowski Chagas<\/p>\n","protected":false},"excerpt":{"rendered":"<p>O v\u00edrus da paralisia aguda israelense (IAPV) pode causar uma infec\u00e7\u00e3o sist\u00eamica, resultando em mortalidade r\u00e1pida de abelhas e pupas infectadas, principalmente, quando associado ao ectoparasita Varroa destructor. O v\u00edrus \u00e9 classificado como RNA de cadeia positiva, dentro da ordem Picornavirales e fam\u00edlia Dicistroviridae. Possui sintomas muito parecidos com o V\u00edrus da paralisia aguda (ABPV), [&hellip;]<\/p>\n","protected":false},"author":522,"featured_media":0,"parent":180,"menu_order":4,"comment_status":"closed","ping_status":"closed","template":"","meta":{"footnotes":""},"class_list":["post-515","page","type-page","status-publish","hentry"],"_links":{"self":[{"href":"https:\/\/wp.ufpel.edu.br\/labvir\/wp-json\/wp\/v2\/pages\/515","targetHints":{"allow":["GET"]}}],"collection":[{"href":"https:\/\/wp.ufpel.edu.br\/labvir\/wp-json\/wp\/v2\/pages"}],"about":[{"href":"https:\/\/wp.ufpel.edu.br\/labvir\/wp-json\/wp\/v2\/types\/page"}],"author":[{"embeddable":true,"href":"https:\/\/wp.ufpel.edu.br\/labvir\/wp-json\/wp\/v2\/users\/522"}],"replies":[{"embeddable":true,"href":"https:\/\/wp.ufpel.edu.br\/labvir\/wp-json\/wp\/v2\/comments?post=515"}],"version-history":[{"count":3,"href":"https:\/\/wp.ufpel.edu.br\/labvir\/wp-json\/wp\/v2\/pages\/515\/revisions"}],"predecessor-version":[{"id":625,"href":"https:\/\/wp.ufpel.edu.br\/labvir\/wp-json\/wp\/v2\/pages\/515\/revisions\/625"}],"up":[{"embeddable":true,"href":"https:\/\/wp.ufpel.edu.br\/labvir\/wp-json\/wp\/v2\/pages\/180"}],"wp:attachment":[{"href":"https:\/\/wp.ufpel.edu.br\/labvir\/wp-json\/wp\/v2\/media?parent=515"}],"curies":[{"name":"wp","href":"https:\/\/api.w.org\/{rel}","templated":true}]}}