{"id":513,"date":"2019-03-26T09:43:03","date_gmt":"2019-03-26T12:43:03","guid":{"rendered":"https:\/\/wp.ufpel.edu.br\/labvir\/?page_id=513"},"modified":"2019-05-27T10:05:26","modified_gmt":"2019-05-27T13:05:26","slug":"paralisia-aguda","status":"publish","type":"page","link":"https:\/\/wp.ufpel.edu.br\/labvir\/informacoesuteis\/leucose-enzootica-bovina-ebl\/paralisia-aguda\/","title":{"rendered":"Paralisia aguda"},"content":{"rendered":"<p style=\"text-align: justify\"><img loading=\"lazy\" decoding=\"async\" class=\"alignright\" src=\"https:\/\/static1.squarespace.com\/static\/59d70b91c534a520dace45b1\/t\/5a21c6a824a694447444c20d\/1512163048341\/IMG_0511.jpg\" alt=\"Imagem relacionada\" width=\"258\" height=\"139\" \/>O v\u00edrus da paralisia aguda \u00e9 uma das muitas doen\u00e7as virais que infectam abelhas, classificado como RNA de cadeia positiva, dentro da ordem <em>Picornavirales,<\/em> da fam\u00edlia <em>Dicistroviridae.<\/em> O v\u00edrus possui como caracter\u00edstica de ser letal em n\u00edvel individual e na col\u00f4nia. Acomete, tanto as pupas, como abelhas adultas muito rapidamente, de 3 a 5 dias ap\u00f3s a infec\u00e7\u00e3o, particularmente quando transmitido pelo <em>Varroa destructor<\/em>. A sintomatologia da enfermidade incluem <strong>tremores de asas e corpo, perda da capacidade de v\u00f4o e perda de pelos.<\/strong><\/p>\n<p>Autoria: Domitila Brzoskowski Chagas<\/p>\n","protected":false},"excerpt":{"rendered":"<p>O v\u00edrus da paralisia aguda \u00e9 uma das muitas doen\u00e7as virais que infectam abelhas, classificado como RNA de cadeia positiva, dentro da ordem Picornavirales, da fam\u00edlia Dicistroviridae. O v\u00edrus possui como caracter\u00edstica de ser letal em n\u00edvel individual e na col\u00f4nia. Acomete, tanto as pupas, como abelhas adultas muito rapidamente, de 3 a 5 dias [&hellip;]<\/p>\n","protected":false},"author":522,"featured_media":0,"parent":180,"menu_order":3,"comment_status":"closed","ping_status":"closed","template":"","meta":{"footnotes":""},"class_list":["post-513","page","type-page","status-publish","hentry"],"_links":{"self":[{"href":"https:\/\/wp.ufpel.edu.br\/labvir\/wp-json\/wp\/v2\/pages\/513","targetHints":{"allow":["GET"]}}],"collection":[{"href":"https:\/\/wp.ufpel.edu.br\/labvir\/wp-json\/wp\/v2\/pages"}],"about":[{"href":"https:\/\/wp.ufpel.edu.br\/labvir\/wp-json\/wp\/v2\/types\/page"}],"author":[{"embeddable":true,"href":"https:\/\/wp.ufpel.edu.br\/labvir\/wp-json\/wp\/v2\/users\/522"}],"replies":[{"embeddable":true,"href":"https:\/\/wp.ufpel.edu.br\/labvir\/wp-json\/wp\/v2\/comments?post=513"}],"version-history":[{"count":3,"href":"https:\/\/wp.ufpel.edu.br\/labvir\/wp-json\/wp\/v2\/pages\/513\/revisions"}],"predecessor-version":[{"id":623,"href":"https:\/\/wp.ufpel.edu.br\/labvir\/wp-json\/wp\/v2\/pages\/513\/revisions\/623"}],"up":[{"embeddable":true,"href":"https:\/\/wp.ufpel.edu.br\/labvir\/wp-json\/wp\/v2\/pages\/180"}],"wp:attachment":[{"href":"https:\/\/wp.ufpel.edu.br\/labvir\/wp-json\/wp\/v2\/media?parent=513"}],"curies":[{"name":"wp","href":"https:\/\/api.w.org\/{rel}","templated":true}]}}