{"id":511,"date":"2019-03-26T09:42:18","date_gmt":"2019-03-26T12:42:18","guid":{"rendered":"https:\/\/wp.ufpel.edu.br\/labvir\/?page_id=511"},"modified":"2019-05-27T10:02:20","modified_gmt":"2019-05-27T13:02:20","slug":"cria-ensacada","status":"publish","type":"page","link":"https:\/\/wp.ufpel.edu.br\/labvir\/informacoesuteis\/leucose-enzootica-bovina-ebl\/cria-ensacada\/","title":{"rendered":"Cria ensacada"},"content":{"rendered":"<p style=\"text-align: justify\"><strong><img loading=\"lazy\" decoding=\"async\" class=\"alignright\" src=\"https:\/\/agrilifecdn.tamu.edu\/txapiaryinspection\/files\/2014\/09\/sacbrood_georgia.jpg\" alt=\"Resultado de imagem para Sacbrood Virus (SBV)\" width=\"239\" height=\"179\" \/><\/strong>Conhecido como <em>sacbrood virus<\/em> (SBV) ou v\u00edrus da cria ensacada, \u00e9 caracterizado como um v\u00edrus n\u00e3o envelopado, RNA de fita simples. O v\u00edrus infecta larvas, comprometendo o seu desenvolvimento. A transmiss\u00e3o na colmeia \u00e9 feita pelas abelhas nutrizes durante a alimenta\u00e7\u00e3o, se espalhando rapidamente entre todas larvas e pupas. Larvas que s\u00e3o contaminadas possuem <strong>aspecto de \u201csaco de \u00e1gua\u201d, devido a produ\u00e7\u00e3o de l\u00edquido entre os tecidos, geralmente levando a morte.<\/strong> A colora\u00e7\u00e3o normal de pupas passa de branco perolado a amarelo, e posteriormente marrom escuro. Colmeias infectadas se apresentam fracas, devido a poucas abelhas restantes. Algumas abelhas permanecem agarradas sem fun\u00e7\u00e3o nos cantos da caixa. Na entrada da caixa s\u00e3o encontradas uma grande quantidade de pequenas larvas e pupas eliminadas.<\/p>\n<p>Autoria: Matheus Iuri Fr\u00fchauf<\/p>\n","protected":false},"excerpt":{"rendered":"<p>Conhecido como sacbrood virus (SBV) ou v\u00edrus da cria ensacada, \u00e9 caracterizado como um v\u00edrus n\u00e3o envelopado, RNA de fita simples. O v\u00edrus infecta larvas, comprometendo o seu desenvolvimento. A transmiss\u00e3o na colmeia \u00e9 feita pelas abelhas nutrizes durante a alimenta\u00e7\u00e3o, se espalhando rapidamente entre todas larvas e pupas. Larvas que s\u00e3o contaminadas possuem aspecto [&hellip;]<\/p>\n","protected":false},"author":522,"featured_media":0,"parent":180,"menu_order":2,"comment_status":"closed","ping_status":"closed","template":"","meta":{"footnotes":""},"class_list":["post-511","page","type-page","status-publish","hentry"],"_links":{"self":[{"href":"https:\/\/wp.ufpel.edu.br\/labvir\/wp-json\/wp\/v2\/pages\/511","targetHints":{"allow":["GET"]}}],"collection":[{"href":"https:\/\/wp.ufpel.edu.br\/labvir\/wp-json\/wp\/v2\/pages"}],"about":[{"href":"https:\/\/wp.ufpel.edu.br\/labvir\/wp-json\/wp\/v2\/types\/page"}],"author":[{"embeddable":true,"href":"https:\/\/wp.ufpel.edu.br\/labvir\/wp-json\/wp\/v2\/users\/522"}],"replies":[{"embeddable":true,"href":"https:\/\/wp.ufpel.edu.br\/labvir\/wp-json\/wp\/v2\/comments?post=511"}],"version-history":[{"count":3,"href":"https:\/\/wp.ufpel.edu.br\/labvir\/wp-json\/wp\/v2\/pages\/511\/revisions"}],"predecessor-version":[{"id":621,"href":"https:\/\/wp.ufpel.edu.br\/labvir\/wp-json\/wp\/v2\/pages\/511\/revisions\/621"}],"up":[{"embeddable":true,"href":"https:\/\/wp.ufpel.edu.br\/labvir\/wp-json\/wp\/v2\/pages\/180"}],"wp:attachment":[{"href":"https:\/\/wp.ufpel.edu.br\/labvir\/wp-json\/wp\/v2\/media?parent=511"}],"curies":[{"name":"wp","href":"https:\/\/api.w.org\/{rel}","templated":true}]}}