{"id":509,"date":"2019-03-26T09:41:47","date_gmt":"2019-03-26T12:41:47","guid":{"rendered":"https:\/\/wp.ufpel.edu.br\/labvir\/?page_id=509"},"modified":"2019-05-27T09:57:38","modified_gmt":"2019-05-27T12:57:38","slug":"asa-deformada","status":"publish","type":"page","link":"https:\/\/wp.ufpel.edu.br\/labvir\/informacoesuteis\/leucose-enzootica-bovina-ebl\/asa-deformada\/","title":{"rendered":"Asa deformada"},"content":{"rendered":"<p style=\"text-align: justify\"><img loading=\"lazy\" decoding=\"async\" class=\"alignleft\" src=\"https:\/\/www.theapiarist.org\/wp-content\/uploads\/2014\/10\/20141008-0017-2-300x300.jpg\" alt=\"Resultado de imagem para bee dwv\" width=\"181\" height=\"181\" \/>O <strong>v\u00edrus deformador de asas<\/strong> (DWV) \u00e9 classificado como RNA de cadeia positiva, dentro da ordem <em>Picornavirales,<\/em> da fam\u00edlia <em>Iflaviridae.<\/em> O v\u00edrus pode permanecer assintom\u00e1tico em todas os est\u00e1gios de vida da abelha, sendo transmitido verticalmente, atrav\u00e9s da rainha e entre abelhas, ou manifestar sintomas na col\u00f4nia, principalmente, quando vetorizado pelo <em>Varroa destructor<\/em>. Quando sintom\u00e1tico, pode causar morte de pupas e abelhas adultas, que emergem com <strong>asas deformada, com aspecto de amassadas<\/strong>. Al\u00e9m disso, s\u00e3o caracter\u00edsticos, <strong>o abd\u00f4men inchado, encurtado, com descolora\u00e7\u00e3o e corpo mal formado.<\/strong> O mesmo j\u00e1 foi detectado, juntamente com outros v\u00edrus (ABPV, BQCV, IAPV) em abelhas africanizadas no Brasil.<\/p>\n<p>Autoria: Domitila Brzoskowski Chagas<\/p>\n","protected":false},"excerpt":{"rendered":"<p>O v\u00edrus deformador de asas (DWV) \u00e9 classificado como RNA de cadeia positiva, dentro da ordem Picornavirales, da fam\u00edlia Iflaviridae. O v\u00edrus pode permanecer assintom\u00e1tico em todas os est\u00e1gios de vida da abelha, sendo transmitido verticalmente, atrav\u00e9s da rainha e entre abelhas, ou manifestar sintomas na col\u00f4nia, principalmente, quando vetorizado pelo Varroa destructor. Quando sintom\u00e1tico, [&hellip;]<\/p>\n","protected":false},"author":522,"featured_media":0,"parent":180,"menu_order":1,"comment_status":"closed","ping_status":"closed","template":"","meta":{"footnotes":""},"class_list":["post-509","page","type-page","status-publish","hentry"],"_links":{"self":[{"href":"https:\/\/wp.ufpel.edu.br\/labvir\/wp-json\/wp\/v2\/pages\/509","targetHints":{"allow":["GET"]}}],"collection":[{"href":"https:\/\/wp.ufpel.edu.br\/labvir\/wp-json\/wp\/v2\/pages"}],"about":[{"href":"https:\/\/wp.ufpel.edu.br\/labvir\/wp-json\/wp\/v2\/types\/page"}],"author":[{"embeddable":true,"href":"https:\/\/wp.ufpel.edu.br\/labvir\/wp-json\/wp\/v2\/users\/522"}],"replies":[{"embeddable":true,"href":"https:\/\/wp.ufpel.edu.br\/labvir\/wp-json\/wp\/v2\/comments?post=509"}],"version-history":[{"count":4,"href":"https:\/\/wp.ufpel.edu.br\/labvir\/wp-json\/wp\/v2\/pages\/509\/revisions"}],"predecessor-version":[{"id":619,"href":"https:\/\/wp.ufpel.edu.br\/labvir\/wp-json\/wp\/v2\/pages\/509\/revisions\/619"}],"up":[{"embeddable":true,"href":"https:\/\/wp.ufpel.edu.br\/labvir\/wp-json\/wp\/v2\/pages\/180"}],"wp:attachment":[{"href":"https:\/\/wp.ufpel.edu.br\/labvir\/wp-json\/wp\/v2\/media?parent=509"}],"curies":[{"name":"wp","href":"https:\/\/api.w.org\/{rel}","templated":true}]}}