{"id":505,"date":"2019-03-26T09:24:33","date_gmt":"2019-03-26T12:24:33","guid":{"rendered":"https:\/\/wp.ufpel.edu.br\/labvir\/?page_id=505"},"modified":"2019-05-27T10:43:44","modified_gmt":"2019-05-27T13:43:44","slug":"calicivirose","status":"publish","type":"page","link":"https:\/\/wp.ufpel.edu.br\/labvir\/informacoesuteis\/papilomatose-bovina\/calicivirose\/","title":{"rendered":"Calicivirose"},"content":{"rendered":"<p style=\"text-align: justify\"><a href=\"https:\/\/wp.ufpel.edu.br\/labvir\/files\/2019\/05\/WhatsApp-Image-2019-05-27-at-10.41.17.jpeg\"><img loading=\"lazy\" decoding=\"async\" class=\" wp-image-636 alignright\" src=\"https:\/\/wp.ufpel.edu.br\/labvir\/files\/2019\/05\/WhatsApp-Image-2019-05-27-at-10.41.17-363x400.jpeg\" alt=\"\" width=\"234\" height=\"258\" srcset=\"https:\/\/wp.ufpel.edu.br\/labvir\/files\/2019\/05\/WhatsApp-Image-2019-05-27-at-10.41.17-363x400.jpeg 363w, https:\/\/wp.ufpel.edu.br\/labvir\/files\/2019\/05\/WhatsApp-Image-2019-05-27-at-10.41.17-768x845.jpeg 768w, https:\/\/wp.ufpel.edu.br\/labvir\/files\/2019\/05\/WhatsApp-Image-2019-05-27-at-10.41.17-930x1024.jpeg 930w, https:\/\/wp.ufpel.edu.br\/labvir\/files\/2019\/05\/WhatsApp-Image-2019-05-27-at-10.41.17-619x681.jpeg 619w, https:\/\/wp.ufpel.edu.br\/labvir\/files\/2019\/05\/WhatsApp-Image-2019-05-27-at-10.41.17.jpeg 1163w\" sizes=\"auto, (max-width: 234px) 100vw, 234px\" \/><\/a>A calicivirose felina, causada pelo caliciv\u00edrus felino, \u00e9 uma enfermidade de car\u00e1ter respirat\u00f3rio que afeta felinos dom\u00e9sticos. Juntamente com o<em> alphaherpesvirus felino 1<\/em> e agentes bacterianos, comp\u00f5em o <strong>Complexo Respirat\u00f3rio Viral Felino.<\/strong> O caliciv\u00edrus \u00e9 causador cl\u00e1ssico de <strong>les\u00f5es em cavidade oral, como ves\u00edculas e \u00falceras na l\u00edngua, al\u00e9m de associar-se a quadros de gengivoestomatite cr\u00f4nica e sinais respirat\u00f3rios.<\/strong> <strong>Em alguns casos, est\u00e1 relacionado a quadros sist\u00eamicos graves,<\/strong> onde muta\u00e7\u00f5es deste agente geram cepas mais agressivas que afetam at\u00e9 mesmo animais adultos e j\u00e1 vacinados, e disseminam-se na popula\u00e7\u00e3o felina de forma r\u00e1pida e fatal. O caliciv\u00edrus possui RNA como genoma, caps\u00eddeo icosa\u00e9drico e aus\u00eancia de envelope, tendo uma maior resist\u00eancia ambiental se comparado ao herpesv\u00edrus felino.\u00a0Para diagn\u00f3stico, suabes de orofaringe devem ser coletados e enviados imediatamente ao laborat\u00f3rio, armazenadas em meio m\u00ednimo essencial (MEM) acrescido de antibi\u00f3ticos e refrigeradas em caixa isopor com gelo. Suabes de mucosa conjuntival, nasal e oral tamb\u00e9m podem servir para diagn\u00f3stico.<\/p>\n<p>Autoria: Alice Silveira Becker<\/p>\n","protected":false},"excerpt":{"rendered":"<p>A calicivirose felina, causada pelo caliciv\u00edrus felino, \u00e9 uma enfermidade de car\u00e1ter respirat\u00f3rio que afeta felinos dom\u00e9sticos. Juntamente com o alphaherpesvirus felino 1 e agentes bacterianos, comp\u00f5em o Complexo Respirat\u00f3rio Viral Felino. O caliciv\u00edrus \u00e9 causador cl\u00e1ssico de les\u00f5es em cavidade oral, como ves\u00edculas e \u00falceras na l\u00edngua, al\u00e9m de associar-se a quadros de gengivoestomatite [&hellip;]<\/p>\n","protected":false},"author":522,"featured_media":0,"parent":183,"menu_order":1,"comment_status":"closed","ping_status":"closed","template":"","meta":{"footnotes":""},"class_list":["post-505","page","type-page","status-publish","hentry"],"_links":{"self":[{"href":"https:\/\/wp.ufpel.edu.br\/labvir\/wp-json\/wp\/v2\/pages\/505","targetHints":{"allow":["GET"]}}],"collection":[{"href":"https:\/\/wp.ufpel.edu.br\/labvir\/wp-json\/wp\/v2\/pages"}],"about":[{"href":"https:\/\/wp.ufpel.edu.br\/labvir\/wp-json\/wp\/v2\/types\/page"}],"author":[{"embeddable":true,"href":"https:\/\/wp.ufpel.edu.br\/labvir\/wp-json\/wp\/v2\/users\/522"}],"replies":[{"embeddable":true,"href":"https:\/\/wp.ufpel.edu.br\/labvir\/wp-json\/wp\/v2\/comments?post=505"}],"version-history":[{"count":3,"href":"https:\/\/wp.ufpel.edu.br\/labvir\/wp-json\/wp\/v2\/pages\/505\/revisions"}],"predecessor-version":[{"id":637,"href":"https:\/\/wp.ufpel.edu.br\/labvir\/wp-json\/wp\/v2\/pages\/505\/revisions\/637"}],"up":[{"embeddable":true,"href":"https:\/\/wp.ufpel.edu.br\/labvir\/wp-json\/wp\/v2\/pages\/183"}],"wp:attachment":[{"href":"https:\/\/wp.ufpel.edu.br\/labvir\/wp-json\/wp\/v2\/media?parent=505"}],"curies":[{"name":"wp","href":"https:\/\/api.w.org\/{rel}","templated":true}]}}