{"id":49,"date":"2015-08-20T11:41:50","date_gmt":"2015-08-20T14:41:50","guid":{"rendered":"https:\/\/wp.ufpel.edu.br\/labvir\/?page_id=49"},"modified":"2024-06-05T09:15:53","modified_gmt":"2024-06-05T12:15:53","slug":"contato","status":"publish","type":"page","link":"https:\/\/wp.ufpel.edu.br\/labvir\/contato\/","title":{"rendered":"Contato"},"content":{"rendered":"<p><strong>ENDERE\u00c7O POSTAL<\/strong><\/p>\n<ul>\n<li>Universidade Federal de Pelotas, Faculdade de Veterin\u00e1ria<\/li>\n<li>Campus Universit\u00e1rio Cap\u00e3o do Le\u00e3o, Pr\u00e9dio 1. Cap\u00e3o do Le\u00e3o (RS)<\/li>\n<li>CEP 96160-000<\/li>\n<li>Telefone: (53) 3275-7412<\/li>\n<li>E-mail: labvir.ufpel@gmail.com<\/li>\n<\/ul>\n<p>&nbsp;<\/p>\n","protected":false},"excerpt":{"rendered":"<p>ENDERE\u00c7O POSTAL Universidade Federal de Pelotas, Faculdade de Veterin\u00e1ria Campus Universit\u00e1rio Cap\u00e3o do Le\u00e3o, Pr\u00e9dio 1. Cap\u00e3o do Le\u00e3o (RS) CEP 96160-000 Telefone: (53) 3275-7412 E-mail: labvir.ufpel@gmail.com &nbsp;<\/p>\n","protected":false},"author":522,"featured_media":0,"parent":0,"menu_order":8,"comment_status":"closed","ping_status":"closed","template":"","meta":{"footnotes":""},"class_list":["post-49","page","type-page","status-publish","hentry"],"_links":{"self":[{"href":"https:\/\/wp.ufpel.edu.br\/labvir\/wp-json\/wp\/v2\/pages\/49","targetHints":{"allow":["GET"]}}],"collection":[{"href":"https:\/\/wp.ufpel.edu.br\/labvir\/wp-json\/wp\/v2\/pages"}],"about":[{"href":"https:\/\/wp.ufpel.edu.br\/labvir\/wp-json\/wp\/v2\/types\/page"}],"author":[{"embeddable":true,"href":"https:\/\/wp.ufpel.edu.br\/labvir\/wp-json\/wp\/v2\/users\/522"}],"replies":[{"embeddable":true,"href":"https:\/\/wp.ufpel.edu.br\/labvir\/wp-json\/wp\/v2\/comments?post=49"}],"version-history":[{"count":6,"href":"https:\/\/wp.ufpel.edu.br\/labvir\/wp-json\/wp\/v2\/pages\/49\/revisions"}],"predecessor-version":[{"id":1180,"href":"https:\/\/wp.ufpel.edu.br\/labvir\/wp-json\/wp\/v2\/pages\/49\/revisions\/1180"}],"wp:attachment":[{"href":"https:\/\/wp.ufpel.edu.br\/labvir\/wp-json\/wp\/v2\/media?parent=49"}],"curies":[{"name":"wp","href":"https:\/\/api.w.org\/{rel}","templated":true}]}}