{"id":44,"date":"2015-08-20T11:32:08","date_gmt":"2015-08-20T14:32:08","guid":{"rendered":"https:\/\/wp.ufpel.edu.br\/labvir\/?page_id=44"},"modified":"2024-06-05T09:18:31","modified_gmt":"2024-06-05T12:18:31","slug":"mestrandos","status":"publish","type":"page","link":"https:\/\/wp.ufpel.edu.br\/labvir\/equipe\/alunos\/mestrandos\/","title":{"rendered":"Mestrandos"},"content":{"rendered":"<p><strong><a href=\"https:\/\/wp.ufpel.edu.br\/labvir\/files\/2019\/03\/Matheus.jpg\"><img loading=\"lazy\" decoding=\"async\" class=\"wp-image-438 alignleft\" src=\"https:\/\/wp.ufpel.edu.br\/labvir\/files\/2019\/03\/Matheus-345x400.jpg\" alt=\"\" width=\"149\" height=\"173\" srcset=\"https:\/\/wp.ufpel.edu.br\/labvir\/files\/2019\/03\/Matheus-345x400.jpg 345w, https:\/\/wp.ufpel.edu.br\/labvir\/files\/2019\/03\/Matheus.jpg 404w\" sizes=\"auto, (max-width: 149px) 100vw, 149px\" \/><\/a><a href=\"http:\/\/lattes.cnpq.br\/1241853087795756\">Matheus Iuri Fr\u00fchauf<\/a><\/strong><\/p>\n<p>2019 &#8211; atual: Mestrado em Medicina Veterin\u00e1ria, UFPel<\/p>\n<p>2013 &#8211; 2018: Gradua\u00e7\u00e3o em Medicina Veterin\u00e1ria, UFPel<\/p>\n<p>Orientador: Dr. Geferson Fischer<\/p>\n<p>&nbsp;<\/p>\n<p>&nbsp;<\/p>\n<p><strong><a href=\"https:\/\/wp.ufpel.edu.br\/labvir\/files\/2019\/03\/Nadalin.jpg\"><img loading=\"lazy\" decoding=\"async\" class=\"wp-image-437 alignleft\" src=\"https:\/\/wp.ufpel.edu.br\/labvir\/files\/2019\/03\/Nadalin-395x400.jpg\" alt=\"\" width=\"148\" height=\"150\" srcset=\"https:\/\/wp.ufpel.edu.br\/labvir\/files\/2019\/03\/Nadalin-395x400.jpg 395w, https:\/\/wp.ufpel.edu.br\/labvir\/files\/2019\/03\/Nadalin.jpg 720w\" sizes=\"auto, (max-width: 148px) 100vw, 148px\" \/><\/a><a href=\"http:\/\/lattes.cnpq.br\/6283127537496281\">Nad\u00e1lin Yandra Botton<\/a><\/strong><\/p>\n<p>2019 &#8211; atual: Mestrado em Medicina Veterin\u00e1ria, UFPel<\/p>\n<p>2014 &#8211; 2018: Gradua\u00e7\u00e3o em Zootecnia, IFRS<\/p>\n<p>Orientador: Dr. Geferson Fischer<\/p>\n<p>&nbsp;<\/p>\n","protected":false},"excerpt":{"rendered":"<p>Matheus Iuri Fr\u00fchauf 2019 &#8211; atual: Mestrado em Medicina Veterin\u00e1ria, UFPel 2013 &#8211; 2018: Gradua\u00e7\u00e3o em Medicina Veterin\u00e1ria, UFPel Orientador: Dr. Geferson Fischer &nbsp; &nbsp; Nad\u00e1lin Yandra Botton 2019 &#8211; atual: Mestrado em Medicina Veterin\u00e1ria, UFPel 2014 &#8211; 2018: Gradua\u00e7\u00e3o em Zootecnia, IFRS Orientador: Dr. Geferson Fischer &nbsp;<\/p>\n","protected":false},"author":522,"featured_media":0,"parent":40,"menu_order":2,"comment_status":"closed","ping_status":"closed","template":"","meta":{"footnotes":""},"class_list":["post-44","page","type-page","status-publish","hentry"],"_links":{"self":[{"href":"https:\/\/wp.ufpel.edu.br\/labvir\/wp-json\/wp\/v2\/pages\/44","targetHints":{"allow":["GET"]}}],"collection":[{"href":"https:\/\/wp.ufpel.edu.br\/labvir\/wp-json\/wp\/v2\/pages"}],"about":[{"href":"https:\/\/wp.ufpel.edu.br\/labvir\/wp-json\/wp\/v2\/types\/page"}],"author":[{"embeddable":true,"href":"https:\/\/wp.ufpel.edu.br\/labvir\/wp-json\/wp\/v2\/users\/522"}],"replies":[{"embeddable":true,"href":"https:\/\/wp.ufpel.edu.br\/labvir\/wp-json\/wp\/v2\/comments?post=44"}],"version-history":[{"count":17,"href":"https:\/\/wp.ufpel.edu.br\/labvir\/wp-json\/wp\/v2\/pages\/44\/revisions"}],"predecessor-version":[{"id":1183,"href":"https:\/\/wp.ufpel.edu.br\/labvir\/wp-json\/wp\/v2\/pages\/44\/revisions\/1183"}],"up":[{"embeddable":true,"href":"https:\/\/wp.ufpel.edu.br\/labvir\/wp-json\/wp\/v2\/pages\/40"}],"wp:attachment":[{"href":"https:\/\/wp.ufpel.edu.br\/labvir\/wp-json\/wp\/v2\/media?parent=44"}],"curies":[{"name":"wp","href":"https:\/\/api.w.org\/{rel}","templated":true}]}}