{"id":38,"date":"2015-08-20T11:26:08","date_gmt":"2015-08-20T14:26:08","guid":{"rendered":"https:\/\/wp.ufpel.edu.br\/labvir\/?page_id=38"},"modified":"2019-03-26T08:34:00","modified_gmt":"2019-03-26T11:34:00","slug":"professores","status":"publish","type":"page","link":"https:\/\/wp.ufpel.edu.br\/labvir\/equipe\/professores\/","title":{"rendered":"Professores"},"content":{"rendered":"<p><strong><a href=\"https:\/\/wp.ufpel.edu.br\/labvir\/files\/2019\/03\/Geferson.jpg\"><img loading=\"lazy\" decoding=\"async\" class=\"wp-image-475 alignleft\" src=\"https:\/\/wp.ufpel.edu.br\/labvir\/files\/2019\/03\/Geferson.jpg\" alt=\"\" width=\"153\" height=\"177\" \/><\/a><a href=\"http:\/\/lattes.cnpq.br\/6163020760854309\">Geferson Fischer<\/a><\/strong><\/p>\n<p>2003 &#8211; 2007: Doutorado em Biotecnologia, UFPel<\/p>\n<p>1999 &#8211; 2001: Mestrado em Zootecnia, UFPel<\/p>\n<p>1993 &#8211; 1998: Gradua\u00e7\u00e3o em Medicina Veterin\u00e1ria, UFPel<\/p>\n<p>&nbsp;<\/p>\n<p>&nbsp;<\/p>\n<p><strong><a href=\"https:\/\/wp.ufpel.edu.br\/labvir\/files\/2019\/03\/Gilberto.jpg\"><img loading=\"lazy\" decoding=\"async\" class=\"wp-image-474 alignleft\" src=\"https:\/\/wp.ufpel.edu.br\/labvir\/files\/2019\/03\/Gilberto.jpg\" alt=\"\" width=\"152\" height=\"199\" \/><\/a><a href=\"http:\/\/lattes.cnpq.br\/2905761117990157\">Gilberto D&#8217;\u00c1vila Vargas<\/a><\/strong><\/p>\n<p>2000 &#8211; 2004: Doutorado em Zootecnia, UFPel<\/p>\n<p>1998 &#8211; 2000: Mestrado em Zootecnia, UFPel<\/p>\n<p>1993 &#8211; 1998: Gradua\u00e7\u00e3o em Medicina Veterin\u00e1ria, UFPel<\/p>\n<p>&nbsp;<\/p>\n<p>&nbsp;<\/p>\n<p><strong><a href=\"https:\/\/wp.ufpel.edu.br\/labvir\/files\/2019\/03\/Marcelo.jpg\"><img loading=\"lazy\" decoding=\"async\" class=\" wp-image-476 alignleft\" src=\"https:\/\/wp.ufpel.edu.br\/labvir\/files\/2019\/03\/Marcelo.jpg\" alt=\"\" width=\"150\" height=\"195\" \/><\/a><a href=\"http:\/\/lattes.cnpq.br\/1435610308662740\">Marcelo de Lima<\/a><\/strong><\/p>\n<p>2004 &#8211; 2008: Doutorado em Medicina Veterin\u00e1ria, UFSM<\/p>\n<p>2002 &#8211; 2004: Mestrado em Medicina Veterin\u00e1ria, UFSM<\/p>\n<p>1996 &#8211; 2001: Gradua\u00e7\u00e3o em Medicina Veterin\u00e1ria, UFSM<\/p>\n<p>&nbsp;<\/p>\n<p>&nbsp;<\/p>\n<p><strong><a href=\"https:\/\/wp.ufpel.edu.br\/labvir\/files\/2019\/03\/Silvia.jpg\"><img loading=\"lazy\" decoding=\"async\" class=\"wp-image-477 alignleft\" src=\"https:\/\/wp.ufpel.edu.br\/labvir\/files\/2019\/03\/Silvia.jpg\" alt=\"\" width=\"151\" height=\"185\" \/><\/a><a href=\"http:\/\/lattes.cnpq.br\/8105578106258354\">Silvia de Oliveira H\u00fcbner<\/a><\/strong><\/p>\n<p>2001 &#8211; 2004: Doutorado em Ci\u00eancias Veterin\u00e1rias, UFRGS<\/p>\n<p>1993 &#8211; 1996: Mestrado em Medicina Veterin\u00e1ria, UFSM<\/p>\n<p>1986 &#8211; 1991: Gradua\u00e7\u00e3o em Medicina Veterin\u00e1ria, UFSM<\/p>\n","protected":false},"excerpt":{"rendered":"<p>Geferson Fischer 2003 &#8211; 2007: Doutorado em Biotecnologia, UFPel 1999 &#8211; 2001: Mestrado em Zootecnia, UFPel 1993 &#8211; 1998: Gradua\u00e7\u00e3o em Medicina Veterin\u00e1ria, UFPel &nbsp; &nbsp; Gilberto D&#8217;\u00c1vila Vargas 2000 &#8211; 2004: Doutorado em Zootecnia, UFPel 1998 &#8211; 2000: Mestrado em Zootecnia, UFPel 1993 &#8211; 1998: Gradua\u00e7\u00e3o em Medicina Veterin\u00e1ria, UFPel &nbsp; &nbsp; Marcelo de [&hellip;]<\/p>\n","protected":false},"author":522,"featured_media":0,"parent":2,"menu_order":0,"comment_status":"closed","ping_status":"closed","template":"","meta":{"footnotes":""},"class_list":["post-38","page","type-page","status-publish","hentry"],"_links":{"self":[{"href":"https:\/\/wp.ufpel.edu.br\/labvir\/wp-json\/wp\/v2\/pages\/38","targetHints":{"allow":["GET"]}}],"collection":[{"href":"https:\/\/wp.ufpel.edu.br\/labvir\/wp-json\/wp\/v2\/pages"}],"about":[{"href":"https:\/\/wp.ufpel.edu.br\/labvir\/wp-json\/wp\/v2\/types\/page"}],"author":[{"embeddable":true,"href":"https:\/\/wp.ufpel.edu.br\/labvir\/wp-json\/wp\/v2\/users\/522"}],"replies":[{"embeddable":true,"href":"https:\/\/wp.ufpel.edu.br\/labvir\/wp-json\/wp\/v2\/comments?post=38"}],"version-history":[{"count":7,"href":"https:\/\/wp.ufpel.edu.br\/labvir\/wp-json\/wp\/v2\/pages\/38\/revisions"}],"predecessor-version":[{"id":478,"href":"https:\/\/wp.ufpel.edu.br\/labvir\/wp-json\/wp\/v2\/pages\/38\/revisions\/478"}],"up":[{"embeddable":true,"href":"https:\/\/wp.ufpel.edu.br\/labvir\/wp-json\/wp\/v2\/pages\/2"}],"wp:attachment":[{"href":"https:\/\/wp.ufpel.edu.br\/labvir\/wp-json\/wp\/v2\/media?parent=38"}],"curies":[{"name":"wp","href":"https:\/\/api.w.org\/{rel}","templated":true}]}}