{"id":35,"date":"2015-08-20T11:23:25","date_gmt":"2015-08-20T14:23:25","guid":{"rendered":"https:\/\/wp.ufpel.edu.br\/labvir\/?page_id=35"},"modified":"2023-10-17T14:04:32","modified_gmt":"2023-10-17T17:04:32","slug":"tecnicos-administrativos","status":"publish","type":"page","link":"https:\/\/wp.ufpel.edu.br\/labvir\/equipe\/tecnicos-administrativos\/","title":{"rendered":"T\u00e9cnicos Administrativos em Educa\u00e7\u00e3o"},"content":{"rendered":"<p><strong><a href=\"https:\/\/wp.ufpel.edu.br\/labvir\/files\/2023\/08\/ebc9694a-0f15-4761-8668-eccdeae262fc.jpg\"><img loading=\"lazy\" decoding=\"async\" class=\"wp-image-1150 alignleft\" src=\"https:\/\/wp.ufpel.edu.br\/labvir\/files\/2023\/08\/ebc9694a-0f15-4761-8668-eccdeae262fc.jpg\" alt=\"\" width=\"149\" height=\"166\" srcset=\"https:\/\/wp.ufpel.edu.br\/labvir\/files\/2023\/08\/ebc9694a-0f15-4761-8668-eccdeae262fc.jpg 475w, https:\/\/wp.ufpel.edu.br\/labvir\/files\/2023\/08\/ebc9694a-0f15-4761-8668-eccdeae262fc-358x400.jpg 358w\" sizes=\"auto, (max-width: 149px) 100vw, 149px\" \/><\/a><\/strong><strong><a href=\"http:\/\/lattes.cnpq.br\/7432792493685270\">Henrique M\u00fcller Dallmann<\/a><\/strong><\/p>\n<p>M\u00c9DICO VETERIN\u00c1RIO<\/p>\n<p>2015 &#8211; 2019: Doutorado em Produ\u00e7\u00e3o Animal &#8211; UFPel<\/p>\n<p>2008 &#8211; 2010: MBA em Gest\u00e3o Empresarial &#8211; FGV<\/p>\n<p>2008 &#8211; 2010: Mestrado em Produ\u00e7\u00e3o Animal &#8211; UFPel<\/p>\n<p style=\"text-align: left;\">\u00a0 \u00a0 \u00a0 \u00a0 \u00a0 \u00a0 \u00a0 \u00a0 \u00a0 \u00a0 \u00a0 \u00a0 \u00a0 \u00a0 \u00a0 \u00a0 \u00a0 \u00a0 \u00a0 \u00a0 \u00a0 \u00a0 \u00a0 \u00a0 \u00a02003 &#8211; 2007: Gradua\u00e7\u00e3o em Medicina Veterin\u00e1ria &#8211; UFPel<\/p>\n<p>&nbsp;<\/p>\n<p>&nbsp;<\/p>\n<p>&nbsp;<\/p>\n<p><strong><a href=\"https:\/\/wp.ufpel.edu.br\/labvir\/files\/2019\/03\/zeca.jpg\"><img loading=\"lazy\" decoding=\"async\" class=\"wp-image-452 alignleft\" src=\"https:\/\/wp.ufpel.edu.br\/labvir\/files\/2019\/03\/zeca.jpg\" alt=\"\" width=\"148\" height=\"183\" \/><\/a>Jos\u00e9 Carlos Rosler Sandrini<\/strong><\/p>\n<p>T\u00c9CNICO DE LABORAT\u00d3RIO<\/p>\n<p>2014 &#8211; 2016: Gradua\u00e7\u00e3o em Gest\u00e3o Ambiental, UNINTER<\/p>\n<p>&nbsp;<\/p>\n<p>&nbsp;<\/p>\n<p>&nbsp;<\/p>\n<p>&nbsp;<\/p>\n<div class=\"layout-cell layout-cell-3 text-align-right\"><\/div>\n","protected":false},"excerpt":{"rendered":"<p>Henrique M\u00fcller Dallmann M\u00c9DICO VETERIN\u00c1RIO 2015 &#8211; 2019: Doutorado em Produ\u00e7\u00e3o Animal &#8211; UFPel 2008 &#8211; 2010: MBA em Gest\u00e3o Empresarial &#8211; FGV 2008 &#8211; 2010: Mestrado em Produ\u00e7\u00e3o Animal &#8211; UFPel \u00a0 \u00a0 \u00a0 \u00a0 \u00a0 \u00a0 \u00a0 \u00a0 \u00a0 \u00a0 \u00a0 \u00a0 \u00a0 \u00a0 \u00a0 \u00a0 \u00a0 \u00a0 \u00a0 \u00a0 \u00a0 \u00a0 \u00a0 [&hellip;]<\/p>\n","protected":false},"author":522,"featured_media":0,"parent":2,"menu_order":0,"comment_status":"closed","ping_status":"closed","template":"","meta":{"footnotes":""},"class_list":["post-35","page","type-page","status-publish","hentry"],"_links":{"self":[{"href":"https:\/\/wp.ufpel.edu.br\/labvir\/wp-json\/wp\/v2\/pages\/35","targetHints":{"allow":["GET"]}}],"collection":[{"href":"https:\/\/wp.ufpel.edu.br\/labvir\/wp-json\/wp\/v2\/pages"}],"about":[{"href":"https:\/\/wp.ufpel.edu.br\/labvir\/wp-json\/wp\/v2\/types\/page"}],"author":[{"embeddable":true,"href":"https:\/\/wp.ufpel.edu.br\/labvir\/wp-json\/wp\/v2\/users\/522"}],"replies":[{"embeddable":true,"href":"https:\/\/wp.ufpel.edu.br\/labvir\/wp-json\/wp\/v2\/comments?post=35"}],"version-history":[{"count":26,"href":"https:\/\/wp.ufpel.edu.br\/labvir\/wp-json\/wp\/v2\/pages\/35\/revisions"}],"predecessor-version":[{"id":1155,"href":"https:\/\/wp.ufpel.edu.br\/labvir\/wp-json\/wp\/v2\/pages\/35\/revisions\/1155"}],"up":[{"embeddable":true,"href":"https:\/\/wp.ufpel.edu.br\/labvir\/wp-json\/wp\/v2\/pages\/2"}],"wp:attachment":[{"href":"https:\/\/wp.ufpel.edu.br\/labvir\/wp-json\/wp\/v2\/media?parent=35"}],"curies":[{"name":"wp","href":"https:\/\/api.w.org\/{rel}","templated":true}]}}