{"id":345,"date":"2018-07-05T10:23:27","date_gmt":"2018-07-05T13:23:27","guid":{"rendered":"https:\/\/wp.ufpel.edu.br\/labvir\/?page_id=345"},"modified":"2024-06-05T09:17:54","modified_gmt":"2024-06-05T12:17:54","slug":"iniciacao-cientifica","status":"publish","type":"page","link":"https:\/\/wp.ufpel.edu.br\/labvir\/equipe\/alunos\/iniciacao-cientifica\/","title":{"rendered":"Inicia\u00e7\u00e3o Cient\u00edfica"},"content":{"rendered":"<p><strong><a href=\"https:\/\/wp.ufpel.edu.br\/labvir\/files\/2019\/03\/Amanda-1.jpg\"><img loading=\"lazy\" decoding=\"async\" class=\"wp-image-471 alignleft\" src=\"https:\/\/wp.ufpel.edu.br\/labvir\/files\/2019\/03\/Amanda-1-363x400.jpg\" alt=\"\" width=\"140\" height=\"154\" srcset=\"https:\/\/wp.ufpel.edu.br\/labvir\/files\/2019\/03\/Amanda-1-363x400.jpg 363w, https:\/\/wp.ufpel.edu.br\/labvir\/files\/2019\/03\/Amanda-1.jpg 454w\" sizes=\"auto, (max-width: 140px) 100vw, 140px\" \/><\/a><a href=\"http:\/\/lattes.cnpq.br\/4966457787132861\">Amanda de Oliveira Barbosa<\/a><\/strong><\/p>\n<p>2016 &#8211; atual: Gradua\u00e7\u00e3o em Medicina Veterin\u00e1ria, UFPel<\/p>\n<p>Orientador: Dr. Marcelo de Lima<\/p>\n<p>&nbsp;<\/p>\n<p>&nbsp;<\/p>\n<p><strong><a href=\"http:\/\/lattes.cnpq.br\/2012068104911249\"><img loading=\"lazy\" decoding=\"async\" class=\"wp-image-429 alignleft\" src=\"https:\/\/wp.ufpel.edu.br\/labvir\/files\/2019\/03\/Lari-1-330x400.jpg\" alt=\"\" width=\"136\" height=\"165\" srcset=\"https:\/\/wp.ufpel.edu.br\/labvir\/files\/2019\/03\/Lari-1-330x400.jpg 330w, https:\/\/wp.ufpel.edu.br\/labvir\/files\/2019\/03\/Lari-1.jpg 720w\" sizes=\"auto, (max-width: 136px) 100vw, 136px\" \/><\/a><\/strong><a href=\"http:\/\/lattes.cnpq.br\/2012068104911249\"><strong>Lariane da Silva Barcelos<\/strong><\/a><\/p>\n<p>2016 &#8211; atual: Gradua\u00e7\u00e3o em Medicina Veterin\u00e1ria, UFPel<\/p>\n<p>Orientador: Dr. Geferson Fischer<\/p>\n<p>&nbsp;<\/p>\n<p>&nbsp;<\/p>\n<p>&nbsp;<\/p>\n<p>&nbsp;<\/p>\n","protected":false},"excerpt":{"rendered":"<p>Amanda de Oliveira Barbosa 2016 &#8211; atual: Gradua\u00e7\u00e3o em Medicina Veterin\u00e1ria, UFPel Orientador: Dr. Marcelo de Lima &nbsp; &nbsp; Lariane da Silva Barcelos 2016 &#8211; atual: Gradua\u00e7\u00e3o em Medicina Veterin\u00e1ria, UFPel Orientador: Dr. Geferson Fischer &nbsp; &nbsp; &nbsp; &nbsp;<\/p>\n","protected":false},"author":522,"featured_media":0,"parent":40,"menu_order":2,"comment_status":"closed","ping_status":"closed","template":"","meta":{"footnotes":""},"class_list":["post-345","page","type-page","status-publish","hentry"],"_links":{"self":[{"href":"https:\/\/wp.ufpel.edu.br\/labvir\/wp-json\/wp\/v2\/pages\/345","targetHints":{"allow":["GET"]}}],"collection":[{"href":"https:\/\/wp.ufpel.edu.br\/labvir\/wp-json\/wp\/v2\/pages"}],"about":[{"href":"https:\/\/wp.ufpel.edu.br\/labvir\/wp-json\/wp\/v2\/types\/page"}],"author":[{"embeddable":true,"href":"https:\/\/wp.ufpel.edu.br\/labvir\/wp-json\/wp\/v2\/users\/522"}],"replies":[{"embeddable":true,"href":"https:\/\/wp.ufpel.edu.br\/labvir\/wp-json\/wp\/v2\/comments?post=345"}],"version-history":[{"count":15,"href":"https:\/\/wp.ufpel.edu.br\/labvir\/wp-json\/wp\/v2\/pages\/345\/revisions"}],"predecessor-version":[{"id":1182,"href":"https:\/\/wp.ufpel.edu.br\/labvir\/wp-json\/wp\/v2\/pages\/345\/revisions\/1182"}],"up":[{"embeddable":true,"href":"https:\/\/wp.ufpel.edu.br\/labvir\/wp-json\/wp\/v2\/pages\/40"}],"wp:attachment":[{"href":"https:\/\/wp.ufpel.edu.br\/labvir\/wp-json\/wp\/v2\/media?parent=345"}],"curies":[{"name":"wp","href":"https:\/\/api.w.org\/{rel}","templated":true}]}}