{"id":292,"date":"2016-01-13T12:26:13","date_gmt":"2016-01-13T14:26:13","guid":{"rendered":"https:\/\/wp.ufpel.edu.br\/labvir\/?page_id=292"},"modified":"2019-05-27T09:09:02","modified_gmt":"2019-05-27T12:09:02","slug":"estrutura-fisica","status":"publish","type":"page","link":"https:\/\/wp.ufpel.edu.br\/labvir\/atividades-de-rotina\/estrutura-fisica\/","title":{"rendered":"Estrutura F\u00edsica"},"content":{"rendered":"<p><strong>Sorologia<\/strong><\/p>\n<p style=\"text-align: justify\">Este ambiente possui equipamentos necess\u00e1rios \u00e0 manipula\u00e7\u00e3o de amostras sorol\u00f3gicas, tais como: centr\u00edfuga, banho-maria, capela de fluxo laminar e leitora de ELISA. Possui ainda reagentes necess\u00e1rios na produ\u00e7\u00e3o de tamp\u00f5es e demais compostos utilizados no diagn\u00f3stico.<\/p>\n<p><a href=\"https:\/\/wp.ufpel.edu.br\/labvir\/files\/2019\/03\/WhatsApp-Image-2019-03-12-at-12.16.08-1.jpeg\"><img loading=\"lazy\" decoding=\"async\" class=\"alignnone wp-image-412\" src=\"https:\/\/wp.ufpel.edu.br\/labvir\/files\/2019\/03\/WhatsApp-Image-2019-03-12-at-12.16.08-1-400x300.jpeg\" alt=\"\" width=\"291\" height=\"218\" srcset=\"https:\/\/wp.ufpel.edu.br\/labvir\/files\/2019\/03\/WhatsApp-Image-2019-03-12-at-12.16.08-1-400x300.jpeg 400w, https:\/\/wp.ufpel.edu.br\/labvir\/files\/2019\/03\/WhatsApp-Image-2019-03-12-at-12.16.08-1-768x576.jpeg 768w, https:\/\/wp.ufpel.edu.br\/labvir\/files\/2019\/03\/WhatsApp-Image-2019-03-12-at-12.16.08-1-1024x768.jpeg 1024w, https:\/\/wp.ufpel.edu.br\/labvir\/files\/2019\/03\/WhatsApp-Image-2019-03-12-at-12.16.08-1.jpeg 1152w\" sizes=\"auto, (max-width: 291px) 100vw, 291px\" \/>\u00a0\u00a0 <\/a><a href=\"https:\/\/wp.ufpel.edu.br\/labvir\/files\/2019\/03\/WhatsApp-Image-2019-03-12-at-12.16.07.jpeg\"><img loading=\"lazy\" decoding=\"async\" class=\"alignnone wp-image-413\" src=\"https:\/\/wp.ufpel.edu.br\/labvir\/files\/2019\/03\/WhatsApp-Image-2019-03-12-at-12.16.07-400x300.jpeg\" alt=\"\" width=\"290\" height=\"218\" srcset=\"https:\/\/wp.ufpel.edu.br\/labvir\/files\/2019\/03\/WhatsApp-Image-2019-03-12-at-12.16.07-400x300.jpeg 400w, https:\/\/wp.ufpel.edu.br\/labvir\/files\/2019\/03\/WhatsApp-Image-2019-03-12-at-12.16.07-768x576.jpeg 768w, https:\/\/wp.ufpel.edu.br\/labvir\/files\/2019\/03\/WhatsApp-Image-2019-03-12-at-12.16.07-1024x768.jpeg 1024w, https:\/\/wp.ufpel.edu.br\/labvir\/files\/2019\/03\/WhatsApp-Image-2019-03-12-at-12.16.07.jpeg 1152w\" sizes=\"auto, (max-width: 290px) 100vw, 290px\" \/><\/a><\/p>\n<p><strong>Cultivo de C\u00e9lulas e V\u00edrus<\/strong><\/p>\n<p style=\"text-align: justify\">Possui capelas de fluxo laminar para manipula\u00e7\u00e3o de c\u00e9lulas e v\u00edrus, e tamb\u00e9m estufas (com e sem CO<sub>2<\/sub>), microsc\u00f3pio eletr\u00f4nico, banho-maria, balan\u00e7a de precis\u00e3o e geladeiras para os insumos necess\u00e1rios.<\/p>\n<p><a href=\"https:\/\/wp.ufpel.edu.br\/labvir\/files\/2019\/03\/WhatsApp-Image-2019-03-12-at-12.16.02.jpeg\"><img loading=\"lazy\" decoding=\"async\" class=\"alignnone wp-image-415\" src=\"https:\/\/wp.ufpel.edu.br\/labvir\/files\/2019\/03\/WhatsApp-Image-2019-03-12-at-12.16.02-400x300.jpeg\" alt=\"\" width=\"292\" height=\"219\" srcset=\"https:\/\/wp.ufpel.edu.br\/labvir\/files\/2019\/03\/WhatsApp-Image-2019-03-12-at-12.16.02-400x300.jpeg 400w, https:\/\/wp.ufpel.edu.br\/labvir\/files\/2019\/03\/WhatsApp-Image-2019-03-12-at-12.16.02-768x576.jpeg 768w, https:\/\/wp.ufpel.edu.br\/labvir\/files\/2019\/03\/WhatsApp-Image-2019-03-12-at-12.16.02-1024x768.jpeg 1024w, https:\/\/wp.ufpel.edu.br\/labvir\/files\/2019\/03\/WhatsApp-Image-2019-03-12-at-12.16.02.jpeg 1152w\" sizes=\"auto, (max-width: 292px) 100vw, 292px\" \/>\u00a0\u00a0<\/a> <a href=\"https:\/\/wp.ufpel.edu.br\/labvir\/files\/2019\/03\/WhatsApp-Image-2019-03-12-at-12.16.04.jpeg\"><img loading=\"lazy\" decoding=\"async\" class=\"alignnone wp-image-416\" src=\"https:\/\/wp.ufpel.edu.br\/labvir\/files\/2019\/03\/WhatsApp-Image-2019-03-12-at-12.16.04-400x300.jpeg\" alt=\"\" width=\"292\" height=\"218\" srcset=\"https:\/\/wp.ufpel.edu.br\/labvir\/files\/2019\/03\/WhatsApp-Image-2019-03-12-at-12.16.04-400x300.jpeg 400w, https:\/\/wp.ufpel.edu.br\/labvir\/files\/2019\/03\/WhatsApp-Image-2019-03-12-at-12.16.04-768x576.jpeg 768w, https:\/\/wp.ufpel.edu.br\/labvir\/files\/2019\/03\/WhatsApp-Image-2019-03-12-at-12.16.04-1024x768.jpeg 1024w, https:\/\/wp.ufpel.edu.br\/labvir\/files\/2019\/03\/WhatsApp-Image-2019-03-12-at-12.16.04.jpeg 1152w\" sizes=\"auto, (max-width: 292px) 100vw, 292px\" \/>\u00a0\u00a0 <\/a><\/p>\n<p><strong>Biologia Molecular<\/strong><\/p>\n<p style=\"text-align: justify\">A sala reservada para biologia molecular \u00e9 equipada com centr\u00edfugas, termociclador, qPCR, cuba de eletroforese, transiluminador, <em>v\u00f3rtex,<\/em> e <em>freezer <\/em>para armazenagem dos insumos utilizados, al\u00e9m de um local reservado para a extra\u00e7\u00e3o de RNA e preparo de <em><u>mix<\/u><\/em>.<\/p>\n<p style=\"text-align: justify\"><a href=\"https:\/\/wp.ufpel.edu.br\/labvir\/files\/2019\/03\/WhatsApp-Image-2019-03-12-at-12.16.32.jpeg\"><img loading=\"lazy\" decoding=\"async\" class=\"alignnone wp-image-411\" src=\"https:\/\/wp.ufpel.edu.br\/labvir\/files\/2019\/03\/WhatsApp-Image-2019-03-12-at-12.16.32-400x300.jpeg\" alt=\"\" width=\"291\" height=\"219\" srcset=\"https:\/\/wp.ufpel.edu.br\/labvir\/files\/2019\/03\/WhatsApp-Image-2019-03-12-at-12.16.32-400x300.jpeg 400w, https:\/\/wp.ufpel.edu.br\/labvir\/files\/2019\/03\/WhatsApp-Image-2019-03-12-at-12.16.32-768x576.jpeg 768w, https:\/\/wp.ufpel.edu.br\/labvir\/files\/2019\/03\/WhatsApp-Image-2019-03-12-at-12.16.32-1024x768.jpeg 1024w, https:\/\/wp.ufpel.edu.br\/labvir\/files\/2019\/03\/WhatsApp-Image-2019-03-12-at-12.16.32.jpeg 1152w\" sizes=\"auto, (max-width: 291px) 100vw, 291px\" \/>\u00a0\u00a0 <\/a><a href=\"https:\/\/wp.ufpel.edu.br\/labvir\/files\/2019\/03\/WhatsApp-Image-2019-03-12-at-12.16.09-1.jpeg\"><img loading=\"lazy\" decoding=\"async\" class=\"alignnone wp-image-414\" src=\"https:\/\/wp.ufpel.edu.br\/labvir\/files\/2019\/03\/WhatsApp-Image-2019-03-12-at-12.16.09-1-400x300.jpeg\" alt=\"\" width=\"290\" height=\"218\" srcset=\"https:\/\/wp.ufpel.edu.br\/labvir\/files\/2019\/03\/WhatsApp-Image-2019-03-12-at-12.16.09-1-400x300.jpeg 400w, https:\/\/wp.ufpel.edu.br\/labvir\/files\/2019\/03\/WhatsApp-Image-2019-03-12-at-12.16.09-1-768x576.jpeg 768w, https:\/\/wp.ufpel.edu.br\/labvir\/files\/2019\/03\/WhatsApp-Image-2019-03-12-at-12.16.09-1-1024x768.jpeg 1024w, https:\/\/wp.ufpel.edu.br\/labvir\/files\/2019\/03\/WhatsApp-Image-2019-03-12-at-12.16.09-1.jpeg 1152w\" sizes=\"auto, (max-width: 290px) 100vw, 290px\" \/><\/a><\/p>\n<p><strong>Sala dos <em>Freezers<\/em><\/strong><\/p>\n<p style=\"text-align: justify\">H\u00e1 um local reservado para armazenagem dos materiais sob temperatura adequada, bem como nitrog\u00eanio l\u00edquido. Esta sala conta com<em> freezers <\/em>que atingem as temperaturas de -20\u00baC, bem como -70\u00baC.<\/p>\n<p><a href=\"https:\/\/wp.ufpel.edu.br\/labvir\/files\/2019\/03\/WhatsApp-Image-2019-03-12-at-12.16.06.jpeg\"><img loading=\"lazy\" decoding=\"async\" class=\"alignnone wp-image-417\" src=\"https:\/\/wp.ufpel.edu.br\/labvir\/files\/2019\/03\/WhatsApp-Image-2019-03-12-at-12.16.06-400x300.jpeg\" alt=\"\" width=\"293\" height=\"220\" srcset=\"https:\/\/wp.ufpel.edu.br\/labvir\/files\/2019\/03\/WhatsApp-Image-2019-03-12-at-12.16.06-400x300.jpeg 400w, https:\/\/wp.ufpel.edu.br\/labvir\/files\/2019\/03\/WhatsApp-Image-2019-03-12-at-12.16.06-768x576.jpeg 768w, https:\/\/wp.ufpel.edu.br\/labvir\/files\/2019\/03\/WhatsApp-Image-2019-03-12-at-12.16.06-1024x768.jpeg 1024w, https:\/\/wp.ufpel.edu.br\/labvir\/files\/2019\/03\/WhatsApp-Image-2019-03-12-at-12.16.06.jpeg 1152w\" sizes=\"auto, (max-width: 293px) 100vw, 293px\" \/> \u00a0 <\/a><a href=\"https:\/\/wp.ufpel.edu.br\/labvir\/files\/2019\/03\/WhatsApp-Image-2019-03-12-at-12.16.06-1.jpeg\"><img loading=\"lazy\" decoding=\"async\" class=\"alignnone wp-image-424\" src=\"https:\/\/wp.ufpel.edu.br\/labvir\/files\/2019\/03\/WhatsApp-Image-2019-03-12-at-12.16.06-1-400x300.jpeg\" alt=\"\" width=\"291\" height=\"218\" srcset=\"https:\/\/wp.ufpel.edu.br\/labvir\/files\/2019\/03\/WhatsApp-Image-2019-03-12-at-12.16.06-1-400x300.jpeg 400w, https:\/\/wp.ufpel.edu.br\/labvir\/files\/2019\/03\/WhatsApp-Image-2019-03-12-at-12.16.06-1-768x576.jpeg 768w, https:\/\/wp.ufpel.edu.br\/labvir\/files\/2019\/03\/WhatsApp-Image-2019-03-12-at-12.16.06-1-1024x768.jpeg 1024w, https:\/\/wp.ufpel.edu.br\/labvir\/files\/2019\/03\/WhatsApp-Image-2019-03-12-at-12.16.06-1.jpeg 1152w\" sizes=\"auto, (max-width: 291px) 100vw, 291px\" \/><\/a><\/p>\n<p><strong>Lavagem e Esteriliza\u00e7\u00e3o de Materiais<\/strong><\/p>\n<p style=\"text-align: justify\">Realizada em local separado das salas de realiza\u00e7\u00e3o de diagn\u00f3stico, a lavagem e esteriliza\u00e7\u00e3o dos materiais conta com pias, estufa de Pasteur, estufas de secagem, destiladores e autoclaves.<\/p>\n<p><a href=\"https:\/\/wp.ufpel.edu.br\/labvir\/files\/2019\/03\/WhatsApp-Image-2019-03-12-at-12.16.11.jpeg\"><img loading=\"lazy\" decoding=\"async\" class=\"alignnone wp-image-419\" src=\"https:\/\/wp.ufpel.edu.br\/labvir\/files\/2019\/03\/WhatsApp-Image-2019-03-12-at-12.16.11-300x400.jpeg\" alt=\"\" width=\"206\" height=\"275\" srcset=\"https:\/\/wp.ufpel.edu.br\/labvir\/files\/2019\/03\/WhatsApp-Image-2019-03-12-at-12.16.11-300x400.jpeg 300w, https:\/\/wp.ufpel.edu.br\/labvir\/files\/2019\/03\/WhatsApp-Image-2019-03-12-at-12.16.11-768x1024.jpeg 768w, https:\/\/wp.ufpel.edu.br\/labvir\/files\/2019\/03\/WhatsApp-Image-2019-03-12-at-12.16.11.jpeg 864w\" sizes=\"auto, (max-width: 206px) 100vw, 206px\" \/>\u00a0\u00a0\u00a0<\/a> <a href=\"https:\/\/wp.ufpel.edu.br\/labvir\/files\/2019\/03\/WhatsApp-Image-2019-03-12-at-12.16.10-1.jpeg\"><img loading=\"lazy\" decoding=\"async\" class=\"alignnone wp-image-421\" src=\"https:\/\/wp.ufpel.edu.br\/labvir\/files\/2019\/03\/WhatsApp-Image-2019-03-12-at-12.16.10-1-400x300.jpeg\" alt=\"\" width=\"367\" height=\"275\" srcset=\"https:\/\/wp.ufpel.edu.br\/labvir\/files\/2019\/03\/WhatsApp-Image-2019-03-12-at-12.16.10-1-400x300.jpeg 400w, https:\/\/wp.ufpel.edu.br\/labvir\/files\/2019\/03\/WhatsApp-Image-2019-03-12-at-12.16.10-1-768x576.jpeg 768w, https:\/\/wp.ufpel.edu.br\/labvir\/files\/2019\/03\/WhatsApp-Image-2019-03-12-at-12.16.10-1-1024x768.jpeg 1024w, https:\/\/wp.ufpel.edu.br\/labvir\/files\/2019\/03\/WhatsApp-Image-2019-03-12-at-12.16.10-1.jpeg 1152w\" sizes=\"auto, (max-width: 367px) 100vw, 367px\" \/><\/a><\/p>\n","protected":false},"excerpt":{"rendered":"<p>Sorologia Este ambiente possui equipamentos necess\u00e1rios \u00e0 manipula\u00e7\u00e3o de amostras sorol\u00f3gicas, tais como: centr\u00edfuga, banho-maria, capela de fluxo laminar e leitora de ELISA. Possui ainda reagentes necess\u00e1rios na produ\u00e7\u00e3o de tamp\u00f5es e demais compostos utilizados no diagn\u00f3stico. \u00a0\u00a0 Cultivo de C\u00e9lulas e V\u00edrus Possui capelas de fluxo laminar para manipula\u00e7\u00e3o de c\u00e9lulas e v\u00edrus, e [&hellip;]<\/p>\n","protected":false},"author":522,"featured_media":0,"parent":22,"menu_order":0,"comment_status":"closed","ping_status":"closed","template":"","meta":{"footnotes":""},"class_list":["post-292","page","type-page","status-publish","hentry"],"_links":{"self":[{"href":"https:\/\/wp.ufpel.edu.br\/labvir\/wp-json\/wp\/v2\/pages\/292","targetHints":{"allow":["GET"]}}],"collection":[{"href":"https:\/\/wp.ufpel.edu.br\/labvir\/wp-json\/wp\/v2\/pages"}],"about":[{"href":"https:\/\/wp.ufpel.edu.br\/labvir\/wp-json\/wp\/v2\/types\/page"}],"author":[{"embeddable":true,"href":"https:\/\/wp.ufpel.edu.br\/labvir\/wp-json\/wp\/v2\/users\/522"}],"replies":[{"embeddable":true,"href":"https:\/\/wp.ufpel.edu.br\/labvir\/wp-json\/wp\/v2\/comments?post=292"}],"version-history":[{"count":6,"href":"https:\/\/wp.ufpel.edu.br\/labvir\/wp-json\/wp\/v2\/pages\/292\/revisions"}],"predecessor-version":[{"id":608,"href":"https:\/\/wp.ufpel.edu.br\/labvir\/wp-json\/wp\/v2\/pages\/292\/revisions\/608"}],"up":[{"embeddable":true,"href":"https:\/\/wp.ufpel.edu.br\/labvir\/wp-json\/wp\/v2\/pages\/22"}],"wp:attachment":[{"href":"https:\/\/wp.ufpel.edu.br\/labvir\/wp-json\/wp\/v2\/media?parent=292"}],"curies":[{"name":"wp","href":"https:\/\/api.w.org\/{rel}","templated":true}]}}