{"id":2,"date":"2015-05-08T14:19:07","date_gmt":"2015-05-08T17:19:07","guid":{"rendered":"https:\/\/wp.ufpel.edu.br\/labvir\/?page_id=2"},"modified":"2016-05-31T17:42:06","modified_gmt":"2016-05-31T20:42:06","slug":"equipe","status":"publish","type":"page","link":"https:\/\/wp.ufpel.edu.br\/labvir\/equipe\/","title":{"rendered":"Equipe T\u00e9cnica"},"content":{"rendered":"<p><a href=\"https:\/\/wp.ufpel.edu.br\/labvir\/equipe\/alunos\/\">Alunos<\/a><\/p>\n<p><a href=\"https:\/\/wp.ufpel.edu.br\/labvir\/equipe\/professores\/\">Professores<\/a><\/p>\n<p><a href=\"https:\/\/wp.ufpel.edu.br\/labvir\/equipe\/tecnicos-administrativos\/\">T\u00e9cnicos Administrativos em Educa\u00e7\u00e3o<\/a><\/p>\n","protected":false},"excerpt":{"rendered":"<p>Alunos Professores T\u00e9cnicos Administrativos em Educa\u00e7\u00e3o<\/p>\n","protected":false},"author":522,"featured_media":16,"parent":0,"menu_order":3,"comment_status":"closed","ping_status":"closed","template":"","meta":{"footnotes":""},"class_list":["post-2","page","type-page","status-publish","has-post-thumbnail","hentry"],"_links":{"self":[{"href":"https:\/\/wp.ufpel.edu.br\/labvir\/wp-json\/wp\/v2\/pages\/2","targetHints":{"allow":["GET"]}}],"collection":[{"href":"https:\/\/wp.ufpel.edu.br\/labvir\/wp-json\/wp\/v2\/pages"}],"about":[{"href":"https:\/\/wp.ufpel.edu.br\/labvir\/wp-json\/wp\/v2\/types\/page"}],"author":[{"embeddable":true,"href":"https:\/\/wp.ufpel.edu.br\/labvir\/wp-json\/wp\/v2\/users\/522"}],"replies":[{"embeddable":true,"href":"https:\/\/wp.ufpel.edu.br\/labvir\/wp-json\/wp\/v2\/comments?post=2"}],"version-history":[{"count":7,"href":"https:\/\/wp.ufpel.edu.br\/labvir\/wp-json\/wp\/v2\/pages\/2\/revisions"}],"predecessor-version":[{"id":54,"href":"https:\/\/wp.ufpel.edu.br\/labvir\/wp-json\/wp\/v2\/pages\/2\/revisions\/54"}],"wp:featuredmedia":[{"embeddable":true,"href":"https:\/\/wp.ufpel.edu.br\/labvir\/wp-json\/wp\/v2\/media\/16"}],"wp:attachment":[{"href":"https:\/\/wp.ufpel.edu.br\/labvir\/wp-json\/wp\/v2\/media?parent=2"}],"curies":[{"name":"wp","href":"https:\/\/api.w.org\/{rel}","templated":true}]}}