{"id":186,"date":"2015-08-26T16:35:19","date_gmt":"2015-08-26T19:35:19","guid":{"rendered":"https:\/\/wp.ufpel.edu.br\/labvir\/?page_id=186"},"modified":"2019-04-24T08:57:47","modified_gmt":"2019-04-24T11:57:47","slug":"2005-2","status":"publish","type":"page","link":"https:\/\/wp.ufpel.edu.br\/labvir\/publicacoes\/2005-2\/","title":{"rendered":"2018"},"content":{"rendered":"<p style=\"text-align: justify\"><a class=\"tooltip\" href=\"http:\/\/lattes.cnpq.br\/6367797997901062\" target=\"_blank\" rel=\"noopener noreferrer\">PICOLI, Tony<\/a><a class=\"tooltip\" href=\"http:\/\/lattes.cnpq.br\/6367797997901062\" target=\"_blank\" rel=\"noopener noreferrer\">ICOLI, Tony<\/a>PICOLI, T.; PETER, C. M.; VARGAS, G. D&#8217;A.; H\u00dcBNER, S. de O.; FISCHER, G. Potencial antiviral e virucida da melitina e apamina contra herpesv\u00edrus bovino tipo 1 e v\u00edrus da diarreia viral bovina. <strong>Pesquisa Veterin\u00e1ria Brasileira<\/strong>, v. 38, p. 595 &#8211; 604.<\/p>\n<p style=\"text-align: justify\">ROOS, T. B.; AVILA, L. F. C.; STURBELLE, R. T.; FISCHER, G.; LEITE, F. P. L. <em>Saccharomyces boulardii<\/em> modulates and improves the immune response to Bovine herpesvirus type 5 vaccine.<strong> Arquivo Brasileiro de Medicina Veterin\u00e1ria e Zootecnia<\/strong>, v. 70, p. 375 &#8211; 381.<\/p>\n<p style=\"text-align: justify\">PETER, C. M.; WALLER, S. B.; PICOLI, T.; OSORIO, L. G.; ZANI, J. L.; MEIRELES, M. C.; FARIA, R. O.; MELLO, J. R. B.; H\u00dcBNER, S. de O.; LIMA, M.; FISCHER, G. Chemical and cytotoxic analyses of three varieties of Brazilian propolis (green propolis, jata\u00ed propolis and brown propolis) and its anti-<em>Sporothrix brasiliensis<\/em> in vitro activity. <strong>Arquivo Brasileiro de Medicina Veterin\u00e1ria e Zootecnia<\/strong>, v. 70.<\/p>\n<p style=\"text-align: justify\">TILLMANN, M. T.; MENDES, C. B. M.; FISCHER, G.; VARELA JUNIOR, A. S.; FERNANDES, C. G.; NOBRE, M. <em>Triticum aestivum<\/em> in open skin wounds: cytotoxicity and collagen histopathology.<strong> Semina. Ci\u00eancias Agr\u00e1rias<\/strong>, v. 39, p. 1547 &#8211; 1153.<\/p>\n<p style=\"text-align: justify\">FERNANDES, M. H. V. ; FINGER, P. F.; CUNHA, R. C.; VARGAS, G. D&#8217;A.; Fischer, G.; LIMA, M. de; H\u00dcBNER, S. O. Antigenic and immunogenic properties of the canine distemper virus nucleocapsid protein expressed in <em>Escherichia coli<\/em> employing codon optimized synthetic gene. <strong>Pesquisa Veterin\u00e1ria Brasileira<\/strong>, v. 38, p. 1615-1621.<\/p>\n<p style=\"text-align: justify\">ARAUJO, I. L.; DUMMER, L. A.; RODRIGUES, P. R. C.; DOS SANTOS, A. G.; Fischer, G.; CUNHA, R. C.; LEITE, F. P. L. Immune responses in bovines to recombinant glycoprotein D of bovine herpesvirus type 5 as vaccine antigen. <strong>Vaccine<\/strong>, v. 36, p. 7708-7714.<\/p>\n<p style=\"text-align: justify\">MAGGIOLI, M. F.; LAWSON, S.; DE LIMA, M.; JOSHI, L. R. ; FACCIN, T. C.; BAUERMANN, F. V.; DIEL, D. G. Adaptive Immune Responses following Senecavirus A Infection in Pigs. <strong>Journal of Virology<\/strong>, v. 92, p. e01717-17.<\/p>\n<p style=\"text-align: justify\">DEE, S. A.; BAUERMANN, F. V.; NIEDERWERDER, M. C.; SINGREY, A.; CLEMENT, T.; DE LIMA, M.; LONG, C.; PATTERSON, G.; SHEAHAN, M. A.; STOIAN, A. M. M.; PETROVAN, V.; JONES, C. K.; DE JONG, J.; JI, J.; SPRONK, G. D.; MINION, L.; CHRISTOPHER-HENNINGS, J.; ZIMMERMAN, J. J.; ROWLAND, R. R. R.; NELSON, E.; SUNDBERG, P.; DIEL, D. G. Survival of viral pathogens in animal feed ingredients under transboundary shipping models. <strong>PLoS One<\/strong>, v. 13, p. e0194509.<\/p>\n<p style=\"text-align: justify\">MEDEIROS, D. M.; DE LIMA, M.; VARGAS, G.D&#8217;A.; HUBNER, S. O.; FISCHER, G. Bovine herpesvirus type 1 latent infection in buffaloes <em>(Bubalus bubalis)<\/em> in Rio Grande do Sul state, Brazil. <strong>Arquivo Brasileiro de Medicina Veterin\u00e1ria e Zootecnia<\/strong>, v. 70.<\/p>\n<p style=\"text-align: justify\">FINGER, P. F.; PEPE, M. S.; DUMMER, L. A.; MAGALH\u00c3ES, C. G.; DE CASTRO, C. C.; H\u00dcBNER, S. O.; LEITE, F. P. L.; RITTERBUSCH, G. A.; CONCEI\u00c7\u00c3O, F. R. Combined use of ELISA and Western blot with recombinant N protein is a powerful tool for the immunodiagnosis of avian infectious bronchitis. <strong>Virology Journal,<\/strong> v. 15, p. 189.<\/p>\n","protected":false},"excerpt":{"rendered":"<p>PICOLI, TonyICOLI, TonyPICOLI, T.; PETER, C. M.; VARGAS, G. D&#8217;A.; H\u00dcBNER, S. de O.; FISCHER, G. Potencial antiviral e virucida da melitina e apamina contra herpesv\u00edrus bovino tipo 1 e v\u00edrus da diarreia viral bovina. Pesquisa Veterin\u00e1ria Brasileira, v. 38, p. 595 &#8211; 604. ROOS, T. B.; AVILA, L. F. C.; STURBELLE, R. T.; FISCHER, [&hellip;]<\/p>\n","protected":false},"author":522,"featured_media":0,"parent":51,"menu_order":2,"comment_status":"closed","ping_status":"closed","template":"","meta":{"footnotes":""},"class_list":["post-186","page","type-page","status-publish","hentry"],"_links":{"self":[{"href":"https:\/\/wp.ufpel.edu.br\/labvir\/wp-json\/wp\/v2\/pages\/186","targetHints":{"allow":["GET"]}}],"collection":[{"href":"https:\/\/wp.ufpel.edu.br\/labvir\/wp-json\/wp\/v2\/pages"}],"about":[{"href":"https:\/\/wp.ufpel.edu.br\/labvir\/wp-json\/wp\/v2\/types\/page"}],"author":[{"embeddable":true,"href":"https:\/\/wp.ufpel.edu.br\/labvir\/wp-json\/wp\/v2\/users\/522"}],"replies":[{"embeddable":true,"href":"https:\/\/wp.ufpel.edu.br\/labvir\/wp-json\/wp\/v2\/comments?post=186"}],"version-history":[{"count":7,"href":"https:\/\/wp.ufpel.edu.br\/labvir\/wp-json\/wp\/v2\/pages\/186\/revisions"}],"predecessor-version":[{"id":549,"href":"https:\/\/wp.ufpel.edu.br\/labvir\/wp-json\/wp\/v2\/pages\/186\/revisions\/549"}],"up":[{"embeddable":true,"href":"https:\/\/wp.ufpel.edu.br\/labvir\/wp-json\/wp\/v2\/pages\/51"}],"wp:attachment":[{"href":"https:\/\/wp.ufpel.edu.br\/labvir\/wp-json\/wp\/v2\/media?parent=186"}],"curies":[{"name":"wp","href":"https:\/\/api.w.org\/{rel}","templated":true}]}}