{"id":164,"date":"2015-08-26T16:18:52","date_gmt":"2015-08-26T19:18:52","guid":{"rendered":"https:\/\/wp.ufpel.edu.br\/labvir\/?page_id=164"},"modified":"2019-05-27T15:00:04","modified_gmt":"2019-05-27T18:00:04","slug":"vacinologia","status":"publish","type":"page","link":"https:\/\/wp.ufpel.edu.br\/labvir\/disciplinas\/graduacao\/vacinologia\/","title":{"rendered":"Vacinologia Veterin\u00e1ria"},"content":{"rendered":"<p style=\"text-align: justify\"><strong>Unidade:<\/strong>\u00a0<a href=\"https:\/\/wp.ufpel.edu.br\/veterinaria\/\">Faculdade de Veterin\u00e1ria &#8211; UFPel<\/a><\/p>\n<p style=\"text-align: justify\"><strong>Departamento:<\/strong> Veterin\u00e1ria Preventiva<\/p>\n<p style=\"text-align: justify\"><strong>Disciplina:<\/strong> 520040 &#8211; Vacinologia Veterin\u00e1ria<\/p>\n<p style=\"text-align: justify\"><strong>Semestre: <\/strong>Optativa<\/p>\n<p style=\"text-align: justify\"><strong>Cr\u00e9ditos:<\/strong> 02<\/p>\n<p style=\"text-align: justify\"><strong>Carga hor\u00e1ria:<\/strong> 34 horas<\/p>\n","protected":false},"excerpt":{"rendered":"<p>Unidade:\u00a0Faculdade de Veterin\u00e1ria &#8211; UFPel Departamento: Veterin\u00e1ria Preventiva Disciplina: 520040 &#8211; Vacinologia Veterin\u00e1ria Semestre: Optativa Cr\u00e9ditos: 02 Carga hor\u00e1ria: 34 horas<\/p>\n","protected":false},"author":522,"featured_media":0,"parent":157,"menu_order":2,"comment_status":"closed","ping_status":"closed","template":"","meta":{"footnotes":""},"class_list":["post-164","page","type-page","status-publish","hentry"],"_links":{"self":[{"href":"https:\/\/wp.ufpel.edu.br\/labvir\/wp-json\/wp\/v2\/pages\/164","targetHints":{"allow":["GET"]}}],"collection":[{"href":"https:\/\/wp.ufpel.edu.br\/labvir\/wp-json\/wp\/v2\/pages"}],"about":[{"href":"https:\/\/wp.ufpel.edu.br\/labvir\/wp-json\/wp\/v2\/types\/page"}],"author":[{"embeddable":true,"href":"https:\/\/wp.ufpel.edu.br\/labvir\/wp-json\/wp\/v2\/users\/522"}],"replies":[{"embeddable":true,"href":"https:\/\/wp.ufpel.edu.br\/labvir\/wp-json\/wp\/v2\/comments?post=164"}],"version-history":[{"count":4,"href":"https:\/\/wp.ufpel.edu.br\/labvir\/wp-json\/wp\/v2\/pages\/164\/revisions"}],"predecessor-version":[{"id":694,"href":"https:\/\/wp.ufpel.edu.br\/labvir\/wp-json\/wp\/v2\/pages\/164\/revisions\/694"}],"up":[{"embeddable":true,"href":"https:\/\/wp.ufpel.edu.br\/labvir\/wp-json\/wp\/v2\/pages\/157"}],"wp:attachment":[{"href":"https:\/\/wp.ufpel.edu.br\/labvir\/wp-json\/wp\/v2\/media?parent=164"}],"curies":[{"name":"wp","href":"https:\/\/api.w.org\/{rel}","templated":true}]}}