{"id":159,"date":"2015-08-26T16:16:23","date_gmt":"2015-08-26T19:16:23","guid":{"rendered":"https:\/\/wp.ufpel.edu.br\/labvir\/?page_id=159"},"modified":"2016-01-04T16:06:52","modified_gmt":"2016-01-04T18:06:52","slug":"pos-graduacao","status":"publish","type":"page","link":"https:\/\/wp.ufpel.edu.br\/labvir\/disciplinas\/pos-graduacao\/","title":{"rendered":"P\u00f3s-Gradua\u00e7\u00e3o"},"content":{"rendered":"<p><a href=\"https:\/\/wp.ufpel.edu.br\/labvir\/disciplinas\/pos-graduacao\/imunologia-i-e-ii\/\">IMUNOLOGIA I E II<\/a><\/p>\n<p><a href=\"https:\/\/wp.ufpel.edu.br\/labvir\/disciplinas\/pos-graduacao\/fundamentos-em-virologia\/\">FUNDAMENTOS EM VIROLOGIA<\/a><\/p>\n<p><a href=\"https:\/\/wp.ufpel.edu.br\/labvir\/disciplinas\/pos-graduacao\/topicos-especiais-em-virologia\/\">T\u00d3PICOS ESPECIAIS EM VIROLOGIA<\/a><\/p>\n<p><a href=\"http:\/\/SANIDADE DE ANIMAIS DE COMPANHIA E SILVESTRES\">SANIDADE DE ANIMAIS DE COMPANHIA E SILVESTRES<\/a><\/p>\n<p>&nbsp;<\/p>\n","protected":false},"excerpt":{"rendered":"<p>IMUNOLOGIA I E II FUNDAMENTOS EM VIROLOGIA T\u00d3PICOS ESPECIAIS EM VIROLOGIA SANIDADE DE ANIMAIS DE COMPANHIA E SILVESTRES &nbsp;<\/p>\n","protected":false},"author":522,"featured_media":0,"parent":134,"menu_order":2,"comment_status":"closed","ping_status":"closed","template":"","meta":{"footnotes":""},"class_list":["post-159","page","type-page","status-publish","hentry"],"_links":{"self":[{"href":"https:\/\/wp.ufpel.edu.br\/labvir\/wp-json\/wp\/v2\/pages\/159","targetHints":{"allow":["GET"]}}],"collection":[{"href":"https:\/\/wp.ufpel.edu.br\/labvir\/wp-json\/wp\/v2\/pages"}],"about":[{"href":"https:\/\/wp.ufpel.edu.br\/labvir\/wp-json\/wp\/v2\/types\/page"}],"author":[{"embeddable":true,"href":"https:\/\/wp.ufpel.edu.br\/labvir\/wp-json\/wp\/v2\/users\/522"}],"replies":[{"embeddable":true,"href":"https:\/\/wp.ufpel.edu.br\/labvir\/wp-json\/wp\/v2\/comments?post=159"}],"version-history":[{"count":3,"href":"https:\/\/wp.ufpel.edu.br\/labvir\/wp-json\/wp\/v2\/pages\/159\/revisions"}],"predecessor-version":[{"id":229,"href":"https:\/\/wp.ufpel.edu.br\/labvir\/wp-json\/wp\/v2\/pages\/159\/revisions\/229"}],"up":[{"embeddable":true,"href":"https:\/\/wp.ufpel.edu.br\/labvir\/wp-json\/wp\/v2\/pages\/134"}],"wp:attachment":[{"href":"https:\/\/wp.ufpel.edu.br\/labvir\/wp-json\/wp\/v2\/media?parent=159"}],"curies":[{"name":"wp","href":"https:\/\/api.w.org\/{rel}","templated":true}]}}