{"id":148,"date":"2015-08-26T16:01:54","date_gmt":"2015-08-26T19:01:54","guid":{"rendered":"https:\/\/wp.ufpel.edu.br\/labvir\/?page_id=148"},"modified":"2019-05-27T09:32:16","modified_gmt":"2019-05-27T12:32:16","slug":"linhas-de-pesquisa","status":"publish","type":"page","link":"https:\/\/wp.ufpel.edu.br\/labvir\/atividades-de-rotina\/linhas-de-pesquisa\/","title":{"rendered":"Pesquisa"},"content":{"rendered":"<p><strong>LINHAS DE PESQUISA<\/strong><\/p>\n<ul>\n<li><strong>Medicina Veterin\u00e1ria Preventiva:<\/strong> doen\u00e7as infecciosas de animais.<\/li>\n<li><strong>Microbiologia:<\/strong> virologia.<\/li>\n<li><strong>Imunologia:<\/strong> imunologia aplicada, desenvolvimento de vacinas v\u00edricas.<\/li>\n<\/ul>\n<p><strong>PROJETOS<\/strong><\/p>\n<ul>\n<li>Melitina: prospec\u00e7\u00e3o das capacidades imunoestimulante e imunossupressora<\/li>\n<li>Caracteriza\u00e7\u00e3o da atividade imunomoduladora de compostos naturais<\/li>\n<li>Detec\u00e7\u00e3o, caracteriza\u00e7\u00e3o molecular e an\u00e1lise filogen\u00e9tica de poxv\u00edrus de aves recebidas pelo N\u00facleo de Reabilita\u00e7\u00e3o da Fauna Silvestre (NURFS) da UFPel<\/li>\n<li>Clonagem e express\u00e3o do gene da glicoprote\u00edna D do herpesv\u00edrus equino tipo 1 em <em>Pichia pastoris<\/em> e avalia\u00e7\u00e3o da sua imunogenicidade<\/li>\n<li>Hesperv\u00edrus equino: isolamento, caracteriza\u00e7\u00e3o molecular de amostras de campo e desenvolvimento de um teste sorol\u00f3gico a partir de ant\u00edgeno recombinante<\/li>\n<li>Vacinas de mucosa contra o herpesv\u00edrus bovino: desenvolvimento e avalia\u00e7\u00e3o de diferentes formula\u00e7\u00f5es<\/li>\n<li>Estudo soroepidemiol\u00f3gico de enfermidades de impacto econ\u00f4mico na bovinocultura<\/li>\n<li>Investiga\u00e7\u00f5es etiol\u00f3gicas e epidemiol\u00f3gicas para enfermidades em aves silvestres e ornamentais na regi\u00e3o sul do Rio Grande do Sul<\/li>\n<\/ul>\n","protected":false},"excerpt":{"rendered":"<p>LINHAS DE PESQUISA Medicina Veterin\u00e1ria Preventiva: doen\u00e7as infecciosas de animais. Microbiologia: virologia. Imunologia: imunologia aplicada, desenvolvimento de vacinas v\u00edricas. PROJETOS Melitina: prospec\u00e7\u00e3o das capacidades imunoestimulante e imunossupressora Caracteriza\u00e7\u00e3o da atividade imunomoduladora de compostos naturais Detec\u00e7\u00e3o, caracteriza\u00e7\u00e3o molecular e an\u00e1lise filogen\u00e9tica de poxv\u00edrus de aves recebidas pelo N\u00facleo de Reabilita\u00e7\u00e3o da Fauna Silvestre (NURFS) da UFPel [&hellip;]<\/p>\n","protected":false},"author":522,"featured_media":0,"parent":22,"menu_order":2,"comment_status":"closed","ping_status":"closed","template":"","meta":{"footnotes":""},"class_list":["post-148","page","type-page","status-publish","hentry"],"_links":{"self":[{"href":"https:\/\/wp.ufpel.edu.br\/labvir\/wp-json\/wp\/v2\/pages\/148","targetHints":{"allow":["GET"]}}],"collection":[{"href":"https:\/\/wp.ufpel.edu.br\/labvir\/wp-json\/wp\/v2\/pages"}],"about":[{"href":"https:\/\/wp.ufpel.edu.br\/labvir\/wp-json\/wp\/v2\/types\/page"}],"author":[{"embeddable":true,"href":"https:\/\/wp.ufpel.edu.br\/labvir\/wp-json\/wp\/v2\/users\/522"}],"replies":[{"embeddable":true,"href":"https:\/\/wp.ufpel.edu.br\/labvir\/wp-json\/wp\/v2\/comments?post=148"}],"version-history":[{"count":4,"href":"https:\/\/wp.ufpel.edu.br\/labvir\/wp-json\/wp\/v2\/pages\/148\/revisions"}],"predecessor-version":[{"id":610,"href":"https:\/\/wp.ufpel.edu.br\/labvir\/wp-json\/wp\/v2\/pages\/148\/revisions\/610"}],"up":[{"embeddable":true,"href":"https:\/\/wp.ufpel.edu.br\/labvir\/wp-json\/wp\/v2\/pages\/22"}],"wp:attachment":[{"href":"https:\/\/wp.ufpel.edu.br\/labvir\/wp-json\/wp\/v2\/media?parent=148"}],"curies":[{"name":"wp","href":"https:\/\/api.w.org\/{rel}","templated":true}]}}