{"id":146,"date":"2015-08-26T16:01:37","date_gmt":"2015-08-26T19:01:37","guid":{"rendered":"https:\/\/wp.ufpel.edu.br\/labvir\/?page_id=146"},"modified":"2019-05-27T09:30:27","modified_gmt":"2019-05-27T12:30:27","slug":"historico","status":"publish","type":"page","link":"https:\/\/wp.ufpel.edu.br\/labvir\/atividades-de-rotina\/historico\/","title":{"rendered":"Hist\u00f3rico"},"content":{"rendered":"<p style=\"text-align: justify\">O <strong>Laborat\u00f3rio de Virologia e Imunologia<\/strong> (LabVir) da Faculdade de Veterin\u00e1ria da UFPel, iniciou suas atividades em mar\u00e7o de 1979, considerando a necessidade de realizar o diagn\u00f3stico das viroses dos animais, assim como conduzir projetos de pesquisa em virologia animal. Inicialmente, contava com tr\u00eas profissionais: os professores Telmo Vidor e Carlos Willi Van Der Laan, e o t\u00e9cnico de laborat\u00f3rio Jos\u00e9 Carlos R\u00f6sler Sandrini. Os trabalhos foram desenvolvidos com a colabora\u00e7\u00e3o dos bolsistas de mestrado, aperfei\u00e7oamento e inicia\u00e7\u00e3o cient\u00edfica.<\/p>\n<p style=\"text-align: justify\">Durante v\u00e1rios anos o LabVir\/UFPel dividiu com o Instituto de Pesquisas Veterin\u00e1rias Desid\u00e9rio Finamor &#8211; IPVDF, a responsabilidade pelo diagn\u00f3stico da Raiva por imunofluoresc\u00eancia e prova biol\u00f3gica (inocula\u00e7\u00e3o em camundongos). Paralelamente foram realizados projetos em Doen\u00e7a de Newcastle, Influenza Equina, Peste Su\u00edna Cl\u00e1ssica e herpesv\u00edrus dos bovinos com apoio de agentes financiadores de pesquisa, como CNPq, FAPERGS e FINEP. Foram tamb\u00e9m conduzidos projetos em parceria com alguns Laborat\u00f3rios de produtos veterin\u00e1rios, visando avaliar uma amostra vacinal viva em cultivo celular de Peste Su\u00edna Cl\u00e1ssica e uma vacina inativada oleosa para Herpes Su\u00edno 1 (Doen\u00e7a de Aujeszky), ambas posteriormente registradas no Minist\u00e9rio da Agricultura, Pecu\u00e1ria e Abastecimento (MAPA) e comercializadas em todo pa\u00eds.<\/p>\n<p style=\"text-align: justify\">Na d\u00e9cada de 80, foram desenvolvidos v\u00e1rios projetos visando esclarecer aspectos epidemiol\u00f3gicos da Parvovirose dos su\u00ednos e herpesv\u00edrus bovino tipos 1 e 5. Foram igualmente implantados os bancos de c\u00e9lulas (23 linhagens) e banco de v\u00edrus, com as principais cepas padr\u00e3o internacionais da ATCC (aproximadamente 30), representando as principais viroses dos animais.<\/p>\n<p style=\"text-align: justify\">Na d\u00e9cada de 90, prosseguiram os estudos epidemiol\u00f3gicos para herpesv\u00edrus bovino tipos 1 e 5 e o monitoramento sorol\u00f3gico para diagn\u00f3stico da Leucose Enzo\u00f3tica Bovina.<\/p>\n<p style=\"text-align: justify\">Na d\u00e9cada de 2000, a vigil\u00e2ncia epidemiol\u00f3gica para o BoHV e o BVDV (v\u00edrus da Diarreia Viral Bovina) intensificou-se e foram realizados isolamentos de v\u00e1rias cepas de surtos de vulvovaginite e encefalite dos bovinos, assim como de surtos de Diarreia Viral Bovina. Os estudos epidemiol\u00f3gicos mostraram os altos n\u00edveis de infec\u00e7\u00e3o dos rebanhos da zona sul do Rio Grande do Sul com BoHV e BVDV (84 e 82% das propriedades infectadas, respectivamente). As avalia\u00e7\u00f5es imunol\u00f3gicas das cepas isoladas demonstraram elevada imunogenicidade.<\/p>\n<p style=\"text-align: justify\">Atualmente, o <strong>LabVir\/UFPel desenvolve pesquisas nas diversas \u00e1reas da virologia<\/strong>, destacando-se: poxv\u00edrus avi\u00e1rio, herpesv\u00edrus bovino tipo 1 e 5 (desenvolvimento de vacinas), diarreia viral bovina, herpesvirus equino, v\u00edrus que acometem abelhas (<em>Apis mellifera<\/em> e melipon\u00eddeos), desenvolvimento de linhagens celulares, desenvolvimento de vacinas de mucosa, v\u00edrus de cinomose e parvovirose. Al\u00e9m disso, tem atuado fortemente no diagn\u00f3stico das principais doen\u00e7as reprodutivas dos bovinos, bem como de doen\u00e7as compuls\u00f3rias para a exporta\u00e7\u00e3o de gado vivo.<\/p>\n","protected":false},"excerpt":{"rendered":"<p>O Laborat\u00f3rio de Virologia e Imunologia (LabVir) da Faculdade de Veterin\u00e1ria da UFPel, iniciou suas atividades em mar\u00e7o de 1979, considerando a necessidade de realizar o diagn\u00f3stico das viroses dos animais, assim como conduzir projetos de pesquisa em virologia animal. Inicialmente, contava com tr\u00eas profissionais: os professores Telmo Vidor e Carlos Willi Van Der Laan, [&hellip;]<\/p>\n","protected":false},"author":522,"featured_media":0,"parent":22,"menu_order":1,"comment_status":"closed","ping_status":"closed","template":"","meta":{"footnotes":""},"class_list":["post-146","page","type-page","status-publish","hentry"],"_links":{"self":[{"href":"https:\/\/wp.ufpel.edu.br\/labvir\/wp-json\/wp\/v2\/pages\/146","targetHints":{"allow":["GET"]}}],"collection":[{"href":"https:\/\/wp.ufpel.edu.br\/labvir\/wp-json\/wp\/v2\/pages"}],"about":[{"href":"https:\/\/wp.ufpel.edu.br\/labvir\/wp-json\/wp\/v2\/types\/page"}],"author":[{"embeddable":true,"href":"https:\/\/wp.ufpel.edu.br\/labvir\/wp-json\/wp\/v2\/users\/522"}],"replies":[{"embeddable":true,"href":"https:\/\/wp.ufpel.edu.br\/labvir\/wp-json\/wp\/v2\/comments?post=146"}],"version-history":[{"count":4,"href":"https:\/\/wp.ufpel.edu.br\/labvir\/wp-json\/wp\/v2\/pages\/146\/revisions"}],"predecessor-version":[{"id":609,"href":"https:\/\/wp.ufpel.edu.br\/labvir\/wp-json\/wp\/v2\/pages\/146\/revisions\/609"}],"up":[{"embeddable":true,"href":"https:\/\/wp.ufpel.edu.br\/labvir\/wp-json\/wp\/v2\/pages\/22"}],"wp:attachment":[{"href":"https:\/\/wp.ufpel.edu.br\/labvir\/wp-json\/wp\/v2\/media?parent=146"}],"curies":[{"name":"wp","href":"https:\/\/api.w.org\/{rel}","templated":true}]}}