{"id":142,"date":"2015-08-26T16:00:33","date_gmt":"2015-08-26T19:00:33","guid":{"rendered":"https:\/\/wp.ufpel.edu.br\/labvir\/?page_id=142"},"modified":"2019-04-29T11:41:41","modified_gmt":"2019-04-29T14:41:41","slug":"coleta-de-amostras","status":"publish","type":"page","link":"https:\/\/wp.ufpel.edu.br\/labvir\/servicos\/coleta-de-amostras\/","title":{"rendered":"Coleta e Remessa de Amostras"},"content":{"rendered":"<p style=\"text-align: justify\">A coleta de amostras para envio ao laborat\u00f3rio deve contemplar alguns cuidados b\u00e1sicos como assepsia, quantidade, identifica\u00e7\u00e3o, armazenamento e transporte.<\/p>\n<ul>\n<li><strong>Hist\u00f3rico:<\/strong>\n<ol>\n<li style=\"text-align: justify\">As amostras devem ser acompanhas dos dados de anamnese (hist\u00f3rico do caso, morbidade, mortalidade, achados patol\u00f3gicos, etc.), suspeita cl\u00ednica, informa\u00e7\u00f5es sobre o propriet\u00e1rio e a propriedade, M\u00e9dico Veterin\u00e1rio requisitante com telefone e e-mail para contato, e outras informa\u00e7\u00f5es julgadas pertinentes.<\/li>\n<\/ol>\n<\/li>\n<li><strong>Identifica\u00e7\u00e3o:<\/strong>\n<ol>\n<li style=\"text-align: justify\">As amostras devem ser identificadas individualmente com r\u00f3tulo leg\u00edvel e sem risco de desprendimento;<\/li>\n<li style=\"text-align: justify\">Para cada animal ou tipo de amostra utilize frasco ou embalagem exclusiva.<\/li>\n<\/ol>\n<\/li>\n<li><strong>Coleta:<\/strong>\n<ol>\n<li style=\"text-align: justify\">Utilizar material est\u00e9ril (agulhas, seringas, tubos para coleta) e embalagens higienizadas;<\/li>\n<li style=\"text-align: justify\">Evitar contamina\u00e7\u00e3o das amostras com sujidades, fezes ou restos de alimentos;<\/li>\n<li style=\"text-align: justify\">A coleta de \u00f3rg\u00e3os ou fragmentos deve ser realizada logo ap\u00f3s a morte do animal;<\/li>\n<li style=\"text-align: justify\">Tecidos ou secre\u00e7\u00f5es para isolamento viral devem ser mantidos sob refrigera\u00e7\u00e3o (4 <sup>o<\/sup>C);<\/li>\n<li style=\"text-align: justify\">Tecidos para imunoistoqu\u00edmica devem ser fixados em formol 10% (uma parte de formalde\u00eddo 37 a 40% e nove partes de \u00e1gua) numa propor\u00e7\u00e3o de uma parte de tecido e 10 partes de formol.<\/li>\n<\/ol>\n<\/li>\n<li><strong>Transporte:<\/strong>\n<ol>\n<li style=\"text-align: justify\">O material coletado deve ser remetido em caixa t\u00e9rmica de isopor com gelo recicl\u00e1vel, n\u00e3o utilizar cubos de gelo soltos ou em sacos pl\u00e1sticos. Como op\u00e7\u00e3o utilizar garrafas pl\u00e1sticas com \u00e1gua congelada no seu interior, fechadas com tampa rosca;<\/li>\n<li style=\"text-align: justify\">As amostras devem ser colocadas em saco pl\u00e1stico lacrado com fita adesiva, para evitar contato com a \u00e1gua (umidade);<\/li>\n<li style=\"text-align: justify\">Os espa\u00e7os vazios dentro da caixa de isopor devem ser preenchidos com papel jornal;<\/li>\n<li style=\"text-align: justify\">Inclua na caixa de isopor, o hist\u00f3rico do caso com a identifica\u00e7\u00e3o do Propriet\u00e1rio e do M\u00e9dico Veterin\u00e1rio com as respectivas informa\u00e7\u00f5es para contato, em saco pl\u00e1stico lacrado;<\/li>\n<li style=\"text-align: justify\">A caixa de isopor deve ser vedada com fita adesiva e conter no seu exterior as informa\u00e7\u00f5es do remetente e do destinat\u00e1rio;<\/li>\n<li style=\"text-align: justify\">Preferencialmente, envie as amostras nas segundas-feiras, fique atento aos feriados e finais de semana.<\/li>\n<\/ol>\n<\/li>\n<li><strong>Outras informa\u00e7\u00f5es:<\/strong>\n<ol>\n<li style=\"text-align: justify\">Tubos sem anticoagulante para coleta de sangue, ap\u00f3s a coleta deixar os tubos levemente inclinados \u00e0 temperatura ambiente por duas horas para forma\u00e7\u00e3o do co\u00e1gulo, ap\u00f3s transferir o soro para frascos tipo Eppendorf\u00ae. O soro pode ser congelado no freezer e armazenado por meses, evite enviar os tubos com co\u00e1gulo e nunca congele o sangue com o co\u00e1gulo, haver\u00e1 hem\u00f3lise;<\/li>\n<li style=\"text-align: justify\">Tubos com anticoagulante para coleta de sangue, o sangue total \u00e9 utilizado para isolamento viral e imunodiagn\u00f3stico, o sangue deve ser mantido sob refrigera\u00e7\u00e3o, n\u00e3o deve ser congelado;<\/li>\n<li style=\"text-align: justify\">A coleta de secre\u00e7\u00f5es deve ser realizada atrav\u00e9s de <em>swabs <\/em>est\u00e9reis e acondicionados em frascos tipo eppendorf\u00ae com meio de transporte tamponado, com pH 7,2-7,4, fornecido pelo laborat\u00f3rio, preferencialmente.<\/li>\n<\/ol>\n<\/li>\n<\/ul>\n","protected":false},"excerpt":{"rendered":"<p>A coleta de amostras para envio ao laborat\u00f3rio deve contemplar alguns cuidados b\u00e1sicos como assepsia, quantidade, identifica\u00e7\u00e3o, armazenamento e transporte. Hist\u00f3rico: As amostras devem ser acompanhas dos dados de anamnese (hist\u00f3rico do caso, morbidade, mortalidade, achados patol\u00f3gicos, etc.), suspeita cl\u00ednica, informa\u00e7\u00f5es sobre o propriet\u00e1rio e a propriedade, M\u00e9dico Veterin\u00e1rio requisitante com telefone e e-mail para [&hellip;]<\/p>\n","protected":false},"author":522,"featured_media":0,"parent":138,"menu_order":2,"comment_status":"closed","ping_status":"closed","template":"","meta":{"footnotes":""},"class_list":["post-142","page","type-page","status-publish","hentry"],"_links":{"self":[{"href":"https:\/\/wp.ufpel.edu.br\/labvir\/wp-json\/wp\/v2\/pages\/142","targetHints":{"allow":["GET"]}}],"collection":[{"href":"https:\/\/wp.ufpel.edu.br\/labvir\/wp-json\/wp\/v2\/pages"}],"about":[{"href":"https:\/\/wp.ufpel.edu.br\/labvir\/wp-json\/wp\/v2\/types\/page"}],"author":[{"embeddable":true,"href":"https:\/\/wp.ufpel.edu.br\/labvir\/wp-json\/wp\/v2\/users\/522"}],"replies":[{"embeddable":true,"href":"https:\/\/wp.ufpel.edu.br\/labvir\/wp-json\/wp\/v2\/comments?post=142"}],"version-history":[{"count":4,"href":"https:\/\/wp.ufpel.edu.br\/labvir\/wp-json\/wp\/v2\/pages\/142\/revisions"}],"predecessor-version":[{"id":569,"href":"https:\/\/wp.ufpel.edu.br\/labvir\/wp-json\/wp\/v2\/pages\/142\/revisions\/569"}],"up":[{"embeddable":true,"href":"https:\/\/wp.ufpel.edu.br\/labvir\/wp-json\/wp\/v2\/pages\/138"}],"wp:attachment":[{"href":"https:\/\/wp.ufpel.edu.br\/labvir\/wp-json\/wp\/v2\/media?parent=142"}],"curies":[{"name":"wp","href":"https:\/\/api.w.org\/{rel}","templated":true}]}}