{"id":134,"date":"2015-08-26T15:56:46","date_gmt":"2015-08-26T18:56:46","guid":{"rendered":"https:\/\/wp.ufpel.edu.br\/labvir\/?page_id=134"},"modified":"2016-01-04T15:58:52","modified_gmt":"2016-01-04T17:58:52","slug":"disciplinas","status":"publish","type":"page","link":"https:\/\/wp.ufpel.edu.br\/labvir\/disciplinas\/","title":{"rendered":"Disciplinas"},"content":{"rendered":"<p><a href=\"https:\/\/wp.ufpel.edu.br\/labvir\/disciplinas\/graduacao\/\">Disciplinas da Gradua\u00e7\u00e3o<\/a><\/p>\n<p><a href=\"https:\/\/wp.ufpel.edu.br\/labvir\/disciplinas\/pos-graduacao\/\">Disciplinas da P\u00f3s-Gradua\u00e7\u00e3o<\/a><\/p>\n<p>&nbsp;<\/p>\n","protected":false},"excerpt":{"rendered":"<p>Disciplinas da Gradua\u00e7\u00e3o Disciplinas da P\u00f3s-Gradua\u00e7\u00e3o &nbsp;<\/p>\n","protected":false},"author":522,"featured_media":0,"parent":0,"menu_order":4,"comment_status":"closed","ping_status":"closed","template":"","meta":{"footnotes":""},"class_list":["post-134","page","type-page","status-publish","hentry"],"_links":{"self":[{"href":"https:\/\/wp.ufpel.edu.br\/labvir\/wp-json\/wp\/v2\/pages\/134","targetHints":{"allow":["GET"]}}],"collection":[{"href":"https:\/\/wp.ufpel.edu.br\/labvir\/wp-json\/wp\/v2\/pages"}],"about":[{"href":"https:\/\/wp.ufpel.edu.br\/labvir\/wp-json\/wp\/v2\/types\/page"}],"author":[{"embeddable":true,"href":"https:\/\/wp.ufpel.edu.br\/labvir\/wp-json\/wp\/v2\/users\/522"}],"replies":[{"embeddable":true,"href":"https:\/\/wp.ufpel.edu.br\/labvir\/wp-json\/wp\/v2\/comments?post=134"}],"version-history":[{"count":2,"href":"https:\/\/wp.ufpel.edu.br\/labvir\/wp-json\/wp\/v2\/pages\/134\/revisions"}],"predecessor-version":[{"id":227,"href":"https:\/\/wp.ufpel.edu.br\/labvir\/wp-json\/wp\/v2\/pages\/134\/revisions\/227"}],"wp:attachment":[{"href":"https:\/\/wp.ufpel.edu.br\/labvir\/wp-json\/wp\/v2\/media?parent=134"}],"curies":[{"name":"wp","href":"https:\/\/api.w.org\/{rel}","templated":true}]}}