{"id":939,"date":"2021-05-15T07:31:19","date_gmt":"2021-05-15T10:31:19","guid":{"rendered":"https:\/\/wp.ufpel.edu.br\/laburb\/?page_id=939"},"modified":"2021-05-15T07:44:10","modified_gmt":"2021-05-15T10:44:10","slug":"projeto-producao-e-apropriacao-do-espaco-habitado","status":"publish","type":"page","link":"https:\/\/wp.ufpel.edu.br\/laburb\/projeto-producao-e-apropriacao-do-espaco-habitado\/","title":{"rendered":"Projeto, produ\u00e7\u00e3o e apropria\u00e7\u00e3o do espa\u00e7o habitado"},"content":{"rendered":"<p>Em breve.<\/p>\n","protected":false},"excerpt":{"rendered":"<p>Em breve.<\/p>\n","protected":false},"author":851,"featured_media":0,"parent":0,"menu_order":0,"comment_status":"closed","ping_status":"closed","template":"","meta":{"jetpack_post_was_ever_published":false,"footnotes":""},"class_list":["post-939","page","type-page","status-publish","hentry"],"jetpack_sharing_enabled":true,"jetpack_shortlink":"https:\/\/wp.me\/P8N9kW-f9","_links":{"self":[{"href":"https:\/\/wp.ufpel.edu.br\/laburb\/wp-json\/wp\/v2\/pages\/939","targetHints":{"allow":["GET"]}}],"collection":[{"href":"https:\/\/wp.ufpel.edu.br\/laburb\/wp-json\/wp\/v2\/pages"}],"about":[{"href":"https:\/\/wp.ufpel.edu.br\/laburb\/wp-json\/wp\/v2\/types\/page"}],"author":[{"embeddable":true,"href":"https:\/\/wp.ufpel.edu.br\/laburb\/wp-json\/wp\/v2\/users\/851"}],"replies":[{"embeddable":true,"href":"https:\/\/wp.ufpel.edu.br\/laburb\/wp-json\/wp\/v2\/comments?post=939"}],"version-history":[{"count":2,"href":"https:\/\/wp.ufpel.edu.br\/laburb\/wp-json\/wp\/v2\/pages\/939\/revisions"}],"predecessor-version":[{"id":958,"href":"https:\/\/wp.ufpel.edu.br\/laburb\/wp-json\/wp\/v2\/pages\/939\/revisions\/958"}],"wp:attachment":[{"href":"https:\/\/wp.ufpel.edu.br\/laburb\/wp-json\/wp\/v2\/media?parent=939"}],"curies":[{"name":"wp","href":"https:\/\/api.w.org\/{rel}","templated":true}]}}