{"id":937,"date":"2021-05-15T07:31:19","date_gmt":"2021-05-15T10:31:19","guid":{"rendered":"https:\/\/wp.ufpel.edu.br\/laburb\/?page_id=937"},"modified":"2023-07-12T18:12:06","modified_gmt":"2023-07-12T21:12:06","slug":"planejamento-morfologia-e-modelagem-urbana","status":"publish","type":"page","link":"https:\/\/wp.ufpel.edu.br\/laburb\/planejamento-morfologia-e-modelagem-urbana\/","title":{"rendered":"Planejamento, morfologia e modelagem urbana"},"content":{"rendered":"<p><span style=\"font-size: 18pt;\"><strong>Planejamento Urbano<\/strong><\/span><br \/>\nA vertente &#8220;Planejamento urbano&#8221; trabalha com temas relacionados com urbanismo de modo geral, entendido como ci\u00eancia e arte simultaneamente. Opera com a estrutura, forma e fun\u00e7\u00f5es da cidade atual, estando particularmente interessada em processos de planejamento, planos e projetos, instrumentos e metodologias, ambiente natural, crescimento urbano, estrutura intraurbana, cidades e redes de cidades, cidades pequenas e de porte m\u00e9dio, cidades de fronteira, uso e parcelamento do solo, mobilidade urbana, dota\u00e7\u00e3o de equipamentos comunit\u00e1rios, planos diretores, planos de bairro, planos setoriais, paisagismo, geoprocessamento, visualiza\u00e7\u00e3o da informa\u00e7\u00e3o e internet, teorias e cr\u00edticas da urbaniza\u00e7\u00e3o e novas ideias sobre a cidade e sobre o urbanismo. Tem atuado em parceria com prefeituras da regi\u00e3o e integra possibilidades de morfologia e modelagem urbana.<\/p>\n<p><strong><span style=\"font-size: 18pt;\">Morfologia e modelagem urbana<\/span><\/strong><br \/>\nA vertente &#8220;Morfologia e modelagem urbana&#8221; \u00e9 dedicada a descrever e explorar aspectos de forma e estrutura da cidade e da paisagem, relacionando espa\u00e7o, sociedade e natureza, desenvolvendo a teoria urbana para a produ\u00e7\u00e3o espacial, estudando a din\u00e2mica urbana e o relacionamento das partes da cidade com o conjunto que integra. Esfor\u00e7os t\u00eam sido empreendidos no campo da modelagem urbana, simula\u00e7\u00e3o e visualiza\u00e7\u00e3o, com o uso de geotecnologias, geocomputa\u00e7\u00e3o, redes, grafos, aut\u00f4matos celulares e agentes. Suporte te\u00f3rico tem estado associado \u00e0 compreens\u00e3o da complexidade espacial urbana, da auto-organiza\u00e7\u00e3o e emerg\u00eancia, da teoria de sistemas e da morfologia urbana. S\u00e3o particularmente importantes os estudos dedicados \u00e0s mudan\u00e7as que ocorrem na cidade contempor\u00e2nea, \u00e0s possibilidades de cen\u00e1rios de futuro e \u00e0 constru\u00e7\u00e3o de novos nexos e utopias espaciais. Est\u00e1 assumido que a forma e a estrutura do espa\u00e7o, mesmo interagindo com as demais dimens\u00f5es e vari\u00e1veis urbanas e sofrendo suas influ\u00eancias, apresentam certo grau de autonomia e independ\u00eancia disciplinar, o que implica em teorias, m\u00e9todos e estudo emp\u00edricos dedicados.<\/p>\n","protected":false},"excerpt":{"rendered":"<p>Planejamento Urbano A vertente &#8220;Planejamento urbano&#8221; trabalha com temas relacionados com urbanismo de modo geral, entendido como ci\u00eancia e arte simultaneamente. Opera com a estrutura, forma e fun\u00e7\u00f5es da cidade atual, estando particularmente interessada em processos de planejamento, planos e&#8230; <a class=\"more-link\" href=\"https:\/\/wp.ufpel.edu.br\/laburb\/planejamento-morfologia-e-modelagem-urbana\/\">Continue lendo &rarr;<\/a><\/p>\n","protected":false},"author":851,"featured_media":0,"parent":0,"menu_order":0,"comment_status":"closed","ping_status":"closed","template":"","meta":{"jetpack_post_was_ever_published":false,"footnotes":""},"class_list":["post-937","page","type-page","status-publish","hentry"],"jetpack_sharing_enabled":true,"jetpack_shortlink":"https:\/\/wp.me\/P8N9kW-f7","_links":{"self":[{"href":"https:\/\/wp.ufpel.edu.br\/laburb\/wp-json\/wp\/v2\/pages\/937","targetHints":{"allow":["GET"]}}],"collection":[{"href":"https:\/\/wp.ufpel.edu.br\/laburb\/wp-json\/wp\/v2\/pages"}],"about":[{"href":"https:\/\/wp.ufpel.edu.br\/laburb\/wp-json\/wp\/v2\/types\/page"}],"author":[{"embeddable":true,"href":"https:\/\/wp.ufpel.edu.br\/laburb\/wp-json\/wp\/v2\/users\/851"}],"replies":[{"embeddable":true,"href":"https:\/\/wp.ufpel.edu.br\/laburb\/wp-json\/wp\/v2\/comments?post=937"}],"version-history":[{"count":4,"href":"https:\/\/wp.ufpel.edu.br\/laburb\/wp-json\/wp\/v2\/pages\/937\/revisions"}],"predecessor-version":[{"id":1068,"href":"https:\/\/wp.ufpel.edu.br\/laburb\/wp-json\/wp\/v2\/pages\/937\/revisions\/1068"}],"wp:attachment":[{"href":"https:\/\/wp.ufpel.edu.br\/laburb\/wp-json\/wp\/v2\/media?parent=937"}],"curies":[{"name":"wp","href":"https:\/\/api.w.org\/{rel}","templated":true}]}}