{"id":765,"date":"2021-05-13T17:03:29","date_gmt":"2021-05-13T20:03:29","guid":{"rendered":"https:\/\/wp.ufpel.edu.br\/laburb\/?page_id=765"},"modified":"2021-05-14T10:30:23","modified_gmt":"2021-05-14T13:30:23","slug":"vertentes-2","status":"publish","type":"page","link":"https:\/\/wp.ufpel.edu.br\/laburb\/vertentes-2\/","title":{"rendered":"Vertentes"},"content":{"rendered":"<p style=\"text-align: justify\"><b>Planejamento, morfologia e modelagem urbana<\/b><\/p>\n<p style=\"text-align: justify\"><span style=\"font-weight: 400\">Trabalha com o processo de planejamento do espa\u00e7o municipal, estudando programas, planos e projetos. A abordagem principal \u00e9 atrav\u00e9s da morfologia urbana, que \u00e9 particularmente investigada mediante recursos de modelagem, geocomputa\u00e7\u00e3o e SIG. Est\u00e3o inclu\u00eddos trabalhos\u00a0 com crescimento urbano, ambiente natural, espa\u00e7os abertos, estrutura intraurbana, uso do solo, parcelamento do solo, evolu\u00e7\u00e3o urbana, mobilidade e mapeamento colaborativo.<\/span><\/p>\n<p style=\"text-align: justify\"><b>Cidade e contemporaneidade<\/b><\/p>\n<p style=\"text-align: justify\"><span style=\"font-weight: 400\">Procura articular-se em torno da abordagem multidisciplinar de quest\u00f5es te\u00f3ricas e emp\u00edricas relacionadas \u00e0 sociedade contempor\u00e2nea, em especial na rela\u00e7\u00e3o entre a arquitetura e cidade, habitando para isso as fronteiras da filosofia, das artes e da educa\u00e7\u00e3o, a fim de criar a\u00e7\u00f5es projetuais e perceptos para uma est\u00e9tica urbana atual. Ver mais em: <a href=\"https:\/\/wp.ufpel.edu.br\/cmaisc\/\">https:\/\/wp.ufpel.edu.br\/cmaisc\/<\/a><br \/>\n<\/span><\/p>\n<p style=\"text-align: justify\"><b>Projeto, produ\u00e7\u00e3o e apropria\u00e7\u00e3o do espa\u00e7o habitado<\/b><\/p>\n<p style=\"text-align: justify\"><span style=\"font-weight: 400\">Estuda os conflitos e contradi\u00e7\u00f5es inerentes aos processos de projeto, produ\u00e7\u00e3o e apropria\u00e7\u00e3o do espa\u00e7o habitado urbano em suas diversas escalas. Reconhece a desigualdade e a precariedade como componentes centrais do processo de urbaniza\u00e7\u00e3o dos pa\u00edses da periferia do capitalismo e toma como pressuposto que o processo de projeto deve incorporar as tens\u00f5es decorrentes desta situa\u00e7\u00e3o, assumindo necessariamente um car\u00e1ter pol\u00edtico. Busca contextualizar esta discuss\u00e3o, considerando as particularidades da cidade de Pelotas sem abrir m\u00e3o do di\u00e1logo com outras realidades, metropolitanas e latino-americanas.<\/span><\/p>\n<p style=\"text-align: justify\"><b>Investiga\u00e7\u00f5es em Clima Urbano<\/b><\/p>\n<p style=\"text-align: justify\"><span style=\"font-weight: 400\">Aborda desafios contempor\u00e2neos das cidades frente aos cen\u00e1rios de mudan\u00e7as clim\u00e1ticas. Avalia os efeitos do planejamento urbano sob a \u00f3tica do conforto ambiental, simulando intera\u00e7\u00f5es entre os sistemas naturais e urbanos. De car\u00e1ter multidisciplinar, inclui investiga\u00e7\u00f5es de processos e solu\u00e7\u00f5es mais sustent\u00e1veis, desde a escala urbana at\u00e9 os objetos constru\u00eddos. Busca analisar efeitos de decis\u00f5es projetuais e de planejamento sobre os microclimas urbanos e nas edifica\u00e7\u00f5es.<\/span><\/p>\n","protected":false},"excerpt":{"rendered":"<p>Planejamento, morfologia e modelagem urbana Trabalha com o processo de planejamento do espa\u00e7o municipal, estudando programas, planos e projetos. A abordagem principal \u00e9 atrav\u00e9s da morfologia urbana, que \u00e9 particularmente investigada mediante recursos de modelagem, geocomputa\u00e7\u00e3o e SIG. Est\u00e3o inclu\u00eddos&#8230; <a class=\"more-link\" href=\"https:\/\/wp.ufpel.edu.br\/laburb\/vertentes-2\/\">Continue lendo &rarr;<\/a><\/p>\n","protected":false},"author":336,"featured_media":0,"parent":0,"menu_order":0,"comment_status":"closed","ping_status":"closed","template":"","meta":{"jetpack_post_was_ever_published":false,"footnotes":""},"class_list":["post-765","page","type-page","status-publish","hentry"],"jetpack_sharing_enabled":true,"jetpack_shortlink":"https:\/\/wp.me\/P8N9kW-cl","_links":{"self":[{"href":"https:\/\/wp.ufpel.edu.br\/laburb\/wp-json\/wp\/v2\/pages\/765","targetHints":{"allow":["GET"]}}],"collection":[{"href":"https:\/\/wp.ufpel.edu.br\/laburb\/wp-json\/wp\/v2\/pages"}],"about":[{"href":"https:\/\/wp.ufpel.edu.br\/laburb\/wp-json\/wp\/v2\/types\/page"}],"author":[{"embeddable":true,"href":"https:\/\/wp.ufpel.edu.br\/laburb\/wp-json\/wp\/v2\/users\/336"}],"replies":[{"embeddable":true,"href":"https:\/\/wp.ufpel.edu.br\/laburb\/wp-json\/wp\/v2\/comments?post=765"}],"version-history":[{"count":3,"href":"https:\/\/wp.ufpel.edu.br\/laburb\/wp-json\/wp\/v2\/pages\/765\/revisions"}],"predecessor-version":[{"id":851,"href":"https:\/\/wp.ufpel.edu.br\/laburb\/wp-json\/wp\/v2\/pages\/765\/revisions\/851"}],"wp:attachment":[{"href":"https:\/\/wp.ufpel.edu.br\/laburb\/wp-json\/wp\/v2\/media?parent=765"}],"curies":[{"name":"wp","href":"https:\/\/api.w.org\/{rel}","templated":true}]}}