{"id":39,"date":"2014-09-18T16:40:59","date_gmt":"2014-09-18T19:40:59","guid":{"rendered":"https:\/\/wp.ufpel.edu.br\/laburb\/?page_id=39"},"modified":"2021-05-15T08:26:26","modified_gmt":"2021-05-15T11:26:26","slug":"extensao","status":"publish","type":"page","link":"https:\/\/wp.ufpel.edu.br\/laburb\/projetos\/extensao\/","title":{"rendered":"Extens\u00e3o"},"content":{"rendered":"<p style=\"text-align: justify\"><strong>2021<\/strong><\/p>\n<p style=\"text-align: justify\"><a href=\"https:\/\/institucional.ufpel.edu.br\/projetos\/id\/u3734\">FAUrb no Bairro: caminhar, ouvir e inscrever-se<\/a><\/p>\n<p style=\"text-align: justify\"><a href=\"https:\/\/institucional.ufpel.edu.br\/projetos\/id\/u4247\">Hist\u00f3rias da FAUrb<\/a><\/p>\n<p style=\"text-align: justify\"><a href=\"https:\/\/institucional.ufpel.edu.br\/projetos\/id\/u4164\">Laboratorio extens\u00e3o Emau Joaobem<\/a><\/p>\n<p style=\"text-align: justify\"><strong>2020<\/strong><\/p>\n<p style=\"text-align: justify\"><a href=\"https:\/\/institucional.ufpel.edu.br\/projetos\/id\/u3490\">Marginalidad, Borde Costero y Ciudad-Puerto 2020<\/a><\/p>\n<p style=\"text-align: justify\"><a href=\"https:\/\/institucional.ufpel.edu.br\/projetos\/id\/u2136\">Planejamento Urbano em Herval, RS<\/a><\/p>\n<p style=\"text-align: justify\"><a href=\"https:\/\/institucional.ufpel.edu.br\/projetos\/id\/u3681\">REDELAB_Rede de Laborat\u00f3rios e Coletivos de Arquitetura, Urbanismo, Design e Tecnologia da UFPel integrados no combate ao COVID_19<\/a><\/p>\n<p style=\"text-align: justify\"><strong>2019<\/strong><\/p>\n<p style=\"text-align: justify\"><a href=\"https:\/\/institucional.ufpel.edu.br\/projetos\/id\/u1711\">Da Arquitetura Ociosa ao Urbanismo Interativo<\/a><\/p>\n<p style=\"text-align: justify\"><strong>2018<\/strong><\/p>\n<p style=\"text-align: justify\"><a href=\"https:\/\/institucional.ufpel.edu.br\/projetos\/id\/u1264\">Planejamento Urbano em Candiota, RS<\/a><\/p>\n<p style=\"text-align: justify\"><a href=\"https:\/\/institucional.ufpel.edu.br\/projetos\/id\/u564\">Planejamento Urbano no Chui-Chuy, na fronteira Brasil e Uruguai<\/a><\/p>\n<p style=\"text-align: justify\"><strong>2017<\/strong><\/p>\n<p style=\"text-align: justify\"><a href=\"https:\/\/institucional.ufpel.edu.br\/projetos\/id\/u306\">Arquitetura e Urbanismo em um contexto de precariedade econ\u00f4mica e social: confrontando o modelo<\/a><\/p>\n<p style=\"text-align: justify\"><a href=\"https:\/\/institucional.ufpel.edu.br\/projetos\/id\/u656\">Ciclo.UFPel<\/a><\/p>\n<p style=\"text-align: justify\"><a href=\"https:\/\/institucional.ufpel.edu.br\/projetos\/id\/u221\">Interven\u00e7\u00f5es e Registros do Urbanismo Contempor\u00e2neo: Revista Pixo<\/a><\/p>\n<p style=\"text-align: justify\"><a href=\"https:\/\/institucional.ufpel.edu.br\/projetos\/id\/u920\">Narrativas latino-americanas. Explorando as rela\u00e7\u00f5es entre Arquitetura, Urbanismo, Literatura e Audiovisual.<\/a><\/p>\n<p style=\"text-align: justify\"><a href=\"https:\/\/institucional.ufpel.edu.br\/projetos\/id\/u196\">O para-formal na fronteira Brasil-Uruguay: controv\u00e9rsias e media\u00e7\u00f5es no espa\u00e7o p\u00fablico<\/a><\/p>\n<p style=\"text-align: justify\"><a href=\"https:\/\/institucional.ufpel.edu.br\/projetos\/id\/u461\">Projeto de Urbaniza\u00e7\u00e3o da Ocupa\u00e7\u00e3o Uruguai: articula\u00e7\u00e3o entre o direito \u00e0 cidade e \u00e0 Assist\u00eancia T\u00e9cnica em Arquitetura e Urbanismo<\/a><\/p>\n<p style=\"text-align: justify\"><a href=\"https:\/\/institucional.ufpel.edu.br\/projetos\/id\/u197\">Rede Interuniversit\u00e1ria de estudos s\u00f3cio territoriais e inclus\u00e3o social com enfase em \u00e1reas rurais e pequenas localidades<\/a><\/p>\n","protected":false},"excerpt":{"rendered":"<p>2021 FAUrb no Bairro: caminhar, ouvir e inscrever-se Hist\u00f3rias da FAUrb Laboratorio extens\u00e3o Emau Joaobem 2020 Marginalidad, Borde Costero y Ciudad-Puerto 2020 Planejamento Urbano em Herval, RS REDELAB_Rede de Laborat\u00f3rios e Coletivos de Arquitetura, Urbanismo, Design e Tecnologia da UFPel&#8230; <a class=\"more-link\" href=\"https:\/\/wp.ufpel.edu.br\/laburb\/projetos\/extensao\/\">Continue lendo &rarr;<\/a><\/p>\n","protected":false},"author":336,"featured_media":0,"parent":73,"menu_order":3,"comment_status":"closed","ping_status":"closed","template":"","meta":{"jetpack_post_was_ever_published":false,"footnotes":""},"class_list":["post-39","page","type-page","status-publish","hentry"],"jetpack_sharing_enabled":true,"jetpack_shortlink":"https:\/\/wp.me\/P8N9kW-D","_links":{"self":[{"href":"https:\/\/wp.ufpel.edu.br\/laburb\/wp-json\/wp\/v2\/pages\/39","targetHints":{"allow":["GET"]}}],"collection":[{"href":"https:\/\/wp.ufpel.edu.br\/laburb\/wp-json\/wp\/v2\/pages"}],"about":[{"href":"https:\/\/wp.ufpel.edu.br\/laburb\/wp-json\/wp\/v2\/types\/page"}],"author":[{"embeddable":true,"href":"https:\/\/wp.ufpel.edu.br\/laburb\/wp-json\/wp\/v2\/users\/336"}],"replies":[{"embeddable":true,"href":"https:\/\/wp.ufpel.edu.br\/laburb\/wp-json\/wp\/v2\/comments?post=39"}],"version-history":[{"count":6,"href":"https:\/\/wp.ufpel.edu.br\/laburb\/wp-json\/wp\/v2\/pages\/39\/revisions"}],"predecessor-version":[{"id":970,"href":"https:\/\/wp.ufpel.edu.br\/laburb\/wp-json\/wp\/v2\/pages\/39\/revisions\/970"}],"up":[{"embeddable":true,"href":"https:\/\/wp.ufpel.edu.br\/laburb\/wp-json\/wp\/v2\/pages\/73"}],"wp:attachment":[{"href":"https:\/\/wp.ufpel.edu.br\/laburb\/wp-json\/wp\/v2\/media?parent=39"}],"curies":[{"name":"wp","href":"https:\/\/api.w.org\/{rel}","templated":true}]}}